{"id":3457,"date":"2025-01-17T12:28:46","date_gmt":"2025-01-17T12:28:46","guid":{"rendered":"https:\/\/loja.emmersonstudio.com.br\/home\/produto\/web-play-openxc-black\/"},"modified":"2025-05-09T21:39:41","modified_gmt":"2025-05-09T21:39:41","slug":"1800-prompts-de-comando","status":"publish","type":"product","link":"https:\/\/loja.emmersonstudio.com.br\/home\/produto\/1800-prompts-de-comando\/","title":{"rendered":"Pack +1800 Prompts De Comando Secretos Chat Gpt"},"content":{"rendered":"<h2 class=\"text-bold\">Descri\u00e7\u00e3o<\/h2>\n<p>Pack +1800 Prompts De Comando Secretos Chat Gpt &#8211; Servi\u00e7os Digitais<\/p>\n<div id=\"divDescription\">\n<div>Descubra o segredo para desbloquear sua criatividade ilimitada! Apresentamos os 1500 prompts do ChatGPT, a ferramenta revolucion\u00e1ria que vai levar o sucesso dos seus projetos a um novo patamar!<\/div>\n<div>Imagine ter em suas m\u00e3os uma fonte inesgot\u00e1vel de ideias e inspira\u00e7\u00e3o. Com os 1500 prompts do ChatGPT, voc\u00ea ter\u00e1 acesso a uma vasta gama de sugest\u00f5es de conversas geradas por intelig\u00eancia artificial, que ir\u00e3o impulsionar sua criatividade e acelerar seus resultados.<\/div>\n<div>Esque\u00e7a a falta de inspira\u00e7\u00e3o e a dificuldade em criar conte\u00fados cativantes. Com o ChatGPT, voc\u00ea ter\u00e1 \u00e0 disposi\u00e7\u00e3o prompts customiz\u00e1veis que podem ser adaptados para qualquer nicho ou ind\u00fastria. Seja voc\u00ea um empreendedor, escritor, profissional de marketing ou simplesmente algu\u00e9m em busca de ideias criativas, o ChatGPT \u00e9 a solu\u00e7\u00e3o perfeita.<\/div>\n<div>Al\u00e9m disso, os prompts do ChatGPT s\u00e3o f\u00e1ceis de usar e podem ser integrados em suas atividades cotidianas. N\u00e3o perca tempo tentando criar do zero, quando voc\u00ea pode ter 1500 prompts prontos para usar e transformar suas ideias em realidade.<\/div>\n<div><\/div>\n<div>D\u00ea uma conferida em algumas \u00e1reas que podem ser utilizadas para gera\u00e7\u00e3o de conte\u00fado atrav\u00e9s desses prompts:<\/div>\n<div><\/div>\n<div># COPYWRITING<\/div>\n<div># EMAIL MARKETING<\/div>\n<div># FACEBOOK ADS<\/div>\n<div># INFLUENCER MARKETING<\/div>\n<div># LINKEDIN MARKETING<\/div>\n<div># SEO<\/div>\n<div># SOCIAL MIDIA<\/div>\n<div># SUPORTE AO CLIENTE<\/div>\n<div># TIKTOK MARKETING<\/div>\n<div># TWITTER MARKETING<\/div>\n<div># WEBSITE<\/div>\n<div># [conte\u00fado removido] APP<\/div>\n<div># YOUTUBE MARKETING<\/div>\n<div>e mais&#8230;<\/div>\n<\/div>\n","protected":false},"excerpt":{"rendered":"<h4><strong>O que \u00e9 o Web Play OpenXC Black?<\/strong><\/h4>\n<p>O Web Play OpenXC Black \u00e9 um script desenvolvido para revendedores de servi\u00e7os de streaming, com o prop\u00f3sito de oferecer um Web Play exclusivo para seus clientes!<\/p>\n<h4><strong>Como funciona o Web Play OpenXC Black?<\/strong><\/h4>\n<p>O Web Play OpenXC Black apresenta uma instala\u00e7\u00e3o simples, o qual pode ser habilmente instalado em uma VPS ou hospedagem CPANEL. Esse script \u00e9 fundamental para clientes acessarem todo o conteudo atrav\u00e9s dos principais navegadores web.<\/p>\n","protected":false},"featured_media":3585,"template":"","meta":{"om_disable_all_campaigns":false,"_monsterinsights_skip_tracking":false,"_monsterinsights_sitenote_active":false,"_monsterinsights_sitenote_note":"","_monsterinsights_sitenote_category":0,"_joinchat":{"telephone":"+5573982066838"}},"product_cat":[220,154],"product_tag":[],"class_list":{"0":"post-3457","1":"product","2":"type-product","3":"status-publish","4":"has-post-thumbnail","6":"product_cat-ibo","7":"product_cat-iptv","9":"first","10":"instock","11":"downloadable","12":"taxable","13":"shipping-taxable","14":"purchasable","15":"product-type-simple"},"aioseo_notices":[],"yoast_head":"<!-- This site is optimized with the Yoast SEO Premium plugin v23.7 (Yoast SEO v23.6) - https:\/\/yoast.com\/wordpress\/plugins\/seo\/ -->\n<title>Pack +1800 Prompts De Comando Secretos Chat Gpt - Produtos Digitais<\/title>\n<meta name=\"robots\" content=\"index, follow, max-snippet:-1, max-image-preview:large, max-video-preview:-1\" \/>\n<link rel=\"canonical\" href=\"https:\/\/loja.emmersonstudio.com.br\/home\/produto\/1800-prompts-de-comando\/\" \/>\n<meta property=\"og:locale\" content=\"pt_BR\" \/>\n<meta property=\"og:type\" content=\"article\" \/>\n<meta property=\"og:title\" content=\"Pack +1800 Prompts De Comando Secretos Chat Gpt\" \/>\n<meta property=\"og:description\" content=\"O que \u00e9 o Web Play OpenXC Black? O Web Play OpenXC Black \u00e9 um script desenvolvido para revendedores de servi\u00e7os de streaming, com o prop\u00f3sito de oferecer um Web Play exclusivo para seus clientes! Como funciona o Web Play OpenXC Black? O Web Play OpenXC Black apresenta uma instala\u00e7\u00e3o simples, o qual pode ser habilmente instalado em uma VPS ou hospedagem CPANEL. Esse script \u00e9 fundamental para clientes acessarem todo o conteudo atrav\u00e9s dos principais navegadores web.\" \/>\n<meta property=\"og:url\" content=\"https:\/\/loja.emmersonstudio.com.br\/home\/produto\/1800-prompts-de-comando\/\" \/>\n<meta property=\"og:site_name\" content=\"Produtos Digitais\" \/>\n<meta property=\"article:modified_time\" content=\"2025-05-09T21:39:41+00:00\" \/>\n<meta property=\"og:image\" content=\"https:\/\/loja.emmersonstudio.com.br\/home\/wp-content\/uploads\/2025\/01\/970471537-pack-1-650-prompts-de-comando-secretos-chat-gpt-33CK.webp\" \/>\n\t<meta property=\"og:image:width\" content=\"600\" \/>\n\t<meta property=\"og:image:height\" content=\"600\" \/>\n\t<meta property=\"og:image:type\" content=\"image\/webp\" \/>\n<meta name=\"twitter:card\" content=\"summary_large_image\" \/>\n<meta name=\"twitter:label1\" content=\"Est. tempo de leitura\" \/>\n\t<meta name=\"twitter:data1\" content=\"2 minutos\" \/>\n<script type=\"application\/ld+json\" class=\"yoast-schema-graph\">{\"@context\":\"https:\/\/schema.org\",\"@graph\":[{\"@type\":\"WebPage\",\"@id\":\"https:\/\/loja.emmersonstudio.com.br\/home\/produto\/1800-prompts-de-comando\/\",\"url\":\"https:\/\/loja.emmersonstudio.com.br\/home\/produto\/1800-prompts-de-comando\/\",\"name\":\"Pack +1800 Prompts De Comando Secretos Chat Gpt - Produtos Digitais\",\"isPartOf\":{\"@id\":\"https:\/\/loja.emmersonstudio.com.br\/home\/#website\"},\"primaryImageOfPage\":{\"@id\":\"https:\/\/loja.emmersonstudio.com.br\/home\/produto\/1800-prompts-de-comando\/#primaryimage\"},\"image\":{\"@id\":\"https:\/\/loja.emmersonstudio.com.br\/home\/produto\/1800-prompts-de-comando\/#primaryimage\"},\"thumbnailUrl\":\"https:\/\/loja.emmersonstudio.com.br\/home\/wp-content\/uploads\/2025\/01\/970471537-pack-1-650-prompts-de-comando-secretos-chat-gpt-33CK.webp\",\"datePublished\":\"2025-01-17T12:28:46+00:00\",\"dateModified\":\"2025-05-09T21:39:41+00:00\",\"breadcrumb\":{\"@id\":\"https:\/\/loja.emmersonstudio.com.br\/home\/produto\/1800-prompts-de-comando\/#breadcrumb\"},\"inLanguage\":\"pt-BR\",\"potentialAction\":[{\"@type\":\"ReadAction\",\"target\":[\"https:\/\/loja.emmersonstudio.com.br\/home\/produto\/1800-prompts-de-comando\/\"]}]},{\"@type\":\"ImageObject\",\"inLanguage\":\"pt-BR\",\"@id\":\"https:\/\/loja.emmersonstudio.com.br\/home\/produto\/1800-prompts-de-comando\/#primaryimage\",\"url\":\"https:\/\/loja.emmersonstudio.com.br\/home\/wp-content\/uploads\/2025\/01\/970471537-pack-1-650-prompts-de-comando-secretos-chat-gpt-33CK.webp\",\"contentUrl\":\"https:\/\/loja.emmersonstudio.com.br\/home\/wp-content\/uploads\/2025\/01\/970471537-pack-1-650-prompts-de-comando-secretos-chat-gpt-33CK.webp\",\"width\":600,\"height\":600},{\"@type\":\"BreadcrumbList\",\"@id\":\"https:\/\/loja.emmersonstudio.com.br\/home\/produto\/1800-prompts-de-comando\/#breadcrumb\",\"itemListElement\":[{\"@type\":\"ListItem\",\"position\":1,\"name\":\"Home\",\"item\":\"https:\/\/loja.emmersonstudio.com.br\/home\/\"},{\"@type\":\"ListItem\",\"position\":2,\"name\":\"Loja\",\"item\":\"https:\/\/loja.emmersonstudio.com.br\/home\/loja\/\"},{\"@type\":\"ListItem\",\"position\":3,\"name\":\"Pack +1800 Prompts De Comando Secretos Chat Gpt\"}]},{\"@type\":\"WebSite\",\"@id\":\"https:\/\/loja.emmersonstudio.com.br\/home\/#website\",\"url\":\"https:\/\/loja.emmersonstudio.com.br\/home\/\",\"name\":\"LOJA DOS SCRIPTS\",\"description\":\"\",\"publisher\":{\"@id\":\"https:\/\/loja.emmersonstudio.com.br\/home\/#\/schema\/person\/e7a723a212fc0c6c60a0734892d60ac1\"},\"potentialAction\":[{\"@type\":\"SearchAction\",\"target\":{\"@type\":\"EntryPoint\",\"urlTemplate\":\"https:\/\/loja.emmersonstudio.com.br\/home\/?s={search_term_string}\"},\"query-input\":{\"@type\":\"PropertyValueSpecification\",\"valueRequired\":true,\"valueName\":\"search_term_string\"}}],\"inLanguage\":\"pt-BR\"},{\"@type\":[\"Person\",\"Organization\"],\"@id\":\"https:\/\/loja.emmersonstudio.com.br\/home\/#\/schema\/person\/e7a723a212fc0c6c60a0734892d60ac1\",\"name\":\"admin\",\"image\":{\"@type\":\"ImageObject\",\"inLanguage\":\"pt-BR\",\"@id\":\"https:\/\/loja.emmersonstudio.com.br\/home\/#\/schema\/person\/image\/\",\"url\":\"https:\/\/loja.emmersonstudio.com.br\/home\/wp-content\/uploads\/2023\/10\/Design-sem-nome-2.png\",\"contentUrl\":\"https:\/\/loja.emmersonstudio.com.br\/home\/wp-content\/uploads\/2023\/10\/Design-sem-nome-2.png\",\"width\":512,\"height\":250,\"caption\":\"admin\"},\"logo\":{\"@id\":\"https:\/\/loja.emmersonstudio.com.br\/home\/#\/schema\/person\/image\/\"},\"sameAs\":[\"https:\/\/loja.emmersonstudio.com.br\/home\"]}]}<\/script>\n<!-- \/ Yoast SEO Premium plugin. -->","yoast_head_json":{"title":"Pack +1800 Prompts De Comando Secretos Chat Gpt - Produtos Digitais","robots":{"index":"index","follow":"follow","max-snippet":"max-snippet:-1","max-image-preview":"max-image-preview:large","max-video-preview":"max-video-preview:-1"},"canonical":"https:\/\/loja.emmersonstudio.com.br\/home\/produto\/1800-prompts-de-comando\/","og_locale":"pt_BR","og_type":"article","og_title":"Pack +1800 Prompts De Comando Secretos Chat Gpt","og_description":"O que \u00e9 o Web Play OpenXC Black? O Web Play OpenXC Black \u00e9 um script desenvolvido para revendedores de servi\u00e7os de streaming, com o prop\u00f3sito de oferecer um Web Play exclusivo para seus clientes! Como funciona o Web Play OpenXC Black? O Web Play OpenXC Black apresenta uma instala\u00e7\u00e3o simples, o qual pode ser habilmente instalado em uma VPS ou hospedagem CPANEL. Esse script \u00e9 fundamental para clientes acessarem todo o conteudo atrav\u00e9s dos principais navegadores web.","og_url":"https:\/\/loja.emmersonstudio.com.br\/home\/produto\/1800-prompts-de-comando\/","og_site_name":"Produtos Digitais","article_modified_time":"2025-05-09T21:39:41+00:00","og_image":[{"width":600,"height":600,"url":"https:\/\/loja.emmersonstudio.com.br\/home\/wp-content\/uploads\/2025\/01\/970471537-pack-1-650-prompts-de-comando-secretos-chat-gpt-33CK.webp","type":"image\/webp"}],"twitter_card":"summary_large_image","twitter_misc":{"Est. tempo de leitura":"2 minutos"},"schema":{"@context":"https:\/\/schema.org","@graph":[{"@type":"WebPage","@id":"https:\/\/loja.emmersonstudio.com.br\/home\/produto\/1800-prompts-de-comando\/","url":"https:\/\/loja.emmersonstudio.com.br\/home\/produto\/1800-prompts-de-comando\/","name":"Pack +1800 Prompts De Comando Secretos Chat Gpt - Produtos Digitais","isPartOf":{"@id":"https:\/\/loja.emmersonstudio.com.br\/home\/#website"},"primaryImageOfPage":{"@id":"https:\/\/loja.emmersonstudio.com.br\/home\/produto\/1800-prompts-de-comando\/#primaryimage"},"image":{"@id":"https:\/\/loja.emmersonstudio.com.br\/home\/produto\/1800-prompts-de-comando\/#primaryimage"},"thumbnailUrl":"https:\/\/loja.emmersonstudio.com.br\/home\/wp-content\/uploads\/2025\/01\/970471537-pack-1-650-prompts-de-comando-secretos-chat-gpt-33CK.webp","datePublished":"2025-01-17T12:28:46+00:00","dateModified":"2025-05-09T21:39:41+00:00","breadcrumb":{"@id":"https:\/\/loja.emmersonstudio.com.br\/home\/produto\/1800-prompts-de-comando\/#breadcrumb"},"inLanguage":"pt-BR","potentialAction":[{"@type":"ReadAction","target":["https:\/\/loja.emmersonstudio.com.br\/home\/produto\/1800-prompts-de-comando\/"]}]},{"@type":"ImageObject","inLanguage":"pt-BR","@id":"https:\/\/loja.emmersonstudio.com.br\/home\/produto\/1800-prompts-de-comando\/#primaryimage","url":"https:\/\/loja.emmersonstudio.com.br\/home\/wp-content\/uploads\/2025\/01\/970471537-pack-1-650-prompts-de-comando-secretos-chat-gpt-33CK.webp","contentUrl":"https:\/\/loja.emmersonstudio.com.br\/home\/wp-content\/uploads\/2025\/01\/970471537-pack-1-650-prompts-de-comando-secretos-chat-gpt-33CK.webp","width":600,"height":600},{"@type":"BreadcrumbList","@id":"https:\/\/loja.emmersonstudio.com.br\/home\/produto\/1800-prompts-de-comando\/#breadcrumb","itemListElement":[{"@type":"ListItem","position":1,"name":"Home","item":"https:\/\/loja.emmersonstudio.com.br\/home\/"},{"@type":"ListItem","position":2,"name":"Loja","item":"https:\/\/loja.emmersonstudio.com.br\/home\/loja\/"},{"@type":"ListItem","position":3,"name":"Pack +1800 Prompts De Comando Secretos Chat Gpt"}]},{"@type":"WebSite","@id":"https:\/\/loja.emmersonstudio.com.br\/home\/#website","url":"https:\/\/loja.emmersonstudio.com.br\/home\/","name":"LOJA DOS SCRIPTS","description":"","publisher":{"@id":"https:\/\/loja.emmersonstudio.com.br\/home\/#\/schema\/person\/e7a723a212fc0c6c60a0734892d60ac1"},"potentialAction":[{"@type":"SearchAction","target":{"@type":"EntryPoint","urlTemplate":"https:\/\/loja.emmersonstudio.com.br\/home\/?s={search_term_string}"},"query-input":{"@type":"PropertyValueSpecification","valueRequired":true,"valueName":"search_term_string"}}],"inLanguage":"pt-BR"},{"@type":["Person","Organization"],"@id":"https:\/\/loja.emmersonstudio.com.br\/home\/#\/schema\/person\/e7a723a212fc0c6c60a0734892d60ac1","name":"admin","image":{"@type":"ImageObject","inLanguage":"pt-BR","@id":"https:\/\/loja.emmersonstudio.com.br\/home\/#\/schema\/person\/image\/","url":"https:\/\/loja.emmersonstudio.com.br\/home\/wp-content\/uploads\/2023\/10\/Design-sem-nome-2.png","contentUrl":"https:\/\/loja.emmersonstudio.com.br\/home\/wp-content\/uploads\/2023\/10\/Design-sem-nome-2.png","width":512,"height":250,"caption":"admin"},"logo":{"@id":"https:\/\/loja.emmersonstudio.com.br\/home\/#\/schema\/person\/image\/"},"sameAs":["https:\/\/loja.emmersonstudio.com.br\/home"]}]}},"_links":{"self":[{"href":"https:\/\/loja.emmersonstudio.com.br\/home\/wp-json\/wp\/v2\/product\/3457","targetHints":{"allow":["GET"]}}],"collection":[{"href":"https:\/\/loja.emmersonstudio.com.br\/home\/wp-json\/wp\/v2\/product"}],"about":[{"href":"https:\/\/loja.emmersonstudio.com.br\/home\/wp-json\/wp\/v2\/types\/product"}],"wp:featuredmedia":[{"embeddable":true,"href":"https:\/\/loja.emmersonstudio.com.br\/home\/wp-json\/wp\/v2\/media\/3585"}],"wp:attachment":[{"href":"https:\/\/loja.emmersonstudio.com.br\/home\/wp-json\/wp\/v2\/media?parent=3457"}],"wp:term":[{"taxonomy":"product_cat","embeddable":true,"href":"https:\/\/loja.emmersonstudio.com.br\/home\/wp-json\/wp\/v2\/product_cat?post=3457"},{"taxonomy":"product_tag","embeddable":true,"href":"https:\/\/loja.emmersonstudio.com.br\/home\/wp-json\/wp\/v2\/product_tag?post=3457"}],"curies":[{"name":"wp","href":"https:\/\/api.w.org\/{rel}","templated":true}]}}