{"id":3455,"date":"2025-01-17T12:28:44","date_gmt":"2025-01-17T12:28:44","guid":{"rendered":"https:\/\/loja.emmersonstudio.com.br\/home\/produto\/gerenciador-ibo-9xtream-39-0-1-aplicativo-proprio\/"},"modified":"2025-05-10T17:35:04","modified_gmt":"2025-05-10T17:35:04","slug":"efeitos-impacto","status":"publish","type":"product","link":"https:\/\/loja.emmersonstudio.com.br\/home\/produto\/efeitos-impacto\/","title":{"rendered":"Pack  Sonoros EFEITOS IMPACTO"},"content":{"rendered":"<p><strong>EFEITOS IMPACTO\u00a0<\/strong><\/p>\n<p><strong>TOTAL: 91 ARQUIVOS<\/strong><\/p>\n<p>&nbsp;<\/p>\n<p>\ud83d\udd39 <strong data-start=\"463\" data-end=\"502\">Produto Digital &#8211; Download Imediato<\/strong><br data-start=\"502\" data-end=\"505\" \/>Ap\u00f3s a confirma\u00e7\u00e3o do pagamento, o acesso ao material \u00e9 liberado automaticamente.<br data-start=\"588\" data-end=\"591\" \/>Por se tratar de um conte\u00fado 100% digital, <strong data-start=\"636\" data-end=\"724\">n\u00e3o h\u00e1 possibilidade de reembolso em caso de desist\u00eancia ou arrependimento da compra<\/strong>, conforme previsto no C\u00f3digo de Defesa do Consumidor.<\/p>\n","protected":false},"excerpt":{"rendered":"<p><img decoding=\"async\" class=\"size-full wp-image-11700\" src=\"https:\/\/scriptstore.com.br\/wp-content\/uploads\/2023\/08\/demo2.png\" alt=\"\" width=\"250\" height=\"75\" \/><\/p>\n<p>O Ibo 9XTREAM 39.0.1 \u00a0\u00e9 um aplicativo completo para gerenciamento de servi\u00e7os IPTV, projetado para proporcionar total controle e personaliza\u00e7\u00e3o para masters, o aplicativo \u00e9 r\u00e1pido, fluido e de f\u00e1cil acesso, oferecendo uma experi\u00eancia pr\u00e1tica e eficiente para assistir filmes, s\u00e9ries e canais. O painel de controle intuitivo permite que cada n\u00edvel de usu\u00e1rio gerencie suas opera\u00e7\u00f5es de forma personalizada.<\/p>\n<p>**\ud83d\udd30 Funcionalidades para Master \ud83d\udd30**<\/p>\n<p>\u2705 Adicionar usu\u00e1rios via LOGIN E SENHA<\/p>\n<p>\u2705 DNS ilimitado<\/p>\n<p><b>Requisitos<\/b><\/p>\n<p>Hospedagem cPanel (para o painel do Apk)<br \/>\nPHP 7.4<br \/>\nAplicativo editor (para modifica\u00e7\u00f5es do Apk)<\/p>\n","protected":false},"featured_media":3183,"template":"","meta":{"om_disable_all_campaigns":false,"_monsterinsights_skip_tracking":false,"_monsterinsights_sitenote_active":false,"_monsterinsights_sitenote_note":"","_monsterinsights_sitenote_category":0,"_joinchat":{"telephone":"+5573982066838"}},"product_cat":[154,202,136],"product_tag":[],"class_list":{"0":"post-3455","1":"product","2":"type-product","3":"status-publish","4":"has-post-thumbnail","6":"product_cat-iptv","7":"product_cat-packs","8":"product_cat-todos-produtos","10":"first","11":"instock","12":"downloadable","13":"taxable","14":"shipping-taxable","15":"purchasable","16":"product-type-simple"},"aioseo_notices":[],"yoast_head":"<!-- This site is optimized with the Yoast SEO Premium plugin v23.7 (Yoast SEO v23.6) - https:\/\/yoast.com\/wordpress\/plugins\/seo\/ -->\n<title>Pack Sonoros EFEITOS IMPACTO - Produtos Digitais<\/title>\n<meta name=\"robots\" content=\"index, follow, max-snippet:-1, max-image-preview:large, max-video-preview:-1\" \/>\n<link rel=\"canonical\" href=\"https:\/\/loja.emmersonstudio.com.br\/home\/produto\/efeitos-impacto\/\" \/>\n<meta property=\"og:locale\" content=\"pt_BR\" \/>\n<meta property=\"og:type\" content=\"article\" \/>\n<meta property=\"og:title\" content=\"Pack Sonoros EFEITOS IMPACTO\" \/>\n<meta property=\"og:description\" content=\"O Ibo 9XTREAM 39.0.1 \u00a0\u00e9 um aplicativo completo para gerenciamento de servi\u00e7os IPTV, projetado para proporcionar total controle e personaliza\u00e7\u00e3o para masters, o aplicativo \u00e9 r\u00e1pido, fluido e de f\u00e1cil acesso, oferecendo uma experi\u00eancia pr\u00e1tica e eficiente para assistir filmes, s\u00e9ries e canais. O painel de controle intuitivo permite que cada n\u00edvel de usu\u00e1rio gerencie suas opera\u00e7\u00f5es de forma personalizada.  **\ud83d\udd30 Funcionalidades para Master \ud83d\udd30**  \u2705 Adicionar usu\u00e1rios via LOGIN E SENHA  \u2705 DNS ilimitado  Requisitos  Hospedagem cPanel (para o painel do Apk) PHP 7.4 Aplicativo editor (para modifica\u00e7\u00f5es do Apk)\" \/>\n<meta property=\"og:url\" content=\"https:\/\/loja.emmersonstudio.com.br\/home\/produto\/efeitos-impacto\/\" \/>\n<meta property=\"og:site_name\" content=\"Produtos Digitais\" \/>\n<meta property=\"article:modified_time\" content=\"2025-05-10T17:35:04+00:00\" \/>\n<meta property=\"og:image\" content=\"https:\/\/loja.emmersonstudio.com.br\/home\/wp-content\/uploads\/2024\/12\/05-produto.png\" \/>\n\t<meta property=\"og:image:width\" content=\"1024\" \/>\n\t<meta property=\"og:image:height\" content=\"1024\" \/>\n\t<meta property=\"og:image:type\" content=\"image\/png\" \/>\n<meta name=\"twitter:card\" content=\"summary_large_image\" \/>\n<meta name=\"twitter:label1\" content=\"Est. tempo de leitura\" \/>\n\t<meta name=\"twitter:data1\" content=\"1 minuto\" \/>\n<script type=\"application\/ld+json\" class=\"yoast-schema-graph\">{\"@context\":\"https:\/\/schema.org\",\"@graph\":[{\"@type\":\"WebPage\",\"@id\":\"https:\/\/loja.emmersonstudio.com.br\/home\/produto\/efeitos-impacto\/\",\"url\":\"https:\/\/loja.emmersonstudio.com.br\/home\/produto\/efeitos-impacto\/\",\"name\":\"Pack Sonoros EFEITOS IMPACTO - Produtos Digitais\",\"isPartOf\":{\"@id\":\"https:\/\/loja.emmersonstudio.com.br\/home\/#website\"},\"primaryImageOfPage\":{\"@id\":\"https:\/\/loja.emmersonstudio.com.br\/home\/produto\/efeitos-impacto\/#primaryimage\"},\"image\":{\"@id\":\"https:\/\/loja.emmersonstudio.com.br\/home\/produto\/efeitos-impacto\/#primaryimage\"},\"thumbnailUrl\":\"https:\/\/loja.emmersonstudio.com.br\/home\/wp-content\/uploads\/2024\/12\/05-produto.png\",\"datePublished\":\"2025-01-17T12:28:44+00:00\",\"dateModified\":\"2025-05-10T17:35:04+00:00\",\"breadcrumb\":{\"@id\":\"https:\/\/loja.emmersonstudio.com.br\/home\/produto\/efeitos-impacto\/#breadcrumb\"},\"inLanguage\":\"pt-BR\",\"potentialAction\":[{\"@type\":\"ReadAction\",\"target\":[\"https:\/\/loja.emmersonstudio.com.br\/home\/produto\/efeitos-impacto\/\"]}]},{\"@type\":\"ImageObject\",\"inLanguage\":\"pt-BR\",\"@id\":\"https:\/\/loja.emmersonstudio.com.br\/home\/produto\/efeitos-impacto\/#primaryimage\",\"url\":\"https:\/\/loja.emmersonstudio.com.br\/home\/wp-content\/uploads\/2024\/12\/05-produto.png\",\"contentUrl\":\"https:\/\/loja.emmersonstudio.com.br\/home\/wp-content\/uploads\/2024\/12\/05-produto.png\",\"width\":1024,\"height\":1024},{\"@type\":\"BreadcrumbList\",\"@id\":\"https:\/\/loja.emmersonstudio.com.br\/home\/produto\/efeitos-impacto\/#breadcrumb\",\"itemListElement\":[{\"@type\":\"ListItem\",\"position\":1,\"name\":\"Home\",\"item\":\"https:\/\/loja.emmersonstudio.com.br\/home\/\"},{\"@type\":\"ListItem\",\"position\":2,\"name\":\"Loja\",\"item\":\"https:\/\/loja.emmersonstudio.com.br\/home\/loja\/\"},{\"@type\":\"ListItem\",\"position\":3,\"name\":\"Pack Sonoros EFEITOS IMPACTO\"}]},{\"@type\":\"WebSite\",\"@id\":\"https:\/\/loja.emmersonstudio.com.br\/home\/#website\",\"url\":\"https:\/\/loja.emmersonstudio.com.br\/home\/\",\"name\":\"LOJA DOS SCRIPTS\",\"description\":\"\",\"publisher\":{\"@id\":\"https:\/\/loja.emmersonstudio.com.br\/home\/#\/schema\/person\/e7a723a212fc0c6c60a0734892d60ac1\"},\"potentialAction\":[{\"@type\":\"SearchAction\",\"target\":{\"@type\":\"EntryPoint\",\"urlTemplate\":\"https:\/\/loja.emmersonstudio.com.br\/home\/?s={search_term_string}\"},\"query-input\":{\"@type\":\"PropertyValueSpecification\",\"valueRequired\":true,\"valueName\":\"search_term_string\"}}],\"inLanguage\":\"pt-BR\"},{\"@type\":[\"Person\",\"Organization\"],\"@id\":\"https:\/\/loja.emmersonstudio.com.br\/home\/#\/schema\/person\/e7a723a212fc0c6c60a0734892d60ac1\",\"name\":\"admin\",\"image\":{\"@type\":\"ImageObject\",\"inLanguage\":\"pt-BR\",\"@id\":\"https:\/\/loja.emmersonstudio.com.br\/home\/#\/schema\/person\/image\/\",\"url\":\"https:\/\/loja.emmersonstudio.com.br\/home\/wp-content\/uploads\/2023\/10\/Design-sem-nome-2.png\",\"contentUrl\":\"https:\/\/loja.emmersonstudio.com.br\/home\/wp-content\/uploads\/2023\/10\/Design-sem-nome-2.png\",\"width\":512,\"height\":250,\"caption\":\"admin\"},\"logo\":{\"@id\":\"https:\/\/loja.emmersonstudio.com.br\/home\/#\/schema\/person\/image\/\"},\"sameAs\":[\"https:\/\/loja.emmersonstudio.com.br\/home\"]}]}<\/script>\n<!-- \/ Yoast SEO Premium plugin. -->","yoast_head_json":{"title":"Pack Sonoros EFEITOS IMPACTO - Produtos Digitais","robots":{"index":"index","follow":"follow","max-snippet":"max-snippet:-1","max-image-preview":"max-image-preview:large","max-video-preview":"max-video-preview:-1"},"canonical":"https:\/\/loja.emmersonstudio.com.br\/home\/produto\/efeitos-impacto\/","og_locale":"pt_BR","og_type":"article","og_title":"Pack Sonoros EFEITOS IMPACTO","og_description":"O Ibo 9XTREAM 39.0.1 \u00a0\u00e9 um aplicativo completo para gerenciamento de servi\u00e7os IPTV, projetado para proporcionar total controle e personaliza\u00e7\u00e3o para masters, o aplicativo \u00e9 r\u00e1pido, fluido e de f\u00e1cil acesso, oferecendo uma experi\u00eancia pr\u00e1tica e eficiente para assistir filmes, s\u00e9ries e canais. O painel de controle intuitivo permite que cada n\u00edvel de usu\u00e1rio gerencie suas opera\u00e7\u00f5es de forma personalizada.  **\ud83d\udd30 Funcionalidades para Master \ud83d\udd30**  \u2705 Adicionar usu\u00e1rios via LOGIN E SENHA  \u2705 DNS ilimitado  Requisitos  Hospedagem cPanel (para o painel do Apk) PHP 7.4 Aplicativo editor (para modifica\u00e7\u00f5es do Apk)","og_url":"https:\/\/loja.emmersonstudio.com.br\/home\/produto\/efeitos-impacto\/","og_site_name":"Produtos Digitais","article_modified_time":"2025-05-10T17:35:04+00:00","og_image":[{"width":1024,"height":1024,"url":"https:\/\/loja.emmersonstudio.com.br\/home\/wp-content\/uploads\/2024\/12\/05-produto.png","type":"image\/png"}],"twitter_card":"summary_large_image","twitter_misc":{"Est. tempo de leitura":"1 minuto"},"schema":{"@context":"https:\/\/schema.org","@graph":[{"@type":"WebPage","@id":"https:\/\/loja.emmersonstudio.com.br\/home\/produto\/efeitos-impacto\/","url":"https:\/\/loja.emmersonstudio.com.br\/home\/produto\/efeitos-impacto\/","name":"Pack Sonoros EFEITOS IMPACTO - Produtos Digitais","isPartOf":{"@id":"https:\/\/loja.emmersonstudio.com.br\/home\/#website"},"primaryImageOfPage":{"@id":"https:\/\/loja.emmersonstudio.com.br\/home\/produto\/efeitos-impacto\/#primaryimage"},"image":{"@id":"https:\/\/loja.emmersonstudio.com.br\/home\/produto\/efeitos-impacto\/#primaryimage"},"thumbnailUrl":"https:\/\/loja.emmersonstudio.com.br\/home\/wp-content\/uploads\/2024\/12\/05-produto.png","datePublished":"2025-01-17T12:28:44+00:00","dateModified":"2025-05-10T17:35:04+00:00","breadcrumb":{"@id":"https:\/\/loja.emmersonstudio.com.br\/home\/produto\/efeitos-impacto\/#breadcrumb"},"inLanguage":"pt-BR","potentialAction":[{"@type":"ReadAction","target":["https:\/\/loja.emmersonstudio.com.br\/home\/produto\/efeitos-impacto\/"]}]},{"@type":"ImageObject","inLanguage":"pt-BR","@id":"https:\/\/loja.emmersonstudio.com.br\/home\/produto\/efeitos-impacto\/#primaryimage","url":"https:\/\/loja.emmersonstudio.com.br\/home\/wp-content\/uploads\/2024\/12\/05-produto.png","contentUrl":"https:\/\/loja.emmersonstudio.com.br\/home\/wp-content\/uploads\/2024\/12\/05-produto.png","width":1024,"height":1024},{"@type":"BreadcrumbList","@id":"https:\/\/loja.emmersonstudio.com.br\/home\/produto\/efeitos-impacto\/#breadcrumb","itemListElement":[{"@type":"ListItem","position":1,"name":"Home","item":"https:\/\/loja.emmersonstudio.com.br\/home\/"},{"@type":"ListItem","position":2,"name":"Loja","item":"https:\/\/loja.emmersonstudio.com.br\/home\/loja\/"},{"@type":"ListItem","position":3,"name":"Pack Sonoros EFEITOS IMPACTO"}]},{"@type":"WebSite","@id":"https:\/\/loja.emmersonstudio.com.br\/home\/#website","url":"https:\/\/loja.emmersonstudio.com.br\/home\/","name":"LOJA DOS SCRIPTS","description":"","publisher":{"@id":"https:\/\/loja.emmersonstudio.com.br\/home\/#\/schema\/person\/e7a723a212fc0c6c60a0734892d60ac1"},"potentialAction":[{"@type":"SearchAction","target":{"@type":"EntryPoint","urlTemplate":"https:\/\/loja.emmersonstudio.com.br\/home\/?s={search_term_string}"},"query-input":{"@type":"PropertyValueSpecification","valueRequired":true,"valueName":"search_term_string"}}],"inLanguage":"pt-BR"},{"@type":["Person","Organization"],"@id":"https:\/\/loja.emmersonstudio.com.br\/home\/#\/schema\/person\/e7a723a212fc0c6c60a0734892d60ac1","name":"admin","image":{"@type":"ImageObject","inLanguage":"pt-BR","@id":"https:\/\/loja.emmersonstudio.com.br\/home\/#\/schema\/person\/image\/","url":"https:\/\/loja.emmersonstudio.com.br\/home\/wp-content\/uploads\/2023\/10\/Design-sem-nome-2.png","contentUrl":"https:\/\/loja.emmersonstudio.com.br\/home\/wp-content\/uploads\/2023\/10\/Design-sem-nome-2.png","width":512,"height":250,"caption":"admin"},"logo":{"@id":"https:\/\/loja.emmersonstudio.com.br\/home\/#\/schema\/person\/image\/"},"sameAs":["https:\/\/loja.emmersonstudio.com.br\/home"]}]}},"_links":{"self":[{"href":"https:\/\/loja.emmersonstudio.com.br\/home\/wp-json\/wp\/v2\/product\/3455","targetHints":{"allow":["GET"]}}],"collection":[{"href":"https:\/\/loja.emmersonstudio.com.br\/home\/wp-json\/wp\/v2\/product"}],"about":[{"href":"https:\/\/loja.emmersonstudio.com.br\/home\/wp-json\/wp\/v2\/types\/product"}],"wp:featuredmedia":[{"embeddable":true,"href":"https:\/\/loja.emmersonstudio.com.br\/home\/wp-json\/wp\/v2\/media\/3183"}],"wp:attachment":[{"href":"https:\/\/loja.emmersonstudio.com.br\/home\/wp-json\/wp\/v2\/media?parent=3455"}],"wp:term":[{"taxonomy":"product_cat","embeddable":true,"href":"https:\/\/loja.emmersonstudio.com.br\/home\/wp-json\/wp\/v2\/product_cat?post=3455"},{"taxonomy":"product_tag","embeddable":true,"href":"https:\/\/loja.emmersonstudio.com.br\/home\/wp-json\/wp\/v2\/product_tag?post=3455"}],"curies":[{"name":"wp","href":"https:\/\/api.w.org\/{rel}","templated":true}]}}