{"id":3454,"date":"2025-01-17T12:28:43","date_gmt":"2025-01-17T12:28:43","guid":{"rendered":"https:\/\/loja.emmersonstudio.com.br\/home\/produto\/script-painel-smm-100-funcionando\/"},"modified":"2025-01-17T12:28:44","modified_gmt":"2025-01-17T12:28:44","slug":"script-painel-smm-100-funcionando","status":"publish","type":"product","link":"https:\/\/loja.emmersonstudio.com.br\/home\/produto\/script-painel-smm-100-funcionando\/","title":{"rendered":"SCRIPT PAINEL SMM &#8211; 100% FUNCIONANDO"},"content":{"rendered":"<p>Script Painel Smm &#8211; 100% Funcional &#8211; Outros<\/p>\n<div id=\"divDescription\">\n<div>\n<div>\n<div>\u27a5\u00a0ACOMPANHA VIDEOS DE INSTALA\u00c7\u00c3O E CONFIGURA\u00c7\u00c3O DO SQL.<\/div>\n<\/div>\n<\/div>\n<div>\n<div>\u27a5 MENOR PRE\u00c7O DA INTERNET.<\/div>\n<\/div>\n<div>\n<div>\u27a5 PAINEL ADMINISTRATIVO.<\/div>\n<div>\u27a5 DEP\u00d3SITOS VIA PIX MERCADO PAGO.<\/div>\n<div>\u27a5 SCRIPT EM PHP DE F\u00c1CIL EDI\u00c7\u00c3O.<\/div>\n<div>\u27a5 N\u00c3O ACOMPANHA API, MAS UMA ENVIAMOS API SE VOC\u00ca VOC\u00ca QUISER UTILIZAR..<\/div>\n<div>\u27a5 ENVIO DE ATUALIZA\u00c7\u00d5ES FUTURAS GRATUITAMENTE.<\/div>\n<div>\n<div>\u27a5 BASTA INSTALAR E DIVULGAR PARA OBTER SUCESSO.<\/div>\n<\/div>\n<div><\/div>\n<div>\n<div>\u26a0\ufe0fAten\u00e7\u00e3o\u26a0\ufe0f<\/div>\n<div>Necess\u00e1rio ter conta na plataforma Mercado Pago.<\/div>\n<div>API desbloqueada via banco de dados, sendo assim, sua API tem que ser colocada no ato da instala\u00e7\u00e3o do painel. (leia para depois n\u00e3o vir reclamar)<\/div>\n<div>Necess\u00e1rio ter Hospedagem e um dom\u00ednio de preferencia Hostinger.<\/div>\n<div>Ap\u00f3s concluir a compra enviaremos o arquivo para download!<\/div>\n<\/div>\n<\/div>\n<\/div>\n","protected":false},"excerpt":{"rendered":"<p><img decoding=\"async\" class=\"size-full wp-image-11700\" src=\"https:\/\/scriptstore.com.br\/wp-content\/uploads\/2023\/08\/demo2.png\" alt=\"\" width=\"250\" height=\"75\" \/><\/p>\n<p>Script Painel Smm &#8211; 100% Funcional &#8211; Outros<\/p>\n<div id=\"divDescription\">\n<div>\n<div>\n<div>\u27a5\u00a0ACOMPANHA VIDEOS DE INSTALA\u00c7\u00c3O E CONFIGURA\u00c7\u00c3O DO SQL.<\/div>\n<\/div>\n<\/div>\n<div>\n<div>\u27a5 MENOR PRE\u00c7O DA INTERNET.<\/div>\n<\/div>\n<div>\n<div>\u27a5 PAINEL ADMINISTRATIVO.<\/div>\n<div>\u27a5 DEP\u00d3SITOS VIA PIX MERCADO PAGO.<\/div>\n<div>\u27a5 SCRIPT EM PHP DE F\u00c1CIL EDI\u00c7\u00c3O.<\/div>\n<div>\u27a5 N\u00c3O ACOMPANHA API, MAS UMA ENVIAMOS API SE VOC\u00ca VOC\u00ca QUISER UTILIZAR..<\/div>\n<div>\u27a5 ENVIO DE ATUALIZA\u00c7\u00d5ES FUTURAS GRATUITAMENTE.<\/div>\n<div>\n<div>\u27a5 BASTA INSTALAR E DIVULGAR PARA OBTER SUCESSO.<\/div>\n<\/div>\n<div><img decoding=\"async\" class=\"alignnone size-full wp-image-7237\" src=\"https:\/\/scriptstore.com.br\/wp-content\/uploads\/2022\/05\/btn-demo.png\" alt=\"\" width=\"196\" height=\"81\" \/><\/div>\n<div><\/div>\n<div>\n<div>\u26a0\ufe0fAten\u00e7\u00e3o\u26a0\ufe0f<\/div>\n<div>Necess\u00e1rio ter conta na plataforma Mercado Pago.<\/div>\n<div>API desbloqueada via banco de dados, sendo assim, sua API tem que ser colocada no ato da instala\u00e7\u00e3o do painel. (leia para depois n\u00e3o vir reclamar)<\/div>\n<div>Necess\u00e1rio ter Hospedagem e um dom\u00ednio de preferencia Hostinger.<\/div>\n<div>Ap\u00f3s concluir a compra enviaremos o arquivo para download!<\/div>\n<\/div>\n<\/div>\n<\/div>\n","protected":false},"featured_media":3019,"template":"","meta":{"om_disable_all_campaigns":false,"_monsterinsights_skip_tracking":false,"_monsterinsights_sitenote_active":false,"_monsterinsights_sitenote_note":"","_monsterinsights_sitenote_category":0,"_joinchat":[]},"product_cat":[136],"product_tag":[],"class_list":{"0":"post-3454","1":"product","2":"type-product","3":"status-publish","4":"has-post-thumbnail","6":"product_cat-todos-produtos","8":"first","9":"instock","10":"taxable","11":"shipping-taxable","12":"purchasable","13":"product-type-simple"},"aioseo_notices":[],"yoast_head":"<!-- This site is optimized with the Yoast SEO Premium plugin v23.7 (Yoast SEO v23.6) - https:\/\/yoast.com\/wordpress\/plugins\/seo\/ -->\n<title>SCRIPT PAINEL SMM - 100% FUNCIONANDO - Produtos Digitais<\/title>\n<meta name=\"robots\" content=\"index, follow, max-snippet:-1, max-image-preview:large, max-video-preview:-1\" \/>\n<link rel=\"canonical\" href=\"https:\/\/loja.emmersonstudio.com.br\/home\/produto\/script-painel-smm-100-funcionando\/\" \/>\n<meta property=\"og:locale\" content=\"pt_BR\" \/>\n<meta property=\"og:type\" content=\"article\" \/>\n<meta property=\"og:title\" content=\"SCRIPT PAINEL SMM - 100% FUNCIONANDO\" \/>\n<meta property=\"og:description\" content=\"Script Painel Smm - 100% Funcional - Outros    \u27a5\u00a0ACOMPANHA VIDEOS DE INSTALA\u00c7\u00c3O E CONFIGURA\u00c7\u00c3O DO SQL.    \u27a5 MENOR PRE\u00c7O DA INTERNET.   \u27a5 PAINEL ADMINISTRATIVO. \u27a5 DEP\u00d3SITOS VIA PIX MERCADO PAGO. \u27a5 SCRIPT EM PHP DE F\u00c1CIL EDI\u00c7\u00c3O. \u27a5 N\u00c3O ACOMPANHA API, MAS UMA ENVIAMOS API SE VOC\u00ca VOC\u00ca QUISER UTILIZAR.. \u27a5 ENVIO DE ATUALIZA\u00c7\u00d5ES FUTURAS GRATUITAMENTE.  \u27a5 BASTA INSTALAR E DIVULGAR PARA OBTER SUCESSO.     \u26a0\ufe0fAten\u00e7\u00e3o\u26a0\ufe0f Necess\u00e1rio ter conta na plataforma Mercado Pago. API desbloqueada via banco de dados, sendo assim, sua API tem que ser colocada no ato da instala\u00e7\u00e3o do painel. (leia para depois n\u00e3o vir reclamar) Necess\u00e1rio ter Hospedagem e um dom\u00ednio de preferencia Hostinger. Ap\u00f3s concluir a compra enviaremos o arquivo para download!\" \/>\n<meta property=\"og:url\" content=\"https:\/\/loja.emmersonstudio.com.br\/home\/produto\/script-painel-smm-100-funcionando\/\" \/>\n<meta property=\"og:site_name\" content=\"Produtos Digitais\" \/>\n<meta property=\"article:modified_time\" content=\"2025-01-17T12:28:44+00:00\" \/>\n<meta name=\"twitter:card\" content=\"summary_large_image\" \/>\n<meta name=\"twitter:label1\" content=\"Est. tempo de leitura\" \/>\n\t<meta name=\"twitter:data1\" content=\"1 minuto\" \/>\n<script type=\"application\/ld+json\" class=\"yoast-schema-graph\">{\"@context\":\"https:\/\/schema.org\",\"@graph\":[{\"@type\":\"WebPage\",\"@id\":\"https:\/\/loja.emmersonstudio.com.br\/home\/produto\/script-painel-smm-100-funcionando\/\",\"url\":\"https:\/\/loja.emmersonstudio.com.br\/home\/produto\/script-painel-smm-100-funcionando\/\",\"name\":\"SCRIPT PAINEL SMM - 100% FUNCIONANDO - Produtos Digitais\",\"isPartOf\":{\"@id\":\"https:\/\/loja.emmersonstudio.com.br\/home\/#website\"},\"primaryImageOfPage\":{\"@id\":\"https:\/\/loja.emmersonstudio.com.br\/home\/produto\/script-painel-smm-100-funcionando\/#primaryimage\"},\"image\":{\"@id\":\"https:\/\/loja.emmersonstudio.com.br\/home\/produto\/script-painel-smm-100-funcionando\/#primaryimage\"},\"thumbnailUrl\":\"https:\/\/loja.emmersonstudio.com.br\/home\/wp-content\/uploads\/2024\/11\/APLICATIVO-1.png\",\"datePublished\":\"2025-01-17T12:28:43+00:00\",\"dateModified\":\"2025-01-17T12:28:44+00:00\",\"breadcrumb\":{\"@id\":\"https:\/\/loja.emmersonstudio.com.br\/home\/produto\/script-painel-smm-100-funcionando\/#breadcrumb\"},\"inLanguage\":\"pt-BR\",\"potentialAction\":[{\"@type\":\"ReadAction\",\"target\":[\"https:\/\/loja.emmersonstudio.com.br\/home\/produto\/script-painel-smm-100-funcionando\/\"]}]},{\"@type\":\"ImageObject\",\"inLanguage\":\"pt-BR\",\"@id\":\"https:\/\/loja.emmersonstudio.com.br\/home\/produto\/script-painel-smm-100-funcionando\/#primaryimage\",\"url\":\"https:\/\/loja.emmersonstudio.com.br\/home\/wp-content\/uploads\/2024\/11\/APLICATIVO-1.png\",\"contentUrl\":\"https:\/\/loja.emmersonstudio.com.br\/home\/wp-content\/uploads\/2024\/11\/APLICATIVO-1.png\",\"width\":800,\"height\":700},{\"@type\":\"BreadcrumbList\",\"@id\":\"https:\/\/loja.emmersonstudio.com.br\/home\/produto\/script-painel-smm-100-funcionando\/#breadcrumb\",\"itemListElement\":[{\"@type\":\"ListItem\",\"position\":1,\"name\":\"Home\",\"item\":\"https:\/\/loja.emmersonstudio.com.br\/home\/\"},{\"@type\":\"ListItem\",\"position\":2,\"name\":\"Loja\",\"item\":\"https:\/\/loja.emmersonstudio.com.br\/home\/loja\/\"},{\"@type\":\"ListItem\",\"position\":3,\"name\":\"SCRIPT PAINEL SMM &#8211; 100% FUNCIONANDO\"}]},{\"@type\":\"WebSite\",\"@id\":\"https:\/\/loja.emmersonstudio.com.br\/home\/#website\",\"url\":\"https:\/\/loja.emmersonstudio.com.br\/home\/\",\"name\":\"LOJA DOS SCRIPTS\",\"description\":\"\",\"publisher\":{\"@id\":\"https:\/\/loja.emmersonstudio.com.br\/home\/#\/schema\/person\/e7a723a212fc0c6c60a0734892d60ac1\"},\"potentialAction\":[{\"@type\":\"SearchAction\",\"target\":{\"@type\":\"EntryPoint\",\"urlTemplate\":\"https:\/\/loja.emmersonstudio.com.br\/home\/?s={search_term_string}\"},\"query-input\":{\"@type\":\"PropertyValueSpecification\",\"valueRequired\":true,\"valueName\":\"search_term_string\"}}],\"inLanguage\":\"pt-BR\"},{\"@type\":[\"Person\",\"Organization\"],\"@id\":\"https:\/\/loja.emmersonstudio.com.br\/home\/#\/schema\/person\/e7a723a212fc0c6c60a0734892d60ac1\",\"name\":\"admin\",\"image\":{\"@type\":\"ImageObject\",\"inLanguage\":\"pt-BR\",\"@id\":\"https:\/\/loja.emmersonstudio.com.br\/home\/#\/schema\/person\/image\/\",\"url\":\"https:\/\/loja.emmersonstudio.com.br\/home\/wp-content\/uploads\/2023\/10\/Design-sem-nome-2.png\",\"contentUrl\":\"https:\/\/loja.emmersonstudio.com.br\/home\/wp-content\/uploads\/2023\/10\/Design-sem-nome-2.png\",\"width\":512,\"height\":250,\"caption\":\"admin\"},\"logo\":{\"@id\":\"https:\/\/loja.emmersonstudio.com.br\/home\/#\/schema\/person\/image\/\"},\"sameAs\":[\"https:\/\/loja.emmersonstudio.com.br\/home\"]}]}<\/script>\n<!-- \/ Yoast SEO Premium plugin. -->","yoast_head_json":{"title":"SCRIPT PAINEL SMM - 100% FUNCIONANDO - Produtos Digitais","robots":{"index":"index","follow":"follow","max-snippet":"max-snippet:-1","max-image-preview":"max-image-preview:large","max-video-preview":"max-video-preview:-1"},"canonical":"https:\/\/loja.emmersonstudio.com.br\/home\/produto\/script-painel-smm-100-funcionando\/","og_locale":"pt_BR","og_type":"article","og_title":"SCRIPT PAINEL SMM - 100% FUNCIONANDO","og_description":"Script Painel Smm - 100% Funcional - Outros    \u27a5\u00a0ACOMPANHA VIDEOS DE INSTALA\u00c7\u00c3O E CONFIGURA\u00c7\u00c3O DO SQL.    \u27a5 MENOR PRE\u00c7O DA INTERNET.   \u27a5 PAINEL ADMINISTRATIVO. \u27a5 DEP\u00d3SITOS VIA PIX MERCADO PAGO. \u27a5 SCRIPT EM PHP DE F\u00c1CIL EDI\u00c7\u00c3O. \u27a5 N\u00c3O ACOMPANHA API, MAS UMA ENVIAMOS API SE VOC\u00ca VOC\u00ca QUISER UTILIZAR.. \u27a5 ENVIO DE ATUALIZA\u00c7\u00d5ES FUTURAS GRATUITAMENTE.  \u27a5 BASTA INSTALAR E DIVULGAR PARA OBTER SUCESSO.     \u26a0\ufe0fAten\u00e7\u00e3o\u26a0\ufe0f Necess\u00e1rio ter conta na plataforma Mercado Pago. API desbloqueada via banco de dados, sendo assim, sua API tem que ser colocada no ato da instala\u00e7\u00e3o do painel. (leia para depois n\u00e3o vir reclamar) Necess\u00e1rio ter Hospedagem e um dom\u00ednio de preferencia Hostinger. Ap\u00f3s concluir a compra enviaremos o arquivo para download!","og_url":"https:\/\/loja.emmersonstudio.com.br\/home\/produto\/script-painel-smm-100-funcionando\/","og_site_name":"Produtos Digitais","article_modified_time":"2025-01-17T12:28:44+00:00","twitter_card":"summary_large_image","twitter_misc":{"Est. tempo de leitura":"1 minuto"},"schema":{"@context":"https:\/\/schema.org","@graph":[{"@type":"WebPage","@id":"https:\/\/loja.emmersonstudio.com.br\/home\/produto\/script-painel-smm-100-funcionando\/","url":"https:\/\/loja.emmersonstudio.com.br\/home\/produto\/script-painel-smm-100-funcionando\/","name":"SCRIPT PAINEL SMM - 100% FUNCIONANDO - Produtos Digitais","isPartOf":{"@id":"https:\/\/loja.emmersonstudio.com.br\/home\/#website"},"primaryImageOfPage":{"@id":"https:\/\/loja.emmersonstudio.com.br\/home\/produto\/script-painel-smm-100-funcionando\/#primaryimage"},"image":{"@id":"https:\/\/loja.emmersonstudio.com.br\/home\/produto\/script-painel-smm-100-funcionando\/#primaryimage"},"thumbnailUrl":"https:\/\/loja.emmersonstudio.com.br\/home\/wp-content\/uploads\/2024\/11\/APLICATIVO-1.png","datePublished":"2025-01-17T12:28:43+00:00","dateModified":"2025-01-17T12:28:44+00:00","breadcrumb":{"@id":"https:\/\/loja.emmersonstudio.com.br\/home\/produto\/script-painel-smm-100-funcionando\/#breadcrumb"},"inLanguage":"pt-BR","potentialAction":[{"@type":"ReadAction","target":["https:\/\/loja.emmersonstudio.com.br\/home\/produto\/script-painel-smm-100-funcionando\/"]}]},{"@type":"ImageObject","inLanguage":"pt-BR","@id":"https:\/\/loja.emmersonstudio.com.br\/home\/produto\/script-painel-smm-100-funcionando\/#primaryimage","url":"https:\/\/loja.emmersonstudio.com.br\/home\/wp-content\/uploads\/2024\/11\/APLICATIVO-1.png","contentUrl":"https:\/\/loja.emmersonstudio.com.br\/home\/wp-content\/uploads\/2024\/11\/APLICATIVO-1.png","width":800,"height":700},{"@type":"BreadcrumbList","@id":"https:\/\/loja.emmersonstudio.com.br\/home\/produto\/script-painel-smm-100-funcionando\/#breadcrumb","itemListElement":[{"@type":"ListItem","position":1,"name":"Home","item":"https:\/\/loja.emmersonstudio.com.br\/home\/"},{"@type":"ListItem","position":2,"name":"Loja","item":"https:\/\/loja.emmersonstudio.com.br\/home\/loja\/"},{"@type":"ListItem","position":3,"name":"SCRIPT PAINEL SMM &#8211; 100% FUNCIONANDO"}]},{"@type":"WebSite","@id":"https:\/\/loja.emmersonstudio.com.br\/home\/#website","url":"https:\/\/loja.emmersonstudio.com.br\/home\/","name":"LOJA DOS SCRIPTS","description":"","publisher":{"@id":"https:\/\/loja.emmersonstudio.com.br\/home\/#\/schema\/person\/e7a723a212fc0c6c60a0734892d60ac1"},"potentialAction":[{"@type":"SearchAction","target":{"@type":"EntryPoint","urlTemplate":"https:\/\/loja.emmersonstudio.com.br\/home\/?s={search_term_string}"},"query-input":{"@type":"PropertyValueSpecification","valueRequired":true,"valueName":"search_term_string"}}],"inLanguage":"pt-BR"},{"@type":["Person","Organization"],"@id":"https:\/\/loja.emmersonstudio.com.br\/home\/#\/schema\/person\/e7a723a212fc0c6c60a0734892d60ac1","name":"admin","image":{"@type":"ImageObject","inLanguage":"pt-BR","@id":"https:\/\/loja.emmersonstudio.com.br\/home\/#\/schema\/person\/image\/","url":"https:\/\/loja.emmersonstudio.com.br\/home\/wp-content\/uploads\/2023\/10\/Design-sem-nome-2.png","contentUrl":"https:\/\/loja.emmersonstudio.com.br\/home\/wp-content\/uploads\/2023\/10\/Design-sem-nome-2.png","width":512,"height":250,"caption":"admin"},"logo":{"@id":"https:\/\/loja.emmersonstudio.com.br\/home\/#\/schema\/person\/image\/"},"sameAs":["https:\/\/loja.emmersonstudio.com.br\/home"]}]}},"_links":{"self":[{"href":"https:\/\/loja.emmersonstudio.com.br\/home\/wp-json\/wp\/v2\/product\/3454","targetHints":{"allow":["GET"]}}],"collection":[{"href":"https:\/\/loja.emmersonstudio.com.br\/home\/wp-json\/wp\/v2\/product"}],"about":[{"href":"https:\/\/loja.emmersonstudio.com.br\/home\/wp-json\/wp\/v2\/types\/product"}],"wp:featuredmedia":[{"embeddable":true,"href":"https:\/\/loja.emmersonstudio.com.br\/home\/wp-json\/wp\/v2\/media\/3019"}],"wp:attachment":[{"href":"https:\/\/loja.emmersonstudio.com.br\/home\/wp-json\/wp\/v2\/media?parent=3454"}],"wp:term":[{"taxonomy":"product_cat","embeddable":true,"href":"https:\/\/loja.emmersonstudio.com.br\/home\/wp-json\/wp\/v2\/product_cat?post=3454"},{"taxonomy":"product_tag","embeddable":true,"href":"https:\/\/loja.emmersonstudio.com.br\/home\/wp-json\/wp\/v2\/product_tag?post=3454"}],"curies":[{"name":"wp","href":"https:\/\/api.w.org\/{rel}","templated":true}]}}