{"id":3452,"date":"2025-01-17T12:28:42","date_gmt":"2025-01-17T12:28:42","guid":{"rendered":"https:\/\/loja.emmersonstudio.com.br\/home\/produto\/script-servidor-proprio-puxa-lista-m3u-com-aplicativo-original\/"},"modified":"2025-05-10T17:30:14","modified_gmt":"2025-05-10T17:30:14","slug":"efeitos-para-vinhetas-curtas","status":"publish","type":"product","link":"https:\/\/loja.emmersonstudio.com.br\/home\/produto\/efeitos-para-vinhetas-curtas\/","title":{"rendered":"EFEITOS PARA VINHETAS CURTAS"},"content":{"rendered":"<p>EFEITOS PARA VINHETAS CURTAS<\/p>\n<p><strong>TOTAL: 199 ARQUIVOS<\/strong><\/p>\n<p>&nbsp;<\/p>\n<p>\ud83d\udd39 <strong data-start=\"463\" data-end=\"502\">Produto Digital &#8211; Download Imediato<\/strong><br data-start=\"502\" data-end=\"505\" \/>Ap\u00f3s a confirma\u00e7\u00e3o do pagamento, o acesso ao material \u00e9 liberado automaticamente.<br data-start=\"588\" data-end=\"591\" \/>Por se tratar de um conte\u00fado 100% digital, <strong data-start=\"636\" data-end=\"724\">n\u00e3o h\u00e1 possibilidade de reembolso em caso de desist\u00eancia ou arrependimento da compra<\/strong>, conforme previsto no C\u00f3digo de Defesa do Consumidor.<\/p>\n","protected":false},"excerpt":{"rendered":"<p><img decoding=\"async\" class=\"size-full wp-image-11700\" src=\"https:\/\/scriptstore.com.br\/wp-content\/uploads\/2023\/08\/demo2.png\" alt=\"\" width=\"250\" height=\"75\" \/><\/p>\n<p><strong>Script de Filmes Online Administr\u00e1vel em PHP<\/strong><\/p>\n<p>Um sistema de gerenciamento de conte\u00fado de v\u00eddeo baseado em assinatura.<br \/>\nCrie o seu pr\u00f3prio site de filmes e s\u00e9ries de TV com o Script de Filmes Online em PHP.<br \/>\nCrie seu neg\u00f3cio de conte\u00fado de v\u00eddeo e\u00a0ofere\u00e7a um modelo de assinatura mensal a seus clientes.<\/p>\n<p><a href=\"https:\/\/scriptstore.com.br\/tutoriais-painel-e-aprentacoes-de-nossos-produtos\/\"><img decoding=\"async\" class=\"alignnone wp-image-8008 size-medium\" src=\"https:\/\/scriptstore.com.br\/wp-content\/uploads\/2022\/05\/Assistir-Video-300x102.png\" alt=\"\" width=\"300\" height=\"102\" \/><\/a><\/p>\n<div class=\"alert alert-warning\">\n<h4>REQUISITOS PARA INSTALA\u00c7\u00c3O:<\/h4>\n<p>\u2013 Servidor Linux com cPanel da (cpanel.com)<br \/>\n\u2013 PHP\u00a0 7.4<br \/>\n\u2013 MySQL<br \/>\n\u2013 Apache<br \/>\n\u2013 phpMyAdmin<\/p>\n<\/div>\n<div class=\"alert alert-info\">\n<h4>&gt;&gt; ATEN\u00c7\u00c3O:<\/h4>\n<p>\u2013 N\u00c3O DAMOS SUPORTE A USABILIDADE!<\/p>\n<p>Vai com Instru\u00e7\u00e3o de Instala\u00e7\u00e3o.<br \/>\n&gt;&gt; Tem que ir mexendo para aprender!<\/p>\n<p>ANTES DE EFETUAR A COMPRA ACESSE O DEMO DO SCRIPT.<\/p>\n<p><strong>DEMONSTRA\u00c7\u00c3O:<\/strong><\/p>\n<p><a href=\"http:\/\/vedemo.shop\/user\/login\" target=\"_blank\" rel=\"noopener\"><img decoding=\"async\" class=\"alignnone\" title=\"footer.jpg\" src=\"https:\/\/i.ibb.co\/Y0BbNQf\/Clique-Aqui.png\" alt=\"footer.jpg\" width=\"282\" height=\"42\" \/><\/a><\/p>\n<p><strong>Email:<\/strong> teste@teste.com<\/p>\n<p><strong>Senha:<\/strong> teste123<\/p>\n<\/div>\n","protected":false},"featured_media":3183,"template":"","meta":{"om_disable_all_campaigns":false,"_monsterinsights_skip_tracking":false,"_monsterinsights_sitenote_active":false,"_monsterinsights_sitenote_note":"","_monsterinsights_sitenote_category":0,"_joinchat":{"telephone":"+5573982066838"}},"product_cat":[154,202],"product_tag":[],"class_list":{"0":"post-3452","1":"product","2":"type-product","3":"status-publish","4":"has-post-thumbnail","6":"product_cat-iptv","7":"product_cat-packs","9":"first","10":"instock","11":"downloadable","12":"taxable","13":"shipping-taxable","14":"purchasable","15":"product-type-simple"},"aioseo_notices":[],"yoast_head":"<!-- This site is optimized with the Yoast SEO Premium plugin v23.7 (Yoast SEO v23.6) - https:\/\/yoast.com\/wordpress\/plugins\/seo\/ -->\n<title>EFEITOS PARA VINHETAS CURTAS - Produtos Digitais<\/title>\n<meta name=\"robots\" content=\"index, follow, max-snippet:-1, max-image-preview:large, max-video-preview:-1\" \/>\n<link rel=\"canonical\" href=\"https:\/\/loja.emmersonstudio.com.br\/home\/produto\/efeitos-para-vinhetas-curtas\/\" \/>\n<meta property=\"og:locale\" content=\"pt_BR\" \/>\n<meta property=\"og:type\" content=\"article\" \/>\n<meta property=\"og:title\" content=\"EFEITOS PARA VINHETAS CURTAS\" \/>\n<meta property=\"og:description\" content=\"Script de Filmes Online Administr\u00e1vel em PHP  Um sistema de gerenciamento de conte\u00fado de v\u00eddeo baseado em assinatura. Crie o seu pr\u00f3prio site de filmes e s\u00e9ries de TV com o Script de Filmes Online em PHP. Crie seu neg\u00f3cio de conte\u00fado de v\u00eddeo e\u00a0ofere\u00e7a um modelo de assinatura mensal a seus clientes.    REQUISITOS PARA INSTALA\u00c7\u00c3O: \u2013 Servidor Linux com cPanel da (cpanel.com) \u2013 PHP\u00a0 7.4 \u2013 MySQL \u2013 Apache \u2013 phpMyAdmin    &gt;&gt; ATEN\u00c7\u00c3O: \u2013 N\u00c3O DAMOS SUPORTE A USABILIDADE!  Vai com Instru\u00e7\u00e3o de Instala\u00e7\u00e3o. &gt;&gt; Tem que ir mexendo para aprender!  ANTES DE EFETUAR A COMPRA ACESSE O DEMO DO SCRIPT.  DEMONSTRA\u00c7\u00c3O:    Email: teste@teste.com  Senha: teste123\" \/>\n<meta property=\"og:url\" content=\"https:\/\/loja.emmersonstudio.com.br\/home\/produto\/efeitos-para-vinhetas-curtas\/\" \/>\n<meta property=\"og:site_name\" content=\"Produtos Digitais\" \/>\n<meta property=\"article:modified_time\" content=\"2025-05-10T17:30:14+00:00\" \/>\n<meta property=\"og:image\" content=\"https:\/\/loja.emmersonstudio.com.br\/home\/wp-content\/uploads\/2024\/12\/05-produto.png\" \/>\n\t<meta property=\"og:image:width\" content=\"1024\" \/>\n\t<meta property=\"og:image:height\" content=\"1024\" \/>\n\t<meta property=\"og:image:type\" content=\"image\/png\" \/>\n<meta name=\"twitter:card\" content=\"summary_large_image\" \/>\n<meta name=\"twitter:label1\" content=\"Est. tempo de leitura\" \/>\n\t<meta name=\"twitter:data1\" content=\"1 minuto\" \/>\n<script type=\"application\/ld+json\" class=\"yoast-schema-graph\">{\"@context\":\"https:\/\/schema.org\",\"@graph\":[{\"@type\":\"WebPage\",\"@id\":\"https:\/\/loja.emmersonstudio.com.br\/home\/produto\/efeitos-para-vinhetas-curtas\/\",\"url\":\"https:\/\/loja.emmersonstudio.com.br\/home\/produto\/efeitos-para-vinhetas-curtas\/\",\"name\":\"EFEITOS PARA VINHETAS CURTAS - Produtos Digitais\",\"isPartOf\":{\"@id\":\"https:\/\/loja.emmersonstudio.com.br\/home\/#website\"},\"primaryImageOfPage\":{\"@id\":\"https:\/\/loja.emmersonstudio.com.br\/home\/produto\/efeitos-para-vinhetas-curtas\/#primaryimage\"},\"image\":{\"@id\":\"https:\/\/loja.emmersonstudio.com.br\/home\/produto\/efeitos-para-vinhetas-curtas\/#primaryimage\"},\"thumbnailUrl\":\"https:\/\/loja.emmersonstudio.com.br\/home\/wp-content\/uploads\/2024\/12\/05-produto.png\",\"datePublished\":\"2025-01-17T12:28:42+00:00\",\"dateModified\":\"2025-05-10T17:30:14+00:00\",\"breadcrumb\":{\"@id\":\"https:\/\/loja.emmersonstudio.com.br\/home\/produto\/efeitos-para-vinhetas-curtas\/#breadcrumb\"},\"inLanguage\":\"pt-BR\",\"potentialAction\":[{\"@type\":\"ReadAction\",\"target\":[\"https:\/\/loja.emmersonstudio.com.br\/home\/produto\/efeitos-para-vinhetas-curtas\/\"]}]},{\"@type\":\"ImageObject\",\"inLanguage\":\"pt-BR\",\"@id\":\"https:\/\/loja.emmersonstudio.com.br\/home\/produto\/efeitos-para-vinhetas-curtas\/#primaryimage\",\"url\":\"https:\/\/loja.emmersonstudio.com.br\/home\/wp-content\/uploads\/2024\/12\/05-produto.png\",\"contentUrl\":\"https:\/\/loja.emmersonstudio.com.br\/home\/wp-content\/uploads\/2024\/12\/05-produto.png\",\"width\":1024,\"height\":1024},{\"@type\":\"BreadcrumbList\",\"@id\":\"https:\/\/loja.emmersonstudio.com.br\/home\/produto\/efeitos-para-vinhetas-curtas\/#breadcrumb\",\"itemListElement\":[{\"@type\":\"ListItem\",\"position\":1,\"name\":\"Home\",\"item\":\"https:\/\/loja.emmersonstudio.com.br\/home\/\"},{\"@type\":\"ListItem\",\"position\":2,\"name\":\"Loja\",\"item\":\"https:\/\/loja.emmersonstudio.com.br\/home\/loja\/\"},{\"@type\":\"ListItem\",\"position\":3,\"name\":\"EFEITOS PARA VINHETAS CURTAS\"}]},{\"@type\":\"WebSite\",\"@id\":\"https:\/\/loja.emmersonstudio.com.br\/home\/#website\",\"url\":\"https:\/\/loja.emmersonstudio.com.br\/home\/\",\"name\":\"LOJA DOS SCRIPTS\",\"description\":\"\",\"publisher\":{\"@id\":\"https:\/\/loja.emmersonstudio.com.br\/home\/#\/schema\/person\/e7a723a212fc0c6c60a0734892d60ac1\"},\"potentialAction\":[{\"@type\":\"SearchAction\",\"target\":{\"@type\":\"EntryPoint\",\"urlTemplate\":\"https:\/\/loja.emmersonstudio.com.br\/home\/?s={search_term_string}\"},\"query-input\":{\"@type\":\"PropertyValueSpecification\",\"valueRequired\":true,\"valueName\":\"search_term_string\"}}],\"inLanguage\":\"pt-BR\"},{\"@type\":[\"Person\",\"Organization\"],\"@id\":\"https:\/\/loja.emmersonstudio.com.br\/home\/#\/schema\/person\/e7a723a212fc0c6c60a0734892d60ac1\",\"name\":\"admin\",\"image\":{\"@type\":\"ImageObject\",\"inLanguage\":\"pt-BR\",\"@id\":\"https:\/\/loja.emmersonstudio.com.br\/home\/#\/schema\/person\/image\/\",\"url\":\"https:\/\/loja.emmersonstudio.com.br\/home\/wp-content\/uploads\/2023\/10\/Design-sem-nome-2.png\",\"contentUrl\":\"https:\/\/loja.emmersonstudio.com.br\/home\/wp-content\/uploads\/2023\/10\/Design-sem-nome-2.png\",\"width\":512,\"height\":250,\"caption\":\"admin\"},\"logo\":{\"@id\":\"https:\/\/loja.emmersonstudio.com.br\/home\/#\/schema\/person\/image\/\"},\"sameAs\":[\"https:\/\/loja.emmersonstudio.com.br\/home\"]}]}<\/script>\n<!-- \/ Yoast SEO Premium plugin. -->","yoast_head_json":{"title":"EFEITOS PARA VINHETAS CURTAS - Produtos Digitais","robots":{"index":"index","follow":"follow","max-snippet":"max-snippet:-1","max-image-preview":"max-image-preview:large","max-video-preview":"max-video-preview:-1"},"canonical":"https:\/\/loja.emmersonstudio.com.br\/home\/produto\/efeitos-para-vinhetas-curtas\/","og_locale":"pt_BR","og_type":"article","og_title":"EFEITOS PARA VINHETAS CURTAS","og_description":"Script de Filmes Online Administr\u00e1vel em PHP  Um sistema de gerenciamento de conte\u00fado de v\u00eddeo baseado em assinatura. Crie o seu pr\u00f3prio site de filmes e s\u00e9ries de TV com o Script de Filmes Online em PHP. Crie seu neg\u00f3cio de conte\u00fado de v\u00eddeo e\u00a0ofere\u00e7a um modelo de assinatura mensal a seus clientes.    REQUISITOS PARA INSTALA\u00c7\u00c3O: \u2013 Servidor Linux com cPanel da (cpanel.com) \u2013 PHP\u00a0 7.4 \u2013 MySQL \u2013 Apache \u2013 phpMyAdmin    &gt;&gt; ATEN\u00c7\u00c3O: \u2013 N\u00c3O DAMOS SUPORTE A USABILIDADE!  Vai com Instru\u00e7\u00e3o de Instala\u00e7\u00e3o. &gt;&gt; Tem que ir mexendo para aprender!  ANTES DE EFETUAR A COMPRA ACESSE O DEMO DO SCRIPT.  DEMONSTRA\u00c7\u00c3O:    Email: teste@teste.com  Senha: teste123","og_url":"https:\/\/loja.emmersonstudio.com.br\/home\/produto\/efeitos-para-vinhetas-curtas\/","og_site_name":"Produtos Digitais","article_modified_time":"2025-05-10T17:30:14+00:00","og_image":[{"width":1024,"height":1024,"url":"https:\/\/loja.emmersonstudio.com.br\/home\/wp-content\/uploads\/2024\/12\/05-produto.png","type":"image\/png"}],"twitter_card":"summary_large_image","twitter_misc":{"Est. tempo de leitura":"1 minuto"},"schema":{"@context":"https:\/\/schema.org","@graph":[{"@type":"WebPage","@id":"https:\/\/loja.emmersonstudio.com.br\/home\/produto\/efeitos-para-vinhetas-curtas\/","url":"https:\/\/loja.emmersonstudio.com.br\/home\/produto\/efeitos-para-vinhetas-curtas\/","name":"EFEITOS PARA VINHETAS CURTAS - Produtos Digitais","isPartOf":{"@id":"https:\/\/loja.emmersonstudio.com.br\/home\/#website"},"primaryImageOfPage":{"@id":"https:\/\/loja.emmersonstudio.com.br\/home\/produto\/efeitos-para-vinhetas-curtas\/#primaryimage"},"image":{"@id":"https:\/\/loja.emmersonstudio.com.br\/home\/produto\/efeitos-para-vinhetas-curtas\/#primaryimage"},"thumbnailUrl":"https:\/\/loja.emmersonstudio.com.br\/home\/wp-content\/uploads\/2024\/12\/05-produto.png","datePublished":"2025-01-17T12:28:42+00:00","dateModified":"2025-05-10T17:30:14+00:00","breadcrumb":{"@id":"https:\/\/loja.emmersonstudio.com.br\/home\/produto\/efeitos-para-vinhetas-curtas\/#breadcrumb"},"inLanguage":"pt-BR","potentialAction":[{"@type":"ReadAction","target":["https:\/\/loja.emmersonstudio.com.br\/home\/produto\/efeitos-para-vinhetas-curtas\/"]}]},{"@type":"ImageObject","inLanguage":"pt-BR","@id":"https:\/\/loja.emmersonstudio.com.br\/home\/produto\/efeitos-para-vinhetas-curtas\/#primaryimage","url":"https:\/\/loja.emmersonstudio.com.br\/home\/wp-content\/uploads\/2024\/12\/05-produto.png","contentUrl":"https:\/\/loja.emmersonstudio.com.br\/home\/wp-content\/uploads\/2024\/12\/05-produto.png","width":1024,"height":1024},{"@type":"BreadcrumbList","@id":"https:\/\/loja.emmersonstudio.com.br\/home\/produto\/efeitos-para-vinhetas-curtas\/#breadcrumb","itemListElement":[{"@type":"ListItem","position":1,"name":"Home","item":"https:\/\/loja.emmersonstudio.com.br\/home\/"},{"@type":"ListItem","position":2,"name":"Loja","item":"https:\/\/loja.emmersonstudio.com.br\/home\/loja\/"},{"@type":"ListItem","position":3,"name":"EFEITOS PARA VINHETAS CURTAS"}]},{"@type":"WebSite","@id":"https:\/\/loja.emmersonstudio.com.br\/home\/#website","url":"https:\/\/loja.emmersonstudio.com.br\/home\/","name":"LOJA DOS SCRIPTS","description":"","publisher":{"@id":"https:\/\/loja.emmersonstudio.com.br\/home\/#\/schema\/person\/e7a723a212fc0c6c60a0734892d60ac1"},"potentialAction":[{"@type":"SearchAction","target":{"@type":"EntryPoint","urlTemplate":"https:\/\/loja.emmersonstudio.com.br\/home\/?s={search_term_string}"},"query-input":{"@type":"PropertyValueSpecification","valueRequired":true,"valueName":"search_term_string"}}],"inLanguage":"pt-BR"},{"@type":["Person","Organization"],"@id":"https:\/\/loja.emmersonstudio.com.br\/home\/#\/schema\/person\/e7a723a212fc0c6c60a0734892d60ac1","name":"admin","image":{"@type":"ImageObject","inLanguage":"pt-BR","@id":"https:\/\/loja.emmersonstudio.com.br\/home\/#\/schema\/person\/image\/","url":"https:\/\/loja.emmersonstudio.com.br\/home\/wp-content\/uploads\/2023\/10\/Design-sem-nome-2.png","contentUrl":"https:\/\/loja.emmersonstudio.com.br\/home\/wp-content\/uploads\/2023\/10\/Design-sem-nome-2.png","width":512,"height":250,"caption":"admin"},"logo":{"@id":"https:\/\/loja.emmersonstudio.com.br\/home\/#\/schema\/person\/image\/"},"sameAs":["https:\/\/loja.emmersonstudio.com.br\/home"]}]}},"_links":{"self":[{"href":"https:\/\/loja.emmersonstudio.com.br\/home\/wp-json\/wp\/v2\/product\/3452","targetHints":{"allow":["GET"]}}],"collection":[{"href":"https:\/\/loja.emmersonstudio.com.br\/home\/wp-json\/wp\/v2\/product"}],"about":[{"href":"https:\/\/loja.emmersonstudio.com.br\/home\/wp-json\/wp\/v2\/types\/product"}],"wp:featuredmedia":[{"embeddable":true,"href":"https:\/\/loja.emmersonstudio.com.br\/home\/wp-json\/wp\/v2\/media\/3183"}],"wp:attachment":[{"href":"https:\/\/loja.emmersonstudio.com.br\/home\/wp-json\/wp\/v2\/media?parent=3452"}],"wp:term":[{"taxonomy":"product_cat","embeddable":true,"href":"https:\/\/loja.emmersonstudio.com.br\/home\/wp-json\/wp\/v2\/product_cat?post=3452"},{"taxonomy":"product_tag","embeddable":true,"href":"https:\/\/loja.emmersonstudio.com.br\/home\/wp-json\/wp\/v2\/product_tag?post=3452"}],"curies":[{"name":"wp","href":"https:\/\/api.w.org\/{rel}","templated":true}]}}