{"id":3406,"date":"2025-01-17T12:28:04","date_gmt":"2025-01-17T12:28:04","guid":{"rendered":"https:\/\/loja.emmersonstudio.com.br\/home\/produto\/pack-completo-com-5-portais-de-noticias-automaticas-variados-cod-pack-100\/"},"modified":"2025-01-17T12:28:04","modified_gmt":"2025-01-17T12:28:04","slug":"pack-completo-com-5-portais-de-noticias-automaticas-variados-cod-pack-100","status":"publish","type":"product","link":"https:\/\/loja.emmersonstudio.com.br\/home\/produto\/pack-completo-com-5-portais-de-noticias-automaticas-variados-cod-pack-100\/","title":{"rendered":"Pack completo com 5 Portais de Noticias Autom\u00e1ticas Variados -COD-PACK-100"},"content":{"rendered":"<p>PACK com 5 scripts de Portais de Noticias autom\u00e1ticas. agora voc\u00ea pode comprar tudo junto com grande\u00a0<strong>desconto de\u00a0 25 Reais\u00a0<\/strong>\u00e9 para economizar de verdade<\/p>\n<p>MODELOS DISPON\u00cdVEIS NESTE PACOTE<\/p>\n<p><strong>VEJA OS DEMOS ONLINE<\/strong><\/p>\n<p><a href=\"https:\/\/centraldosscripts.com.br\/wordpress\/PORTAISNOTICIAS\/COD-9970\/\" target=\"_blank\" rel=\"noopener\"><strong>Mega News Noticias Autom\u00e1ticas-COD-9970<\/strong><\/a><br \/>\n<a href=\"https:\/\/centraldosscripts.com.br\/wordpress\/PORTAISNOTICIAS\/COD-7999\/\" target=\"_blank\" rel=\"noopener\"><strong>Portal de Noticias Autom\u00e1ticas \u2013 COD-7999<\/strong><\/a><br \/>\n<a href=\"https:\/\/centraldosscripts.com.br\/wordpress\/PORTAISNOTICIAS\/COD-8080\/\" target=\"_blank\" rel=\"noopener\"><strong>Portal de Noticias Autom\u00e1ticas \u2013 COD-8080<\/strong><\/a><br \/>\n<a href=\"https:\/\/centraldosscripts.com.br\/wordpress\/PORTAISNOTICIAS\/COD-7898\/\" target=\"_blank\" rel=\"noopener\"><strong>Portal News Word Noticias Autom\u00e1ticas \u2013 COD-7898<\/strong><\/a><br \/>\n<a href=\"https:\/\/centraldosscripts.com.br\/wordpress\/PORTAISNOTICIAS\/COD-7797\/\" target=\"_blank\" rel=\"noopener\"><strong>Portal Noticias Autom\u00e1ticas Moderno \u2013 COD-7797<\/strong><\/a><\/p>\n","protected":false},"excerpt":{"rendered":"<div class=\"elementor-element elementor-element-2a36c3a elementor-widget elementor-widget-heading\" data-id=\"2a36c3a\" data-element_type=\"widget\" data-widget_type=\"heading.default\">\n<div class=\"elementor-widget-container\">\n<h2 class=\"elementor-heading-title elementor-size-default\">Pack completo com 5 Portais de Noticias Autom\u00e1ticas Variados -COD-PACK-100<\/h2>\n<\/div>\n<\/div>\n<div class=\"elementor-element elementor-element-913f06a elementor-widget elementor-widget-heading\" data-id=\"913f06a\" data-element_type=\"widget\" data-widget_type=\"heading.default\">\n<div class=\"elementor-widget-container\">\n<p class=\"elementor-heading-title elementor-size-default\"><b>FORMATO<\/b>: Digital<br \/>\n<b>ENTREGA<\/b>: Autom\u00e1tica<\/p>\n<h6>Veja o Demo Antes de efetuar a compra<\/h6>\n<p>&nbsp;<\/p>\n<\/div>\n<\/div>\n<div class=\"elementor-element elementor-element-332b8da elementor-widget__width-inherit elementor-widget elementor-widget-text-editor\" data-id=\"332b8da\" data-element_type=\"widget\" data-widget_type=\"text-editor.default\">\n<div class=\"elementor-widget-container\">\n<p>PACK com 5 scripts de Portais de Noticias autom\u00e1ticas. agora voc\u00ea pode comprar tudo junto com grande\u00a0<strong>desconto de\u00a0 25 Reais\u00a0<\/strong>\u00e9 para economizar de verdade<\/p>\n<p>MODELOS DISPON\u00cdVEIS NESTE PACOTE<\/p>\n<p><strong>VEJA OS DEMOS ONLINE<\/strong><\/p>\n<p><a href=\"https:\/\/regionalpress.tk\/noticias\/COD9970\/\" target=\"_blank\" rel=\"noopener\"><strong>Mega News Noticias Autom\u00e1ticas-COD-9970<\/strong><\/a>\u00a0<a href=\"https:\/\/regionalpress.tk\/noticias\/COD-7999\/\" target=\"_blank\" rel=\"noopener\"><strong>Portal de Noticias Autom\u00e1ticas \u2013 COD-7999<\/strong><\/a>\u00a0<a href=\"https:\/\/regionalpress.tk\/noticias\/cod8080\/\" target=\"_blank\" rel=\"noopener\"><strong>Portal de Noticias Autom\u00e1ticas \u2013 COD-8080<\/strong><\/a>\u00a0<a href=\"https:\/\/regionalpress.tk\/noticias\/COD-7898\/\" target=\"_blank\" rel=\"noopener\"><strong>Portal News Word Noticias Autom\u00e1ticas \u2013 COD-7898<\/strong><\/a>\u00a0<a href=\"https:\/\/regionalpress.tk\/noticias\/COD-7797\/\" target=\"_blank\" rel=\"noopener\"><strong>Portal Noticias Autom\u00e1ticas Moderno \u2013 COD-7797<\/strong><\/a><\/p>\n<\/div>\n<\/div>\n","protected":false},"featured_media":2889,"template":"","meta":{"om_disable_all_campaigns":false,"_monsterinsights_skip_tracking":false,"_monsterinsights_sitenote_active":false,"_monsterinsights_sitenote_note":"","_monsterinsights_sitenote_category":0,"_joinchat":[]},"product_cat":[202,150,136],"product_tag":[],"class_list":{"0":"post-3406","1":"product","2":"type-product","3":"status-publish","4":"has-post-thumbnail","6":"product_cat-packs","7":"product_cat-packs-completos","8":"product_cat-todos-produtos","10":"first","11":"instock","12":"taxable","13":"shipping-taxable","14":"purchasable","15":"product-type-simple"},"aioseo_notices":[],"yoast_head":"<!-- This site is optimized with the Yoast SEO Premium plugin v23.7 (Yoast SEO v23.6) - https:\/\/yoast.com\/wordpress\/plugins\/seo\/ -->\n<title>Pack completo com 5 Portais de Noticias Autom\u00e1ticas Variados -COD-PACK-100 - Produtos Digitais<\/title>\n<meta name=\"robots\" content=\"index, follow, max-snippet:-1, max-image-preview:large, max-video-preview:-1\" \/>\n<link rel=\"canonical\" href=\"https:\/\/loja.emmersonstudio.com.br\/home\/produto\/pack-completo-com-5-portais-de-noticias-automaticas-variados-cod-pack-100\/\" \/>\n<meta property=\"og:locale\" content=\"pt_BR\" \/>\n<meta property=\"og:type\" content=\"article\" \/>\n<meta property=\"og:title\" content=\"Pack completo com 5 Portais de Noticias Autom\u00e1ticas Variados -COD-PACK-100\" \/>\n<meta property=\"og:description\" content=\"Pack completo com 5 Portais de Noticias Autom\u00e1ticas Variados -COD-PACK-100     FORMATO: Digital ENTREGA: Autom\u00e1tica  Veja o Demo Antes de efetuar a compra &nbsp;       PACK com 5 scripts de Portais de Noticias autom\u00e1ticas. agora voc\u00ea pode comprar tudo junto com grande\u00a0desconto de\u00a0 25 Reais\u00a0\u00e9 para economizar de verdade  MODELOS DISPON\u00cdVEIS NESTE PACOTE  VEJA OS DEMOS ONLINE  Mega News Noticias Autom\u00e1ticas-COD-9970\u00a0Portal de Noticias Autom\u00e1ticas \u2013 COD-7999\u00a0Portal de Noticias Autom\u00e1ticas \u2013 COD-8080\u00a0Portal News Word Noticias Autom\u00e1ticas \u2013 COD-7898\u00a0Portal Noticias Autom\u00e1ticas Moderno \u2013 COD-7797\" \/>\n<meta property=\"og:url\" content=\"https:\/\/loja.emmersonstudio.com.br\/home\/produto\/pack-completo-com-5-portais-de-noticias-automaticas-variados-cod-pack-100\/\" \/>\n<meta property=\"og:site_name\" content=\"Produtos Digitais\" \/>\n<meta name=\"twitter:card\" content=\"summary_large_image\" \/>\n<script type=\"application\/ld+json\" class=\"yoast-schema-graph\">{\"@context\":\"https:\/\/schema.org\",\"@graph\":[{\"@type\":\"WebPage\",\"@id\":\"https:\/\/loja.emmersonstudio.com.br\/home\/produto\/pack-completo-com-5-portais-de-noticias-automaticas-variados-cod-pack-100\/\",\"url\":\"https:\/\/loja.emmersonstudio.com.br\/home\/produto\/pack-completo-com-5-portais-de-noticias-automaticas-variados-cod-pack-100\/\",\"name\":\"Pack completo com 5 Portais de Noticias Autom\u00e1ticas Variados -COD-PACK-100 - Produtos Digitais\",\"isPartOf\":{\"@id\":\"https:\/\/loja.emmersonstudio.com.br\/home\/#website\"},\"primaryImageOfPage\":{\"@id\":\"https:\/\/loja.emmersonstudio.com.br\/home\/produto\/pack-completo-com-5-portais-de-noticias-automaticas-variados-cod-pack-100\/#primaryimage\"},\"image\":{\"@id\":\"https:\/\/loja.emmersonstudio.com.br\/home\/produto\/pack-completo-com-5-portais-de-noticias-automaticas-variados-cod-pack-100\/#primaryimage\"},\"thumbnailUrl\":\"https:\/\/loja.emmersonstudio.com.br\/home\/wp-content\/uploads\/2024\/11\/pack-5-portais-promocao.webp\",\"datePublished\":\"2025-01-17T12:28:04+00:00\",\"dateModified\":\"2025-01-17T12:28:04+00:00\",\"breadcrumb\":{\"@id\":\"https:\/\/loja.emmersonstudio.com.br\/home\/produto\/pack-completo-com-5-portais-de-noticias-automaticas-variados-cod-pack-100\/#breadcrumb\"},\"inLanguage\":\"pt-BR\",\"potentialAction\":[{\"@type\":\"ReadAction\",\"target\":[\"https:\/\/loja.emmersonstudio.com.br\/home\/produto\/pack-completo-com-5-portais-de-noticias-automaticas-variados-cod-pack-100\/\"]}]},{\"@type\":\"ImageObject\",\"inLanguage\":\"pt-BR\",\"@id\":\"https:\/\/loja.emmersonstudio.com.br\/home\/produto\/pack-completo-com-5-portais-de-noticias-automaticas-variados-cod-pack-100\/#primaryimage\",\"url\":\"https:\/\/loja.emmersonstudio.com.br\/home\/wp-content\/uploads\/2024\/11\/pack-5-portais-promocao.webp\",\"contentUrl\":\"https:\/\/loja.emmersonstudio.com.br\/home\/wp-content\/uploads\/2024\/11\/pack-5-portais-promocao.webp\",\"width\":1000,\"height\":1000},{\"@type\":\"BreadcrumbList\",\"@id\":\"https:\/\/loja.emmersonstudio.com.br\/home\/produto\/pack-completo-com-5-portais-de-noticias-automaticas-variados-cod-pack-100\/#breadcrumb\",\"itemListElement\":[{\"@type\":\"ListItem\",\"position\":1,\"name\":\"Home\",\"item\":\"https:\/\/loja.emmersonstudio.com.br\/home\/\"},{\"@type\":\"ListItem\",\"position\":2,\"name\":\"Loja\",\"item\":\"https:\/\/loja.emmersonstudio.com.br\/home\/loja\/\"},{\"@type\":\"ListItem\",\"position\":3,\"name\":\"Pack completo com 5 Portais de Noticias Autom\u00e1ticas Variados -COD-PACK-100\"}]},{\"@type\":\"WebSite\",\"@id\":\"https:\/\/loja.emmersonstudio.com.br\/home\/#website\",\"url\":\"https:\/\/loja.emmersonstudio.com.br\/home\/\",\"name\":\"LOJA DOS SCRIPTS\",\"description\":\"\",\"publisher\":{\"@id\":\"https:\/\/loja.emmersonstudio.com.br\/home\/#\/schema\/person\/e7a723a212fc0c6c60a0734892d60ac1\"},\"potentialAction\":[{\"@type\":\"SearchAction\",\"target\":{\"@type\":\"EntryPoint\",\"urlTemplate\":\"https:\/\/loja.emmersonstudio.com.br\/home\/?s={search_term_string}\"},\"query-input\":{\"@type\":\"PropertyValueSpecification\",\"valueRequired\":true,\"valueName\":\"search_term_string\"}}],\"inLanguage\":\"pt-BR\"},{\"@type\":[\"Person\",\"Organization\"],\"@id\":\"https:\/\/loja.emmersonstudio.com.br\/home\/#\/schema\/person\/e7a723a212fc0c6c60a0734892d60ac1\",\"name\":\"admin\",\"image\":{\"@type\":\"ImageObject\",\"inLanguage\":\"pt-BR\",\"@id\":\"https:\/\/loja.emmersonstudio.com.br\/home\/#\/schema\/person\/image\/\",\"url\":\"https:\/\/loja.emmersonstudio.com.br\/home\/wp-content\/uploads\/2023\/10\/Design-sem-nome-2.png\",\"contentUrl\":\"https:\/\/loja.emmersonstudio.com.br\/home\/wp-content\/uploads\/2023\/10\/Design-sem-nome-2.png\",\"width\":512,\"height\":250,\"caption\":\"admin\"},\"logo\":{\"@id\":\"https:\/\/loja.emmersonstudio.com.br\/home\/#\/schema\/person\/image\/\"},\"sameAs\":[\"https:\/\/loja.emmersonstudio.com.br\/home\"]}]}<\/script>\n<!-- \/ Yoast SEO Premium plugin. -->","yoast_head_json":{"title":"Pack completo com 5 Portais de Noticias Autom\u00e1ticas Variados -COD-PACK-100 - Produtos Digitais","robots":{"index":"index","follow":"follow","max-snippet":"max-snippet:-1","max-image-preview":"max-image-preview:large","max-video-preview":"max-video-preview:-1"},"canonical":"https:\/\/loja.emmersonstudio.com.br\/home\/produto\/pack-completo-com-5-portais-de-noticias-automaticas-variados-cod-pack-100\/","og_locale":"pt_BR","og_type":"article","og_title":"Pack completo com 5 Portais de Noticias Autom\u00e1ticas Variados -COD-PACK-100","og_description":"Pack completo com 5 Portais de Noticias Autom\u00e1ticas Variados -COD-PACK-100     FORMATO: Digital ENTREGA: Autom\u00e1tica  Veja o Demo Antes de efetuar a compra &nbsp;       PACK com 5 scripts de Portais de Noticias autom\u00e1ticas. agora voc\u00ea pode comprar tudo junto com grande\u00a0desconto de\u00a0 25 Reais\u00a0\u00e9 para economizar de verdade  MODELOS DISPON\u00cdVEIS NESTE PACOTE  VEJA OS DEMOS ONLINE  Mega News Noticias Autom\u00e1ticas-COD-9970\u00a0Portal de Noticias Autom\u00e1ticas \u2013 COD-7999\u00a0Portal de Noticias Autom\u00e1ticas \u2013 COD-8080\u00a0Portal News Word Noticias Autom\u00e1ticas \u2013 COD-7898\u00a0Portal Noticias Autom\u00e1ticas Moderno \u2013 COD-7797","og_url":"https:\/\/loja.emmersonstudio.com.br\/home\/produto\/pack-completo-com-5-portais-de-noticias-automaticas-variados-cod-pack-100\/","og_site_name":"Produtos Digitais","twitter_card":"summary_large_image","schema":{"@context":"https:\/\/schema.org","@graph":[{"@type":"WebPage","@id":"https:\/\/loja.emmersonstudio.com.br\/home\/produto\/pack-completo-com-5-portais-de-noticias-automaticas-variados-cod-pack-100\/","url":"https:\/\/loja.emmersonstudio.com.br\/home\/produto\/pack-completo-com-5-portais-de-noticias-automaticas-variados-cod-pack-100\/","name":"Pack completo com 5 Portais de Noticias Autom\u00e1ticas Variados -COD-PACK-100 - Produtos Digitais","isPartOf":{"@id":"https:\/\/loja.emmersonstudio.com.br\/home\/#website"},"primaryImageOfPage":{"@id":"https:\/\/loja.emmersonstudio.com.br\/home\/produto\/pack-completo-com-5-portais-de-noticias-automaticas-variados-cod-pack-100\/#primaryimage"},"image":{"@id":"https:\/\/loja.emmersonstudio.com.br\/home\/produto\/pack-completo-com-5-portais-de-noticias-automaticas-variados-cod-pack-100\/#primaryimage"},"thumbnailUrl":"https:\/\/loja.emmersonstudio.com.br\/home\/wp-content\/uploads\/2024\/11\/pack-5-portais-promocao.webp","datePublished":"2025-01-17T12:28:04+00:00","dateModified":"2025-01-17T12:28:04+00:00","breadcrumb":{"@id":"https:\/\/loja.emmersonstudio.com.br\/home\/produto\/pack-completo-com-5-portais-de-noticias-automaticas-variados-cod-pack-100\/#breadcrumb"},"inLanguage":"pt-BR","potentialAction":[{"@type":"ReadAction","target":["https:\/\/loja.emmersonstudio.com.br\/home\/produto\/pack-completo-com-5-portais-de-noticias-automaticas-variados-cod-pack-100\/"]}]},{"@type":"ImageObject","inLanguage":"pt-BR","@id":"https:\/\/loja.emmersonstudio.com.br\/home\/produto\/pack-completo-com-5-portais-de-noticias-automaticas-variados-cod-pack-100\/#primaryimage","url":"https:\/\/loja.emmersonstudio.com.br\/home\/wp-content\/uploads\/2024\/11\/pack-5-portais-promocao.webp","contentUrl":"https:\/\/loja.emmersonstudio.com.br\/home\/wp-content\/uploads\/2024\/11\/pack-5-portais-promocao.webp","width":1000,"height":1000},{"@type":"BreadcrumbList","@id":"https:\/\/loja.emmersonstudio.com.br\/home\/produto\/pack-completo-com-5-portais-de-noticias-automaticas-variados-cod-pack-100\/#breadcrumb","itemListElement":[{"@type":"ListItem","position":1,"name":"Home","item":"https:\/\/loja.emmersonstudio.com.br\/home\/"},{"@type":"ListItem","position":2,"name":"Loja","item":"https:\/\/loja.emmersonstudio.com.br\/home\/loja\/"},{"@type":"ListItem","position":3,"name":"Pack completo com 5 Portais de Noticias Autom\u00e1ticas Variados -COD-PACK-100"}]},{"@type":"WebSite","@id":"https:\/\/loja.emmersonstudio.com.br\/home\/#website","url":"https:\/\/loja.emmersonstudio.com.br\/home\/","name":"LOJA DOS SCRIPTS","description":"","publisher":{"@id":"https:\/\/loja.emmersonstudio.com.br\/home\/#\/schema\/person\/e7a723a212fc0c6c60a0734892d60ac1"},"potentialAction":[{"@type":"SearchAction","target":{"@type":"EntryPoint","urlTemplate":"https:\/\/loja.emmersonstudio.com.br\/home\/?s={search_term_string}"},"query-input":{"@type":"PropertyValueSpecification","valueRequired":true,"valueName":"search_term_string"}}],"inLanguage":"pt-BR"},{"@type":["Person","Organization"],"@id":"https:\/\/loja.emmersonstudio.com.br\/home\/#\/schema\/person\/e7a723a212fc0c6c60a0734892d60ac1","name":"admin","image":{"@type":"ImageObject","inLanguage":"pt-BR","@id":"https:\/\/loja.emmersonstudio.com.br\/home\/#\/schema\/person\/image\/","url":"https:\/\/loja.emmersonstudio.com.br\/home\/wp-content\/uploads\/2023\/10\/Design-sem-nome-2.png","contentUrl":"https:\/\/loja.emmersonstudio.com.br\/home\/wp-content\/uploads\/2023\/10\/Design-sem-nome-2.png","width":512,"height":250,"caption":"admin"},"logo":{"@id":"https:\/\/loja.emmersonstudio.com.br\/home\/#\/schema\/person\/image\/"},"sameAs":["https:\/\/loja.emmersonstudio.com.br\/home"]}]}},"_links":{"self":[{"href":"https:\/\/loja.emmersonstudio.com.br\/home\/wp-json\/wp\/v2\/product\/3406","targetHints":{"allow":["GET"]}}],"collection":[{"href":"https:\/\/loja.emmersonstudio.com.br\/home\/wp-json\/wp\/v2\/product"}],"about":[{"href":"https:\/\/loja.emmersonstudio.com.br\/home\/wp-json\/wp\/v2\/types\/product"}],"wp:featuredmedia":[{"embeddable":true,"href":"https:\/\/loja.emmersonstudio.com.br\/home\/wp-json\/wp\/v2\/media\/2889"}],"wp:attachment":[{"href":"https:\/\/loja.emmersonstudio.com.br\/home\/wp-json\/wp\/v2\/media?parent=3406"}],"wp:term":[{"taxonomy":"product_cat","embeddable":true,"href":"https:\/\/loja.emmersonstudio.com.br\/home\/wp-json\/wp\/v2\/product_cat?post=3406"},{"taxonomy":"product_tag","embeddable":true,"href":"https:\/\/loja.emmersonstudio.com.br\/home\/wp-json\/wp\/v2\/product_tag?post=3406"}],"curies":[{"name":"wp","href":"https:\/\/api.w.org\/{rel}","templated":true}]}}