{"id":3405,"date":"2025-01-17T12:28:03","date_gmt":"2025-01-17T12:28:03","guid":{"rendered":"https:\/\/loja.emmersonstudio.com.br\/home\/produto\/pacotao-com-mais-de-500-vinhetas-prontas-volume-2\/"},"modified":"2025-01-17T12:28:04","modified_gmt":"2025-01-17T12:28:04","slug":"pacotao-com-mais-de-500-vinhetas-prontas-volume-2","status":"publish","type":"product","link":"https:\/\/loja.emmersonstudio.com.br\/home\/produto\/pacotao-com-mais-de-500-vinhetas-prontas-volume-2\/","title":{"rendered":"Pacot\u00e3o com mais de 500 vinhetas prontas (volume 2 )"},"content":{"rendered":"<h2>Descri\u00e7\u00e3o<\/h2>\n<p><strong>Transforme Sua Programa\u00e7\u00e3o com o Mega Pack de Vinhetas Prontas para R\u00e1dio!<\/strong><\/p>\n<p>Chegou a solu\u00e7\u00e3o definitiva para voc\u00ea que busca dinamizar e profissionalizar sua emissora com facilidade e qualidade! Apresentamos o\u00a0<strong>Mega Pack de Vinhetas Prontas para R\u00e1dio<\/strong>, um verdadeiro arsenal de criatividade e efici\u00eancia para a sua programa\u00e7\u00e3o!<\/p>\n<ul>\n<li><strong>Qualidade Profissional:<\/strong>\u00a0Todas as vinhetas s\u00e3o produzidas com tecnologia de ponta , garantindo clareza e impacto em cada mensagem.<\/li>\n<li><strong>Facilidade de Uso:<\/strong>\u00a0Com formatos vers\u00e1teis e prontos para uso, voc\u00ea pode facilmente integrar as vinhetas ao seu sistema de r\u00e1dio sem complica\u00e7\u00f5es.<\/li>\n<li><strong>Economia de Tempo:<\/strong>\u00a0Esque\u00e7a o trabalho de criar vinhetas do zero. Com nosso pack, voc\u00ea ganha tempo e ainda garante uma programa\u00e7\u00e3o bem elaborada.<\/li>\n<li>N\u00e3o perca mais tempo e leve sua r\u00e1dio a um novo patamar com o\u00a0<strong>Mega Pack de Vinhetas Prontas para R\u00e1dio<\/strong>!MAS ATEN\u00c7\u00c3O\u00a0<strong>SOMENTE VENDEMOS A VINHETAS PRONTAS , N\u00c3O GRAVAMOS<\/strong><\/li>\n<\/ul>\n","protected":false},"excerpt":{"rendered":"<div class=\"elementor-element elementor-element-2a36c3a elementor-widget elementor-widget-heading\" data-id=\"2a36c3a\" data-element_type=\"widget\" data-widget_type=\"heading.default\">\n<div class=\"elementor-widget-container\">\n<h2 class=\"elementor-heading-title elementor-size-default\">Pacot\u00e3o com mais de 500 vinhetas prontas (volume 2 )<\/h2>\n<\/div>\n<\/div>\n<div class=\"elementor-element elementor-element-913f06a elementor-widget elementor-widget-heading\" data-id=\"913f06a\" data-element_type=\"widget\" data-widget_type=\"heading.default\">\n<div class=\"elementor-widget-container\">\n<p class=\"elementor-heading-title elementor-size-default\"><b>FORMATO<\/b>: Digital<br \/>\n<b>ENTREGA<\/b>: Autom\u00e1tica<\/p>\n<\/div>\n<\/div>\n","protected":false},"featured_media":2887,"template":"","meta":{"om_disable_all_campaigns":false,"_monsterinsights_skip_tracking":false,"_monsterinsights_sitenote_active":false,"_monsterinsights_sitenote_note":"","_monsterinsights_sitenote_category":0,"_joinchat":[]},"product_cat":[202,150,136],"product_tag":[],"class_list":{"0":"post-3405","1":"product","2":"type-product","3":"status-publish","4":"has-post-thumbnail","6":"product_cat-packs","7":"product_cat-packs-completos","8":"product_cat-todos-produtos","10":"first","11":"instock","12":"taxable","13":"shipping-taxable","14":"purchasable","15":"product-type-simple"},"aioseo_notices":[],"yoast_head":"<!-- This site is optimized with the Yoast SEO Premium plugin v23.7 (Yoast SEO v23.6) - https:\/\/yoast.com\/wordpress\/plugins\/seo\/ -->\n<title>Pacot\u00e3o com mais de 500 vinhetas prontas (volume 2 ) - Produtos Digitais<\/title>\n<meta name=\"robots\" content=\"index, follow, max-snippet:-1, max-image-preview:large, max-video-preview:-1\" \/>\n<link rel=\"canonical\" href=\"https:\/\/loja.emmersonstudio.com.br\/home\/produto\/pacotao-com-mais-de-500-vinhetas-prontas-volume-2\/\" \/>\n<meta property=\"og:locale\" content=\"pt_BR\" \/>\n<meta property=\"og:type\" content=\"article\" \/>\n<meta property=\"og:title\" content=\"Pacot\u00e3o com mais de 500 vinhetas prontas (volume 2 )\" \/>\n<meta property=\"og:description\" content=\"Pacot\u00e3o com mais de 500 vinhetas prontas (volume 2 )     FORMATO: Digital ENTREGA: Autom\u00e1tica\" \/>\n<meta property=\"og:url\" content=\"https:\/\/loja.emmersonstudio.com.br\/home\/produto\/pacotao-com-mais-de-500-vinhetas-prontas-volume-2\/\" \/>\n<meta property=\"og:site_name\" content=\"Produtos Digitais\" \/>\n<meta property=\"article:modified_time\" content=\"2025-01-17T12:28:04+00:00\" \/>\n<meta name=\"twitter:card\" content=\"summary_large_image\" \/>\n<meta name=\"twitter:label1\" content=\"Est. tempo de leitura\" \/>\n\t<meta name=\"twitter:data1\" content=\"1 minuto\" \/>\n<script type=\"application\/ld+json\" class=\"yoast-schema-graph\">{\"@context\":\"https:\/\/schema.org\",\"@graph\":[{\"@type\":\"WebPage\",\"@id\":\"https:\/\/loja.emmersonstudio.com.br\/home\/produto\/pacotao-com-mais-de-500-vinhetas-prontas-volume-2\/\",\"url\":\"https:\/\/loja.emmersonstudio.com.br\/home\/produto\/pacotao-com-mais-de-500-vinhetas-prontas-volume-2\/\",\"name\":\"Pacot\u00e3o com mais de 500 vinhetas prontas (volume 2 ) - Produtos Digitais\",\"isPartOf\":{\"@id\":\"https:\/\/loja.emmersonstudio.com.br\/home\/#website\"},\"primaryImageOfPage\":{\"@id\":\"https:\/\/loja.emmersonstudio.com.br\/home\/produto\/pacotao-com-mais-de-500-vinhetas-prontas-volume-2\/#primaryimage\"},\"image\":{\"@id\":\"https:\/\/loja.emmersonstudio.com.br\/home\/produto\/pacotao-com-mais-de-500-vinhetas-prontas-volume-2\/#primaryimage\"},\"thumbnailUrl\":\"https:\/\/loja.emmersonstudio.com.br\/home\/wp-content\/uploads\/2024\/11\/pacotao-com-500-vinhetas-volume-2-extra.webp\",\"datePublished\":\"2025-01-17T12:28:03+00:00\",\"dateModified\":\"2025-01-17T12:28:04+00:00\",\"breadcrumb\":{\"@id\":\"https:\/\/loja.emmersonstudio.com.br\/home\/produto\/pacotao-com-mais-de-500-vinhetas-prontas-volume-2\/#breadcrumb\"},\"inLanguage\":\"pt-BR\",\"potentialAction\":[{\"@type\":\"ReadAction\",\"target\":[\"https:\/\/loja.emmersonstudio.com.br\/home\/produto\/pacotao-com-mais-de-500-vinhetas-prontas-volume-2\/\"]}]},{\"@type\":\"ImageObject\",\"inLanguage\":\"pt-BR\",\"@id\":\"https:\/\/loja.emmersonstudio.com.br\/home\/produto\/pacotao-com-mais-de-500-vinhetas-prontas-volume-2\/#primaryimage\",\"url\":\"https:\/\/loja.emmersonstudio.com.br\/home\/wp-content\/uploads\/2024\/11\/pacotao-com-500-vinhetas-volume-2-extra.webp\",\"contentUrl\":\"https:\/\/loja.emmersonstudio.com.br\/home\/wp-content\/uploads\/2024\/11\/pacotao-com-500-vinhetas-volume-2-extra.webp\",\"width\":800,\"height\":699},{\"@type\":\"BreadcrumbList\",\"@id\":\"https:\/\/loja.emmersonstudio.com.br\/home\/produto\/pacotao-com-mais-de-500-vinhetas-prontas-volume-2\/#breadcrumb\",\"itemListElement\":[{\"@type\":\"ListItem\",\"position\":1,\"name\":\"Home\",\"item\":\"https:\/\/loja.emmersonstudio.com.br\/home\/\"},{\"@type\":\"ListItem\",\"position\":2,\"name\":\"Loja\",\"item\":\"https:\/\/loja.emmersonstudio.com.br\/home\/loja\/\"},{\"@type\":\"ListItem\",\"position\":3,\"name\":\"Pacot\u00e3o com mais de 500 vinhetas prontas (volume 2 )\"}]},{\"@type\":\"WebSite\",\"@id\":\"https:\/\/loja.emmersonstudio.com.br\/home\/#website\",\"url\":\"https:\/\/loja.emmersonstudio.com.br\/home\/\",\"name\":\"LOJA DOS SCRIPTS\",\"description\":\"\",\"publisher\":{\"@id\":\"https:\/\/loja.emmersonstudio.com.br\/home\/#\/schema\/person\/e7a723a212fc0c6c60a0734892d60ac1\"},\"potentialAction\":[{\"@type\":\"SearchAction\",\"target\":{\"@type\":\"EntryPoint\",\"urlTemplate\":\"https:\/\/loja.emmersonstudio.com.br\/home\/?s={search_term_string}\"},\"query-input\":{\"@type\":\"PropertyValueSpecification\",\"valueRequired\":true,\"valueName\":\"search_term_string\"}}],\"inLanguage\":\"pt-BR\"},{\"@type\":[\"Person\",\"Organization\"],\"@id\":\"https:\/\/loja.emmersonstudio.com.br\/home\/#\/schema\/person\/e7a723a212fc0c6c60a0734892d60ac1\",\"name\":\"admin\",\"image\":{\"@type\":\"ImageObject\",\"inLanguage\":\"pt-BR\",\"@id\":\"https:\/\/loja.emmersonstudio.com.br\/home\/#\/schema\/person\/image\/\",\"url\":\"https:\/\/loja.emmersonstudio.com.br\/home\/wp-content\/uploads\/2023\/10\/Design-sem-nome-2.png\",\"contentUrl\":\"https:\/\/loja.emmersonstudio.com.br\/home\/wp-content\/uploads\/2023\/10\/Design-sem-nome-2.png\",\"width\":512,\"height\":250,\"caption\":\"admin\"},\"logo\":{\"@id\":\"https:\/\/loja.emmersonstudio.com.br\/home\/#\/schema\/person\/image\/\"},\"sameAs\":[\"https:\/\/loja.emmersonstudio.com.br\/home\"]}]}<\/script>\n<!-- \/ Yoast SEO Premium plugin. -->","yoast_head_json":{"title":"Pacot\u00e3o com mais de 500 vinhetas prontas (volume 2 ) - Produtos Digitais","robots":{"index":"index","follow":"follow","max-snippet":"max-snippet:-1","max-image-preview":"max-image-preview:large","max-video-preview":"max-video-preview:-1"},"canonical":"https:\/\/loja.emmersonstudio.com.br\/home\/produto\/pacotao-com-mais-de-500-vinhetas-prontas-volume-2\/","og_locale":"pt_BR","og_type":"article","og_title":"Pacot\u00e3o com mais de 500 vinhetas prontas (volume 2 )","og_description":"Pacot\u00e3o com mais de 500 vinhetas prontas (volume 2 )     FORMATO: Digital ENTREGA: Autom\u00e1tica","og_url":"https:\/\/loja.emmersonstudio.com.br\/home\/produto\/pacotao-com-mais-de-500-vinhetas-prontas-volume-2\/","og_site_name":"Produtos Digitais","article_modified_time":"2025-01-17T12:28:04+00:00","twitter_card":"summary_large_image","twitter_misc":{"Est. tempo de leitura":"1 minuto"},"schema":{"@context":"https:\/\/schema.org","@graph":[{"@type":"WebPage","@id":"https:\/\/loja.emmersonstudio.com.br\/home\/produto\/pacotao-com-mais-de-500-vinhetas-prontas-volume-2\/","url":"https:\/\/loja.emmersonstudio.com.br\/home\/produto\/pacotao-com-mais-de-500-vinhetas-prontas-volume-2\/","name":"Pacot\u00e3o com mais de 500 vinhetas prontas (volume 2 ) - Produtos Digitais","isPartOf":{"@id":"https:\/\/loja.emmersonstudio.com.br\/home\/#website"},"primaryImageOfPage":{"@id":"https:\/\/loja.emmersonstudio.com.br\/home\/produto\/pacotao-com-mais-de-500-vinhetas-prontas-volume-2\/#primaryimage"},"image":{"@id":"https:\/\/loja.emmersonstudio.com.br\/home\/produto\/pacotao-com-mais-de-500-vinhetas-prontas-volume-2\/#primaryimage"},"thumbnailUrl":"https:\/\/loja.emmersonstudio.com.br\/home\/wp-content\/uploads\/2024\/11\/pacotao-com-500-vinhetas-volume-2-extra.webp","datePublished":"2025-01-17T12:28:03+00:00","dateModified":"2025-01-17T12:28:04+00:00","breadcrumb":{"@id":"https:\/\/loja.emmersonstudio.com.br\/home\/produto\/pacotao-com-mais-de-500-vinhetas-prontas-volume-2\/#breadcrumb"},"inLanguage":"pt-BR","potentialAction":[{"@type":"ReadAction","target":["https:\/\/loja.emmersonstudio.com.br\/home\/produto\/pacotao-com-mais-de-500-vinhetas-prontas-volume-2\/"]}]},{"@type":"ImageObject","inLanguage":"pt-BR","@id":"https:\/\/loja.emmersonstudio.com.br\/home\/produto\/pacotao-com-mais-de-500-vinhetas-prontas-volume-2\/#primaryimage","url":"https:\/\/loja.emmersonstudio.com.br\/home\/wp-content\/uploads\/2024\/11\/pacotao-com-500-vinhetas-volume-2-extra.webp","contentUrl":"https:\/\/loja.emmersonstudio.com.br\/home\/wp-content\/uploads\/2024\/11\/pacotao-com-500-vinhetas-volume-2-extra.webp","width":800,"height":699},{"@type":"BreadcrumbList","@id":"https:\/\/loja.emmersonstudio.com.br\/home\/produto\/pacotao-com-mais-de-500-vinhetas-prontas-volume-2\/#breadcrumb","itemListElement":[{"@type":"ListItem","position":1,"name":"Home","item":"https:\/\/loja.emmersonstudio.com.br\/home\/"},{"@type":"ListItem","position":2,"name":"Loja","item":"https:\/\/loja.emmersonstudio.com.br\/home\/loja\/"},{"@type":"ListItem","position":3,"name":"Pacot\u00e3o com mais de 500 vinhetas prontas (volume 2 )"}]},{"@type":"WebSite","@id":"https:\/\/loja.emmersonstudio.com.br\/home\/#website","url":"https:\/\/loja.emmersonstudio.com.br\/home\/","name":"LOJA DOS SCRIPTS","description":"","publisher":{"@id":"https:\/\/loja.emmersonstudio.com.br\/home\/#\/schema\/person\/e7a723a212fc0c6c60a0734892d60ac1"},"potentialAction":[{"@type":"SearchAction","target":{"@type":"EntryPoint","urlTemplate":"https:\/\/loja.emmersonstudio.com.br\/home\/?s={search_term_string}"},"query-input":{"@type":"PropertyValueSpecification","valueRequired":true,"valueName":"search_term_string"}}],"inLanguage":"pt-BR"},{"@type":["Person","Organization"],"@id":"https:\/\/loja.emmersonstudio.com.br\/home\/#\/schema\/person\/e7a723a212fc0c6c60a0734892d60ac1","name":"admin","image":{"@type":"ImageObject","inLanguage":"pt-BR","@id":"https:\/\/loja.emmersonstudio.com.br\/home\/#\/schema\/person\/image\/","url":"https:\/\/loja.emmersonstudio.com.br\/home\/wp-content\/uploads\/2023\/10\/Design-sem-nome-2.png","contentUrl":"https:\/\/loja.emmersonstudio.com.br\/home\/wp-content\/uploads\/2023\/10\/Design-sem-nome-2.png","width":512,"height":250,"caption":"admin"},"logo":{"@id":"https:\/\/loja.emmersonstudio.com.br\/home\/#\/schema\/person\/image\/"},"sameAs":["https:\/\/loja.emmersonstudio.com.br\/home"]}]}},"_links":{"self":[{"href":"https:\/\/loja.emmersonstudio.com.br\/home\/wp-json\/wp\/v2\/product\/3405","targetHints":{"allow":["GET"]}}],"collection":[{"href":"https:\/\/loja.emmersonstudio.com.br\/home\/wp-json\/wp\/v2\/product"}],"about":[{"href":"https:\/\/loja.emmersonstudio.com.br\/home\/wp-json\/wp\/v2\/types\/product"}],"wp:featuredmedia":[{"embeddable":true,"href":"https:\/\/loja.emmersonstudio.com.br\/home\/wp-json\/wp\/v2\/media\/2887"}],"wp:attachment":[{"href":"https:\/\/loja.emmersonstudio.com.br\/home\/wp-json\/wp\/v2\/media?parent=3405"}],"wp:term":[{"taxonomy":"product_cat","embeddable":true,"href":"https:\/\/loja.emmersonstudio.com.br\/home\/wp-json\/wp\/v2\/product_cat?post=3405"},{"taxonomy":"product_tag","embeddable":true,"href":"https:\/\/loja.emmersonstudio.com.br\/home\/wp-json\/wp\/v2\/product_tag?post=3405"}],"curies":[{"name":"wp","href":"https:\/\/api.w.org\/{rel}","templated":true}]}}