{"id":3402,"date":"2025-01-17T12:28:00","date_gmt":"2025-01-17T12:28:00","guid":{"rendered":"https:\/\/loja.emmersonstudio.com.br\/home\/produto\/script-spacepix-com-tutorial-de-instalacao\/"},"modified":"2025-01-17T12:28:01","modified_gmt":"2025-01-17T12:28:01","slug":"script-spacepix-com-tutorial-de-instalacao","status":"publish","type":"product","link":"https:\/\/loja.emmersonstudio.com.br\/home\/produto\/script-spacepix-com-tutorial-de-instalacao\/","title":{"rendered":"Script SpacePix Com tutorial de instala\u00e7\u00e3o"},"content":{"rendered":"<p>SpacePix \u00e9 uma banca de cassino e plataforma de jogos de apostas online, oferecendo uma variedade de jogos de azar para jogadores de diferentes perfis. A plataforma geralmente inclui op\u00e7\u00f5es como ca\u00e7a-n\u00edqueis (slots), roleta, blackjack, poker, e outros jogos cl\u00e1ssicos de cassino. Al\u00e9m disso, SpacePix pode oferecer apostas esportivas, permitindo que os jogadores apostem em eventos ao vivo ou futuros de diversas modalidades esportivas.<\/p>\n<p>Alguns dos principais elementos que costumam ser destaque em plataformas como a SpacePix incluem:<\/p>\n<ul>\n<li><strong>B\u00f4nus de Boas-Vindas e Promo\u00e7\u00f5es:<\/strong> Ofertas para novos jogadores, como b\u00f4nus de dep\u00f3sito e giros gr\u00e1tis, al\u00e9m de promo\u00e7\u00f5es cont\u00ednuas para jogadores existentes.<\/li>\n<li><strong>Variedade de Jogos:<\/strong> Uma ampla sele\u00e7\u00e3o de jogos, tanto em formato ao vivo, com dealers reais, quanto em vers\u00f5es virtuais.<\/li>\n<li><strong>Seguran\u00e7a e Licenciamento:<\/strong> Certifica\u00e7\u00e3o e regula\u00e7\u00e3o por autoridades de jogos de azar, garantindo que a plataforma seja segura e justa para os usu\u00e1rios.<\/li>\n<li><strong>Experi\u00eancia de Usu\u00e1rio:<\/strong> Interface amig\u00e1vel, suporte ao cliente eficiente, e m\u00e9todos de pagamento variados e seguros, como cart\u00f5es de cr\u00e9dito, carteiras digitais e criptomoedas.<\/li>\n<\/ul>\n<p>Por favor, me avise se voc\u00ea quer saber algo mais espec\u00edfico sobre essa plataforma!<\/p>\n","protected":false},"excerpt":{"rendered":"<p>SpacePix \u00e9 uma banca de cassino e plataforma de jogos de apostas online, oferecendo uma variedade de jogos de azar para jogadores de diferentes perfis. A plataforma geralmente inclui op\u00e7\u00f5es como ca\u00e7a-n\u00edqueis (slots), roleta, blackjack, poker, e outros jogos cl\u00e1ssicos de cassino. Al\u00e9m disso, SpacePix pode oferecer apostas esportivas, permitindo que os jogadores apostem em eventos ao vivo ou futuros de diversas modalidades esportivas.<\/p>\n<p>Alguns dos principais elementos que costumam ser destaque em plataformas como a SpacePix incluem:<\/p>\n<ul>\n<li><strong>B\u00f4nus de Boas-Vindas e Promo\u00e7\u00f5es:<\/strong> Ofertas para novos jogadores, como b\u00f4nus de dep\u00f3sito e giros gr\u00e1tis, al\u00e9m de promo\u00e7\u00f5es cont\u00ednuas para jogadores existentes.<\/li>\n<li><strong>Variedade de Jogos:<\/strong> Uma ampla sele\u00e7\u00e3o de jogos, tanto em formato ao vivo, com dealers reais, quanto em vers\u00f5es virtuais.<\/li>\n<li><strong>Seguran\u00e7a e Licenciamento:<\/strong> Certifica\u00e7\u00e3o e regula\u00e7\u00e3o por autoridades de jogos de azar, garantindo que a plataforma seja segura e justa para os usu\u00e1rios.<\/li>\n<li><strong>Experi\u00eancia de Usu\u00e1rio:<\/strong> Interface amig\u00e1vel, suporte ao cliente eficiente, e m\u00e9todos de pagamento variados e seguros, como cart\u00f5es de cr\u00e9dito, carteiras digitais e criptomoedas.<\/li>\n<\/ul>\n<p>Por favor, me avise se voc\u00ea quer saber algo mais espec\u00edfico sobre essa plataforma!<\/p>\n<p><a href=\"https:\/\/bet.vedemo.shop\/\"><img decoding=\"async\" class=\"alignnone wp-image-7237 size-full\" src=\"https:\/\/scriptstore.com.br\/wp-content\/uploads\/2022\/05\/btn-demo.png\" alt=\"\" width=\"196\" height=\"81\" \/><\/a><\/p>\n<p>Acesso admin ao painel<\/p>\n<p>site: https:\/\/bet.vedemo.shop\/admin<\/p>\n<p>Login:admin@hotmail.com<br \/>\nSenha: 123456<\/p>\n","protected":false},"featured_media":2878,"template":"","meta":{"om_disable_all_campaigns":false,"_monsterinsights_skip_tracking":false,"_monsterinsights_sitenote_active":false,"_monsterinsights_sitenote_note":"","_monsterinsights_sitenote_category":0,"_joinchat":[]},"product_cat":[155,171,136],"product_tag":[],"class_list":{"0":"post-3402","1":"product","2":"type-product","3":"status-publish","4":"has-post-thumbnail","6":"product_cat-lancamentos","7":"product_cat-masvendido","8":"product_cat-todos-produtos","10":"first","11":"instock","12":"taxable","13":"shipping-taxable","14":"purchasable","15":"product-type-simple"},"aioseo_notices":[],"yoast_head":"<!-- This site is optimized with the Yoast SEO Premium plugin v23.7 (Yoast SEO v23.6) - https:\/\/yoast.com\/wordpress\/plugins\/seo\/ -->\n<title>Script SpacePix Com tutorial de instala\u00e7\u00e3o - Produtos Digitais<\/title>\n<meta name=\"robots\" content=\"index, follow, max-snippet:-1, max-image-preview:large, max-video-preview:-1\" \/>\n<link rel=\"canonical\" href=\"https:\/\/loja.emmersonstudio.com.br\/home\/produto\/script-spacepix-com-tutorial-de-instalacao\/\" \/>\n<meta property=\"og:locale\" content=\"pt_BR\" \/>\n<meta property=\"og:type\" content=\"article\" \/>\n<meta property=\"og:title\" content=\"Script SpacePix Com tutorial de instala\u00e7\u00e3o\" \/>\n<meta property=\"og:description\" content=\"SpacePix \u00e9 uma banca de cassino e plataforma de jogos de apostas online, oferecendo uma variedade de jogos de azar para jogadores de diferentes perfis. A plataforma geralmente inclui op\u00e7\u00f5es como ca\u00e7a-n\u00edqueis (slots), roleta, blackjack, poker, e outros jogos cl\u00e1ssicos de cassino. Al\u00e9m disso, SpacePix pode oferecer apostas esportivas, permitindo que os jogadores apostem em eventos ao vivo ou futuros de diversas modalidades esportivas.  Alguns dos principais elementos que costumam ser destaque em plataformas como a SpacePix incluem:   B\u00f4nus de Boas-Vindas e Promo\u00e7\u00f5es: Ofertas para novos jogadores, como b\u00f4nus de dep\u00f3sito e giros gr\u00e1tis, al\u00e9m de promo\u00e7\u00f5es cont\u00ednuas para jogadores existentes.  Variedade de Jogos: Uma ampla sele\u00e7\u00e3o de jogos, tanto em formato ao vivo, com dealers reais, quanto em vers\u00f5es virtuais.  Seguran\u00e7a e Licenciamento: Certifica\u00e7\u00e3o e regula\u00e7\u00e3o por autoridades de jogos de azar, garantindo que a plataforma seja segura e justa para os usu\u00e1rios.  Experi\u00eancia de Usu\u00e1rio: Interface amig\u00e1vel, suporte ao cliente eficiente, e m\u00e9todos de pagamento variados e seguros, como cart\u00f5es de cr\u00e9dito, carteiras digitais e criptomoedas.  Por favor, me avise se voc\u00ea quer saber algo mais espec\u00edfico sobre essa plataforma!    Acesso admin ao painel  site: https:\/\/bet.vedemo.shop\/admin  Login:admin@hotmail.com Senha: 123456\" \/>\n<meta property=\"og:url\" content=\"https:\/\/loja.emmersonstudio.com.br\/home\/produto\/script-spacepix-com-tutorial-de-instalacao\/\" \/>\n<meta property=\"og:site_name\" content=\"Produtos Digitais\" \/>\n<meta property=\"article:modified_time\" content=\"2025-01-17T12:28:01+00:00\" \/>\n<meta name=\"twitter:card\" content=\"summary_large_image\" \/>\n<meta name=\"twitter:label1\" content=\"Est. tempo de leitura\" \/>\n\t<meta name=\"twitter:data1\" content=\"1 minuto\" \/>\n<script type=\"application\/ld+json\" class=\"yoast-schema-graph\">{\"@context\":\"https:\/\/schema.org\",\"@graph\":[{\"@type\":\"WebPage\",\"@id\":\"https:\/\/loja.emmersonstudio.com.br\/home\/produto\/script-spacepix-com-tutorial-de-instalacao\/\",\"url\":\"https:\/\/loja.emmersonstudio.com.br\/home\/produto\/script-spacepix-com-tutorial-de-instalacao\/\",\"name\":\"Script SpacePix Com tutorial de instala\u00e7\u00e3o - Produtos Digitais\",\"isPartOf\":{\"@id\":\"https:\/\/loja.emmersonstudio.com.br\/home\/#website\"},\"primaryImageOfPage\":{\"@id\":\"https:\/\/loja.emmersonstudio.com.br\/home\/produto\/script-spacepix-com-tutorial-de-instalacao\/#primaryimage\"},\"image\":{\"@id\":\"https:\/\/loja.emmersonstudio.com.br\/home\/produto\/script-spacepix-com-tutorial-de-instalacao\/#primaryimage\"},\"thumbnailUrl\":\"https:\/\/loja.emmersonstudio.com.br\/home\/wp-content\/uploads\/2024\/11\/Design-sem-nome-8-1.png\",\"datePublished\":\"2025-01-17T12:28:00+00:00\",\"dateModified\":\"2025-01-17T12:28:01+00:00\",\"breadcrumb\":{\"@id\":\"https:\/\/loja.emmersonstudio.com.br\/home\/produto\/script-spacepix-com-tutorial-de-instalacao\/#breadcrumb\"},\"inLanguage\":\"pt-BR\",\"potentialAction\":[{\"@type\":\"ReadAction\",\"target\":[\"https:\/\/loja.emmersonstudio.com.br\/home\/produto\/script-spacepix-com-tutorial-de-instalacao\/\"]}]},{\"@type\":\"ImageObject\",\"inLanguage\":\"pt-BR\",\"@id\":\"https:\/\/loja.emmersonstudio.com.br\/home\/produto\/script-spacepix-com-tutorial-de-instalacao\/#primaryimage\",\"url\":\"https:\/\/loja.emmersonstudio.com.br\/home\/wp-content\/uploads\/2024\/11\/Design-sem-nome-8-1.png\",\"contentUrl\":\"https:\/\/loja.emmersonstudio.com.br\/home\/wp-content\/uploads\/2024\/11\/Design-sem-nome-8-1.png\",\"width\":800,\"height\":700},{\"@type\":\"BreadcrumbList\",\"@id\":\"https:\/\/loja.emmersonstudio.com.br\/home\/produto\/script-spacepix-com-tutorial-de-instalacao\/#breadcrumb\",\"itemListElement\":[{\"@type\":\"ListItem\",\"position\":1,\"name\":\"Home\",\"item\":\"https:\/\/loja.emmersonstudio.com.br\/home\/\"},{\"@type\":\"ListItem\",\"position\":2,\"name\":\"Loja\",\"item\":\"https:\/\/loja.emmersonstudio.com.br\/home\/loja\/\"},{\"@type\":\"ListItem\",\"position\":3,\"name\":\"Script SpacePix Com tutorial de instala\u00e7\u00e3o\"}]},{\"@type\":\"WebSite\",\"@id\":\"https:\/\/loja.emmersonstudio.com.br\/home\/#website\",\"url\":\"https:\/\/loja.emmersonstudio.com.br\/home\/\",\"name\":\"LOJA DOS SCRIPTS\",\"description\":\"\",\"publisher\":{\"@id\":\"https:\/\/loja.emmersonstudio.com.br\/home\/#\/schema\/person\/e7a723a212fc0c6c60a0734892d60ac1\"},\"potentialAction\":[{\"@type\":\"SearchAction\",\"target\":{\"@type\":\"EntryPoint\",\"urlTemplate\":\"https:\/\/loja.emmersonstudio.com.br\/home\/?s={search_term_string}\"},\"query-input\":{\"@type\":\"PropertyValueSpecification\",\"valueRequired\":true,\"valueName\":\"search_term_string\"}}],\"inLanguage\":\"pt-BR\"},{\"@type\":[\"Person\",\"Organization\"],\"@id\":\"https:\/\/loja.emmersonstudio.com.br\/home\/#\/schema\/person\/e7a723a212fc0c6c60a0734892d60ac1\",\"name\":\"admin\",\"image\":{\"@type\":\"ImageObject\",\"inLanguage\":\"pt-BR\",\"@id\":\"https:\/\/loja.emmersonstudio.com.br\/home\/#\/schema\/person\/image\/\",\"url\":\"https:\/\/loja.emmersonstudio.com.br\/home\/wp-content\/uploads\/2023\/10\/Design-sem-nome-2.png\",\"contentUrl\":\"https:\/\/loja.emmersonstudio.com.br\/home\/wp-content\/uploads\/2023\/10\/Design-sem-nome-2.png\",\"width\":512,\"height\":250,\"caption\":\"admin\"},\"logo\":{\"@id\":\"https:\/\/loja.emmersonstudio.com.br\/home\/#\/schema\/person\/image\/\"},\"sameAs\":[\"https:\/\/loja.emmersonstudio.com.br\/home\"]}]}<\/script>\n<!-- \/ Yoast SEO Premium plugin. -->","yoast_head_json":{"title":"Script SpacePix Com tutorial de instala\u00e7\u00e3o - Produtos Digitais","robots":{"index":"index","follow":"follow","max-snippet":"max-snippet:-1","max-image-preview":"max-image-preview:large","max-video-preview":"max-video-preview:-1"},"canonical":"https:\/\/loja.emmersonstudio.com.br\/home\/produto\/script-spacepix-com-tutorial-de-instalacao\/","og_locale":"pt_BR","og_type":"article","og_title":"Script SpacePix Com tutorial de instala\u00e7\u00e3o","og_description":"SpacePix \u00e9 uma banca de cassino e plataforma de jogos de apostas online, oferecendo uma variedade de jogos de azar para jogadores de diferentes perfis. A plataforma geralmente inclui op\u00e7\u00f5es como ca\u00e7a-n\u00edqueis (slots), roleta, blackjack, poker, e outros jogos cl\u00e1ssicos de cassino. Al\u00e9m disso, SpacePix pode oferecer apostas esportivas, permitindo que os jogadores apostem em eventos ao vivo ou futuros de diversas modalidades esportivas.  Alguns dos principais elementos que costumam ser destaque em plataformas como a SpacePix incluem:   B\u00f4nus de Boas-Vindas e Promo\u00e7\u00f5es: Ofertas para novos jogadores, como b\u00f4nus de dep\u00f3sito e giros gr\u00e1tis, al\u00e9m de promo\u00e7\u00f5es cont\u00ednuas para jogadores existentes.  Variedade de Jogos: Uma ampla sele\u00e7\u00e3o de jogos, tanto em formato ao vivo, com dealers reais, quanto em vers\u00f5es virtuais.  Seguran\u00e7a e Licenciamento: Certifica\u00e7\u00e3o e regula\u00e7\u00e3o por autoridades de jogos de azar, garantindo que a plataforma seja segura e justa para os usu\u00e1rios.  Experi\u00eancia de Usu\u00e1rio: Interface amig\u00e1vel, suporte ao cliente eficiente, e m\u00e9todos de pagamento variados e seguros, como cart\u00f5es de cr\u00e9dito, carteiras digitais e criptomoedas.  Por favor, me avise se voc\u00ea quer saber algo mais espec\u00edfico sobre essa plataforma!    Acesso admin ao painel  site: https:\/\/bet.vedemo.shop\/admin  Login:admin@hotmail.com Senha: 123456","og_url":"https:\/\/loja.emmersonstudio.com.br\/home\/produto\/script-spacepix-com-tutorial-de-instalacao\/","og_site_name":"Produtos Digitais","article_modified_time":"2025-01-17T12:28:01+00:00","twitter_card":"summary_large_image","twitter_misc":{"Est. tempo de leitura":"1 minuto"},"schema":{"@context":"https:\/\/schema.org","@graph":[{"@type":"WebPage","@id":"https:\/\/loja.emmersonstudio.com.br\/home\/produto\/script-spacepix-com-tutorial-de-instalacao\/","url":"https:\/\/loja.emmersonstudio.com.br\/home\/produto\/script-spacepix-com-tutorial-de-instalacao\/","name":"Script SpacePix Com tutorial de instala\u00e7\u00e3o - Produtos Digitais","isPartOf":{"@id":"https:\/\/loja.emmersonstudio.com.br\/home\/#website"},"primaryImageOfPage":{"@id":"https:\/\/loja.emmersonstudio.com.br\/home\/produto\/script-spacepix-com-tutorial-de-instalacao\/#primaryimage"},"image":{"@id":"https:\/\/loja.emmersonstudio.com.br\/home\/produto\/script-spacepix-com-tutorial-de-instalacao\/#primaryimage"},"thumbnailUrl":"https:\/\/loja.emmersonstudio.com.br\/home\/wp-content\/uploads\/2024\/11\/Design-sem-nome-8-1.png","datePublished":"2025-01-17T12:28:00+00:00","dateModified":"2025-01-17T12:28:01+00:00","breadcrumb":{"@id":"https:\/\/loja.emmersonstudio.com.br\/home\/produto\/script-spacepix-com-tutorial-de-instalacao\/#breadcrumb"},"inLanguage":"pt-BR","potentialAction":[{"@type":"ReadAction","target":["https:\/\/loja.emmersonstudio.com.br\/home\/produto\/script-spacepix-com-tutorial-de-instalacao\/"]}]},{"@type":"ImageObject","inLanguage":"pt-BR","@id":"https:\/\/loja.emmersonstudio.com.br\/home\/produto\/script-spacepix-com-tutorial-de-instalacao\/#primaryimage","url":"https:\/\/loja.emmersonstudio.com.br\/home\/wp-content\/uploads\/2024\/11\/Design-sem-nome-8-1.png","contentUrl":"https:\/\/loja.emmersonstudio.com.br\/home\/wp-content\/uploads\/2024\/11\/Design-sem-nome-8-1.png","width":800,"height":700},{"@type":"BreadcrumbList","@id":"https:\/\/loja.emmersonstudio.com.br\/home\/produto\/script-spacepix-com-tutorial-de-instalacao\/#breadcrumb","itemListElement":[{"@type":"ListItem","position":1,"name":"Home","item":"https:\/\/loja.emmersonstudio.com.br\/home\/"},{"@type":"ListItem","position":2,"name":"Loja","item":"https:\/\/loja.emmersonstudio.com.br\/home\/loja\/"},{"@type":"ListItem","position":3,"name":"Script SpacePix Com tutorial de instala\u00e7\u00e3o"}]},{"@type":"WebSite","@id":"https:\/\/loja.emmersonstudio.com.br\/home\/#website","url":"https:\/\/loja.emmersonstudio.com.br\/home\/","name":"LOJA DOS SCRIPTS","description":"","publisher":{"@id":"https:\/\/loja.emmersonstudio.com.br\/home\/#\/schema\/person\/e7a723a212fc0c6c60a0734892d60ac1"},"potentialAction":[{"@type":"SearchAction","target":{"@type":"EntryPoint","urlTemplate":"https:\/\/loja.emmersonstudio.com.br\/home\/?s={search_term_string}"},"query-input":{"@type":"PropertyValueSpecification","valueRequired":true,"valueName":"search_term_string"}}],"inLanguage":"pt-BR"},{"@type":["Person","Organization"],"@id":"https:\/\/loja.emmersonstudio.com.br\/home\/#\/schema\/person\/e7a723a212fc0c6c60a0734892d60ac1","name":"admin","image":{"@type":"ImageObject","inLanguage":"pt-BR","@id":"https:\/\/loja.emmersonstudio.com.br\/home\/#\/schema\/person\/image\/","url":"https:\/\/loja.emmersonstudio.com.br\/home\/wp-content\/uploads\/2023\/10\/Design-sem-nome-2.png","contentUrl":"https:\/\/loja.emmersonstudio.com.br\/home\/wp-content\/uploads\/2023\/10\/Design-sem-nome-2.png","width":512,"height":250,"caption":"admin"},"logo":{"@id":"https:\/\/loja.emmersonstudio.com.br\/home\/#\/schema\/person\/image\/"},"sameAs":["https:\/\/loja.emmersonstudio.com.br\/home"]}]}},"_links":{"self":[{"href":"https:\/\/loja.emmersonstudio.com.br\/home\/wp-json\/wp\/v2\/product\/3402","targetHints":{"allow":["GET"]}}],"collection":[{"href":"https:\/\/loja.emmersonstudio.com.br\/home\/wp-json\/wp\/v2\/product"}],"about":[{"href":"https:\/\/loja.emmersonstudio.com.br\/home\/wp-json\/wp\/v2\/types\/product"}],"wp:featuredmedia":[{"embeddable":true,"href":"https:\/\/loja.emmersonstudio.com.br\/home\/wp-json\/wp\/v2\/media\/2878"}],"wp:attachment":[{"href":"https:\/\/loja.emmersonstudio.com.br\/home\/wp-json\/wp\/v2\/media?parent=3402"}],"wp:term":[{"taxonomy":"product_cat","embeddable":true,"href":"https:\/\/loja.emmersonstudio.com.br\/home\/wp-json\/wp\/v2\/product_cat?post=3402"},{"taxonomy":"product_tag","embeddable":true,"href":"https:\/\/loja.emmersonstudio.com.br\/home\/wp-json\/wp\/v2\/product_tag?post=3402"}],"curies":[{"name":"wp","href":"https:\/\/api.w.org\/{rel}","templated":true}]}}