{"id":3399,"date":"2025-01-17T12:27:58","date_gmt":"2025-01-17T12:27:58","guid":{"rendered":"https:\/\/loja.emmersonstudio.com.br\/home\/produto\/pack-plr-10-000-ebooks-milionarios-mais-barato\/"},"modified":"2025-01-17T12:27:59","modified_gmt":"2025-01-17T12:27:59","slug":"pack-plr-10-000-ebooks-milionarios-mais-barato","status":"publish","type":"product","link":"https:\/\/loja.emmersonstudio.com.br\/home\/produto\/pack-plr-10-000-ebooks-milionarios-mais-barato\/","title":{"rendered":"Pack PLR 10.000 Ebooks Milion\u00e1rios [MAIS BARATO]"},"content":{"rendered":"<p>Pack PLR 10.000 Ebooks Milion\u00e1rios [MAIS BARATO]<\/p>\n<div id=\"divDescription\">\n<p>Pack PLR 10.000 Ebooks Milion\u00e1rios [MAIS BARATO]<\/p>\n<div>PACK PLR 10.000 EBOOKS MILION\u00c1RIOS A Solu\u00e7\u00e3o Mais Completa para Produtores, Afiliados e Iniciantes. 10 MIL PRODUTOS PLR EM EBOOKS TRADUZIDOS Voc\u00ea j\u00e1 conhece o poder dos Produtos PLR? Produtos com Licen\u00e7a de Revenda que, ao serem adquiridos, tornam voc\u00ea o propriet\u00e1rio exclusivo, permitindo que fa\u00e7a o que quiser com eles! Isso quer dizer que pode personalizar e vender online para quantas pessoas desejar, obtendo 100% dos lucros direto no seu bolso! N\u00e3o \u00e9 necess\u00e1rio ser um especialista no nicho que deseja explorar, e voc\u00ea n\u00e3o precisa se expor! Basta fazer o download do material que mais lhe agrada, sem ter que investir em outras ferramentas!<\/div>\n<\/div>\n","protected":false},"excerpt":{"rendered":"<p>Pack PLR 10.000 Ebooks Milion\u00e1rios [MAIS BARATO]<\/p>\n<div id=\"divDescription\">\n<p>Pack PLR 10.000 Ebooks Milion\u00e1rios [MAIS BARATO]<\/p>\n<div>PACK PLR 10.000 EBOOKS MILION\u00c1RIOS A Solu\u00e7\u00e3o Mais Completa para Produtores, Afiliados e Iniciantes. 10 MIL PRODUTOS PLR EM EBOOKS TRADUZIDOS Voc\u00ea j\u00e1 conhece o poder dos Produtos PLR? Produtos com Licen\u00e7a de Revenda que, ao serem adquiridos, tornam voc\u00ea o propriet\u00e1rio exclusivo, permitindo que fa\u00e7a o que quiser com eles! Isso quer dizer que pode personalizar e vender online para quantas pessoas desejar, obtendo 100% dos lucros direto no seu bolso! N\u00e3o \u00e9 necess\u00e1rio ser um especialista no nicho que deseja explorar, e voc\u00ea n\u00e3o precisa se expor! Basta fazer o download do material que mais lhe agrada, sem ter que investir em outras ferramentas!<\/div>\n<\/div>\n","protected":false},"featured_media":2872,"template":"","meta":{"om_disable_all_campaigns":false,"_monsterinsights_skip_tracking":false,"_monsterinsights_sitenote_active":false,"_monsterinsights_sitenote_note":"","_monsterinsights_sitenote_category":0,"_joinchat":[]},"product_cat":[201,136],"product_tag":[],"class_list":{"0":"post-3399","1":"product","2":"type-product","3":"status-publish","4":"has-post-thumbnail","6":"product_cat-ebook","7":"product_cat-todos-produtos","9":"first","10":"instock","11":"taxable","12":"shipping-taxable","13":"purchasable","14":"product-type-simple"},"aioseo_notices":[],"yoast_head":"<!-- This site is optimized with the Yoast SEO Premium plugin v23.7 (Yoast SEO v23.6) - https:\/\/yoast.com\/wordpress\/plugins\/seo\/ -->\n<title>Pack PLR 10.000 Ebooks Milion\u00e1rios [MAIS BARATO] - Produtos Digitais<\/title>\n<meta name=\"robots\" content=\"index, follow, max-snippet:-1, max-image-preview:large, max-video-preview:-1\" \/>\n<link rel=\"canonical\" href=\"https:\/\/loja.emmersonstudio.com.br\/home\/produto\/pack-plr-10-000-ebooks-milionarios-mais-barato\/\" \/>\n<meta property=\"og:locale\" content=\"pt_BR\" \/>\n<meta property=\"og:type\" content=\"article\" \/>\n<meta property=\"og:title\" content=\"Pack PLR 10.000 Ebooks Milion\u00e1rios [MAIS BARATO]\" \/>\n<meta property=\"og:description\" content=\"Pack PLR 10.000 Ebooks Milion\u00e1rios [MAIS BARATO]   Pack PLR 10.000 Ebooks Milion\u00e1rios [MAIS BARATO] PACK PLR 10.000 EBOOKS MILION\u00c1RIOS A Solu\u00e7\u00e3o Mais Completa para Produtores, Afiliados e Iniciantes. 10 MIL PRODUTOS PLR EM EBOOKS TRADUZIDOS Voc\u00ea j\u00e1 conhece o poder dos Produtos PLR? Produtos com Licen\u00e7a de Revenda que, ao serem adquiridos, tornam voc\u00ea o propriet\u00e1rio exclusivo, permitindo que fa\u00e7a o que quiser com eles! Isso quer dizer que pode personalizar e vender online para quantas pessoas desejar, obtendo 100% dos lucros direto no seu bolso! N\u00e3o \u00e9 necess\u00e1rio ser um especialista no nicho que deseja explorar, e voc\u00ea n\u00e3o precisa se expor! Basta fazer o download do material que mais lhe agrada, sem ter que investir em outras ferramentas!\" \/>\n<meta property=\"og:url\" content=\"https:\/\/loja.emmersonstudio.com.br\/home\/produto\/pack-plr-10-000-ebooks-milionarios-mais-barato\/\" \/>\n<meta property=\"og:site_name\" content=\"Produtos Digitais\" \/>\n<meta property=\"article:modified_time\" content=\"2025-01-17T12:27:59+00:00\" \/>\n<meta name=\"twitter:card\" content=\"summary_large_image\" \/>\n<meta name=\"twitter:label1\" content=\"Est. tempo de leitura\" \/>\n\t<meta name=\"twitter:data1\" content=\"1 minuto\" \/>\n<script type=\"application\/ld+json\" class=\"yoast-schema-graph\">{\"@context\":\"https:\/\/schema.org\",\"@graph\":[{\"@type\":\"WebPage\",\"@id\":\"https:\/\/loja.emmersonstudio.com.br\/home\/produto\/pack-plr-10-000-ebooks-milionarios-mais-barato\/\",\"url\":\"https:\/\/loja.emmersonstudio.com.br\/home\/produto\/pack-plr-10-000-ebooks-milionarios-mais-barato\/\",\"name\":\"Pack PLR 10.000 Ebooks Milion\u00e1rios [MAIS BARATO] - Produtos Digitais\",\"isPartOf\":{\"@id\":\"https:\/\/loja.emmersonstudio.com.br\/home\/#website\"},\"primaryImageOfPage\":{\"@id\":\"https:\/\/loja.emmersonstudio.com.br\/home\/produto\/pack-plr-10-000-ebooks-milionarios-mais-barato\/#primaryimage\"},\"image\":{\"@id\":\"https:\/\/loja.emmersonstudio.com.br\/home\/produto\/pack-plr-10-000-ebooks-milionarios-mais-barato\/#primaryimage\"},\"thumbnailUrl\":\"https:\/\/loja.emmersonstudio.com.br\/home\/wp-content\/uploads\/2024\/11\/911064754-pack-plr-10-000-ebooks-milionarios-WB9B.webp\",\"datePublished\":\"2025-01-17T12:27:58+00:00\",\"dateModified\":\"2025-01-17T12:27:59+00:00\",\"breadcrumb\":{\"@id\":\"https:\/\/loja.emmersonstudio.com.br\/home\/produto\/pack-plr-10-000-ebooks-milionarios-mais-barato\/#breadcrumb\"},\"inLanguage\":\"pt-BR\",\"potentialAction\":[{\"@type\":\"ReadAction\",\"target\":[\"https:\/\/loja.emmersonstudio.com.br\/home\/produto\/pack-plr-10-000-ebooks-milionarios-mais-barato\/\"]}]},{\"@type\":\"ImageObject\",\"inLanguage\":\"pt-BR\",\"@id\":\"https:\/\/loja.emmersonstudio.com.br\/home\/produto\/pack-plr-10-000-ebooks-milionarios-mais-barato\/#primaryimage\",\"url\":\"https:\/\/loja.emmersonstudio.com.br\/home\/wp-content\/uploads\/2024\/11\/911064754-pack-plr-10-000-ebooks-milionarios-WB9B.webp\",\"contentUrl\":\"https:\/\/loja.emmersonstudio.com.br\/home\/wp-content\/uploads\/2024\/11\/911064754-pack-plr-10-000-ebooks-milionarios-WB9B.webp\",\"width\":1080,\"height\":1080},{\"@type\":\"BreadcrumbList\",\"@id\":\"https:\/\/loja.emmersonstudio.com.br\/home\/produto\/pack-plr-10-000-ebooks-milionarios-mais-barato\/#breadcrumb\",\"itemListElement\":[{\"@type\":\"ListItem\",\"position\":1,\"name\":\"Home\",\"item\":\"https:\/\/loja.emmersonstudio.com.br\/home\/\"},{\"@type\":\"ListItem\",\"position\":2,\"name\":\"Loja\",\"item\":\"https:\/\/loja.emmersonstudio.com.br\/home\/loja\/\"},{\"@type\":\"ListItem\",\"position\":3,\"name\":\"Pack PLR 10.000 Ebooks Milion\u00e1rios [MAIS BARATO]\"}]},{\"@type\":\"WebSite\",\"@id\":\"https:\/\/loja.emmersonstudio.com.br\/home\/#website\",\"url\":\"https:\/\/loja.emmersonstudio.com.br\/home\/\",\"name\":\"LOJA DOS SCRIPTS\",\"description\":\"\",\"publisher\":{\"@id\":\"https:\/\/loja.emmersonstudio.com.br\/home\/#\/schema\/person\/e7a723a212fc0c6c60a0734892d60ac1\"},\"potentialAction\":[{\"@type\":\"SearchAction\",\"target\":{\"@type\":\"EntryPoint\",\"urlTemplate\":\"https:\/\/loja.emmersonstudio.com.br\/home\/?s={search_term_string}\"},\"query-input\":{\"@type\":\"PropertyValueSpecification\",\"valueRequired\":true,\"valueName\":\"search_term_string\"}}],\"inLanguage\":\"pt-BR\"},{\"@type\":[\"Person\",\"Organization\"],\"@id\":\"https:\/\/loja.emmersonstudio.com.br\/home\/#\/schema\/person\/e7a723a212fc0c6c60a0734892d60ac1\",\"name\":\"admin\",\"image\":{\"@type\":\"ImageObject\",\"inLanguage\":\"pt-BR\",\"@id\":\"https:\/\/loja.emmersonstudio.com.br\/home\/#\/schema\/person\/image\/\",\"url\":\"https:\/\/loja.emmersonstudio.com.br\/home\/wp-content\/uploads\/2023\/10\/Design-sem-nome-2.png\",\"contentUrl\":\"https:\/\/loja.emmersonstudio.com.br\/home\/wp-content\/uploads\/2023\/10\/Design-sem-nome-2.png\",\"width\":512,\"height\":250,\"caption\":\"admin\"},\"logo\":{\"@id\":\"https:\/\/loja.emmersonstudio.com.br\/home\/#\/schema\/person\/image\/\"},\"sameAs\":[\"https:\/\/loja.emmersonstudio.com.br\/home\"]}]}<\/script>\n<!-- \/ Yoast SEO Premium plugin. -->","yoast_head_json":{"title":"Pack PLR 10.000 Ebooks Milion\u00e1rios [MAIS BARATO] - Produtos Digitais","robots":{"index":"index","follow":"follow","max-snippet":"max-snippet:-1","max-image-preview":"max-image-preview:large","max-video-preview":"max-video-preview:-1"},"canonical":"https:\/\/loja.emmersonstudio.com.br\/home\/produto\/pack-plr-10-000-ebooks-milionarios-mais-barato\/","og_locale":"pt_BR","og_type":"article","og_title":"Pack PLR 10.000 Ebooks Milion\u00e1rios [MAIS BARATO]","og_description":"Pack PLR 10.000 Ebooks Milion\u00e1rios [MAIS BARATO]   Pack PLR 10.000 Ebooks Milion\u00e1rios [MAIS BARATO] PACK PLR 10.000 EBOOKS MILION\u00c1RIOS A Solu\u00e7\u00e3o Mais Completa para Produtores, Afiliados e Iniciantes. 10 MIL PRODUTOS PLR EM EBOOKS TRADUZIDOS Voc\u00ea j\u00e1 conhece o poder dos Produtos PLR? Produtos com Licen\u00e7a de Revenda que, ao serem adquiridos, tornam voc\u00ea o propriet\u00e1rio exclusivo, permitindo que fa\u00e7a o que quiser com eles! Isso quer dizer que pode personalizar e vender online para quantas pessoas desejar, obtendo 100% dos lucros direto no seu bolso! N\u00e3o \u00e9 necess\u00e1rio ser um especialista no nicho que deseja explorar, e voc\u00ea n\u00e3o precisa se expor! Basta fazer o download do material que mais lhe agrada, sem ter que investir em outras ferramentas!","og_url":"https:\/\/loja.emmersonstudio.com.br\/home\/produto\/pack-plr-10-000-ebooks-milionarios-mais-barato\/","og_site_name":"Produtos Digitais","article_modified_time":"2025-01-17T12:27:59+00:00","twitter_card":"summary_large_image","twitter_misc":{"Est. tempo de leitura":"1 minuto"},"schema":{"@context":"https:\/\/schema.org","@graph":[{"@type":"WebPage","@id":"https:\/\/loja.emmersonstudio.com.br\/home\/produto\/pack-plr-10-000-ebooks-milionarios-mais-barato\/","url":"https:\/\/loja.emmersonstudio.com.br\/home\/produto\/pack-plr-10-000-ebooks-milionarios-mais-barato\/","name":"Pack PLR 10.000 Ebooks Milion\u00e1rios [MAIS BARATO] - Produtos Digitais","isPartOf":{"@id":"https:\/\/loja.emmersonstudio.com.br\/home\/#website"},"primaryImageOfPage":{"@id":"https:\/\/loja.emmersonstudio.com.br\/home\/produto\/pack-plr-10-000-ebooks-milionarios-mais-barato\/#primaryimage"},"image":{"@id":"https:\/\/loja.emmersonstudio.com.br\/home\/produto\/pack-plr-10-000-ebooks-milionarios-mais-barato\/#primaryimage"},"thumbnailUrl":"https:\/\/loja.emmersonstudio.com.br\/home\/wp-content\/uploads\/2024\/11\/911064754-pack-plr-10-000-ebooks-milionarios-WB9B.webp","datePublished":"2025-01-17T12:27:58+00:00","dateModified":"2025-01-17T12:27:59+00:00","breadcrumb":{"@id":"https:\/\/loja.emmersonstudio.com.br\/home\/produto\/pack-plr-10-000-ebooks-milionarios-mais-barato\/#breadcrumb"},"inLanguage":"pt-BR","potentialAction":[{"@type":"ReadAction","target":["https:\/\/loja.emmersonstudio.com.br\/home\/produto\/pack-plr-10-000-ebooks-milionarios-mais-barato\/"]}]},{"@type":"ImageObject","inLanguage":"pt-BR","@id":"https:\/\/loja.emmersonstudio.com.br\/home\/produto\/pack-plr-10-000-ebooks-milionarios-mais-barato\/#primaryimage","url":"https:\/\/loja.emmersonstudio.com.br\/home\/wp-content\/uploads\/2024\/11\/911064754-pack-plr-10-000-ebooks-milionarios-WB9B.webp","contentUrl":"https:\/\/loja.emmersonstudio.com.br\/home\/wp-content\/uploads\/2024\/11\/911064754-pack-plr-10-000-ebooks-milionarios-WB9B.webp","width":1080,"height":1080},{"@type":"BreadcrumbList","@id":"https:\/\/loja.emmersonstudio.com.br\/home\/produto\/pack-plr-10-000-ebooks-milionarios-mais-barato\/#breadcrumb","itemListElement":[{"@type":"ListItem","position":1,"name":"Home","item":"https:\/\/loja.emmersonstudio.com.br\/home\/"},{"@type":"ListItem","position":2,"name":"Loja","item":"https:\/\/loja.emmersonstudio.com.br\/home\/loja\/"},{"@type":"ListItem","position":3,"name":"Pack PLR 10.000 Ebooks Milion\u00e1rios [MAIS BARATO]"}]},{"@type":"WebSite","@id":"https:\/\/loja.emmersonstudio.com.br\/home\/#website","url":"https:\/\/loja.emmersonstudio.com.br\/home\/","name":"LOJA DOS SCRIPTS","description":"","publisher":{"@id":"https:\/\/loja.emmersonstudio.com.br\/home\/#\/schema\/person\/e7a723a212fc0c6c60a0734892d60ac1"},"potentialAction":[{"@type":"SearchAction","target":{"@type":"EntryPoint","urlTemplate":"https:\/\/loja.emmersonstudio.com.br\/home\/?s={search_term_string}"},"query-input":{"@type":"PropertyValueSpecification","valueRequired":true,"valueName":"search_term_string"}}],"inLanguage":"pt-BR"},{"@type":["Person","Organization"],"@id":"https:\/\/loja.emmersonstudio.com.br\/home\/#\/schema\/person\/e7a723a212fc0c6c60a0734892d60ac1","name":"admin","image":{"@type":"ImageObject","inLanguage":"pt-BR","@id":"https:\/\/loja.emmersonstudio.com.br\/home\/#\/schema\/person\/image\/","url":"https:\/\/loja.emmersonstudio.com.br\/home\/wp-content\/uploads\/2023\/10\/Design-sem-nome-2.png","contentUrl":"https:\/\/loja.emmersonstudio.com.br\/home\/wp-content\/uploads\/2023\/10\/Design-sem-nome-2.png","width":512,"height":250,"caption":"admin"},"logo":{"@id":"https:\/\/loja.emmersonstudio.com.br\/home\/#\/schema\/person\/image\/"},"sameAs":["https:\/\/loja.emmersonstudio.com.br\/home"]}]}},"_links":{"self":[{"href":"https:\/\/loja.emmersonstudio.com.br\/home\/wp-json\/wp\/v2\/product\/3399","targetHints":{"allow":["GET"]}}],"collection":[{"href":"https:\/\/loja.emmersonstudio.com.br\/home\/wp-json\/wp\/v2\/product"}],"about":[{"href":"https:\/\/loja.emmersonstudio.com.br\/home\/wp-json\/wp\/v2\/types\/product"}],"wp:featuredmedia":[{"embeddable":true,"href":"https:\/\/loja.emmersonstudio.com.br\/home\/wp-json\/wp\/v2\/media\/2872"}],"wp:attachment":[{"href":"https:\/\/loja.emmersonstudio.com.br\/home\/wp-json\/wp\/v2\/media?parent=3399"}],"wp:term":[{"taxonomy":"product_cat","embeddable":true,"href":"https:\/\/loja.emmersonstudio.com.br\/home\/wp-json\/wp\/v2\/product_cat?post=3399"},{"taxonomy":"product_tag","embeddable":true,"href":"https:\/\/loja.emmersonstudio.com.br\/home\/wp-json\/wp\/v2\/product_tag?post=3399"}],"curies":[{"name":"wp","href":"https:\/\/api.w.org\/{rel}","templated":true}]}}