{"id":3392,"date":"2025-01-17T12:27:53","date_gmt":"2025-01-17T12:27:53","guid":{"rendered":"https:\/\/loja.emmersonstudio.com.br\/home\/produto\/script-de-rifas-digitais\/"},"modified":"2025-01-17T12:27:53","modified_gmt":"2025-01-17T12:27:53","slug":"script-de-rifas-digitais","status":"publish","type":"product","link":"https:\/\/loja.emmersonstudio.com.br\/home\/produto\/script-de-rifas-digitais\/","title":{"rendered":"Script de Rifas Digitais"},"content":{"rendered":"<p>\u2705 QR CODE PIX AUTOM\u00c1TICO MERCADO PAGO<br \/>\n\u2705 QR CODE PIX AUTOM\u00c1TICO MODULO PAGGUE (NOVO)<br \/>\n\u2705 INTEGRA\u00c7\u00c3O COM ASAAS<br \/>\n\u2705 PIXEL DO FACEBOOK<br \/>\n\u2705 VENDA DE RIFA POR LOTE<br \/>\n\u2705 NOTIFICA\u00c7\u00c3O VIA [conte\u00fado removido] APP APOS PEDIDO (NOVO)<br \/>\n\u2705 1 MILH\u00c3O DE N\u00daMEROS<br \/>\n\u2705 PROMO\u00c7\u00d5ES POR RIFA<br \/>\n\u2705 COMPRA AUTOM\u00c1TICA O SISTEMA ESCOLHE OS N\u00daMEROS ALEAT\u00d3RIOS<br \/>\n\u2705 SISTEMA SUPER R\u00c1PIDO NA ESCOLHA DE N\u00daMEROS ALEAT\u00d3RIOS (NOVO)<br \/>\n\u2705 COMPRA MANUAL ONDE O CLIENTE ESCOLHE O N\u00daMERO<br \/>\n\u2705 TEMPO DA RESERVA AGORA POR MINUTOS<br \/>\n\u2705 SISTEMA DELETA O PEDIDO SEM PAGAMENTO DENTRO DO TEMPO (NOVO)<br \/>\n\u2705 GERA\u00c7\u00c3O DE LISTA DE PARTICIPANTES DE CADA RIFA.<br \/>\n\u2705 CONSULTA POR TELEFONE E COM A OP\u00c7\u00c3O PAGAR<br \/>\n\u2705 BOT\u00c3O DO [conte\u00fado removido] APP COM MENSAGENS PR\u00c9 CONFIGURADAS.<br \/>\n\u2705 SUPORTA AT\u00c9 1 MILH\u00c3O N\u00daMERO POR RIFA<br \/>\n\u2705 SISTEMA DE AFILIADOS<br \/>\n\u2705 DESIGNER PROFISSIONAL<br \/>\n\u2705 RIFAS ILIMITADAS<br \/>\n\u2705 SISTEMA COM VENDA MANUAL<br \/>\n\u2705 SISTEMA DE FAZENDINHA COM MEIO BICHO OU BICHO INTEIRO (NOVO)<\/p>\n","protected":false},"excerpt":{"rendered":"<p>UNICA COM SISTEMA DE ENVIO AUTOMATICO DO [conte\u00fado removido] APP DESBUGADO !\u00a0 FUNCIONANDO COM API DA CRIA [conte\u00fado removido]<\/p>\n<p>&nbsp;<\/p>\n<p>\u2013 Capacidade de at\u00e9 1 milh\u00e3o de cotas por rifa.<br \/>\n\u2013 Fazendinha<br \/>\n\u2013 Meio Bicho<br \/>\n\u2013 N\u00fameros Aleat\u00f3rios<br \/>\n\u2013 Sistema de Afiliados<\/p>\n","protected":false},"featured_media":2856,"template":"","meta":{"om_disable_all_campaigns":false,"_monsterinsights_skip_tracking":false,"_monsterinsights_sitenote_active":false,"_monsterinsights_sitenote_note":"","_monsterinsights_sitenote_category":0,"_joinchat":[]},"product_cat":[155,196,136,151],"product_tag":[],"class_list":{"0":"post-3392","1":"product","2":"type-product","3":"status-publish","4":"has-post-thumbnail","6":"product_cat-lancamentos","7":"product_cat-rifas","8":"product_cat-todos-produtos","9":"product_cat-variados","11":"first","12":"instock","13":"taxable","14":"shipping-taxable","15":"purchasable","16":"product-type-simple"},"aioseo_notices":[],"yoast_head":"<!-- This site is optimized with the Yoast SEO Premium plugin v23.7 (Yoast SEO v23.6) - https:\/\/yoast.com\/wordpress\/plugins\/seo\/ -->\n<title>Script de Rifas Digitais - Produtos Digitais<\/title>\n<meta name=\"robots\" content=\"index, follow, max-snippet:-1, max-image-preview:large, max-video-preview:-1\" \/>\n<link rel=\"canonical\" href=\"https:\/\/loja.emmersonstudio.com.br\/home\/produto\/script-de-rifas-digitais\/\" \/>\n<meta property=\"og:locale\" content=\"pt_BR\" \/>\n<meta property=\"og:type\" content=\"article\" \/>\n<meta property=\"og:title\" content=\"Script de Rifas Digitais\" \/>\n<meta property=\"og:description\" content=\"UNICA COM SISTEMA DE ENVIO AUTOMATICO DO [conte\u00fado removido] APP DESBUGADO !\u00a0 FUNCIONANDO COM API DA CRIA [conte\u00fado removido]  &nbsp;  \u2013 Capacidade de at\u00e9 1 milh\u00e3o de cotas por rifa. \u2013 Fazendinha \u2013 Meio Bicho \u2013 N\u00fameros Aleat\u00f3rios \u2013 Sistema de Afiliados\" \/>\n<meta property=\"og:url\" content=\"https:\/\/loja.emmersonstudio.com.br\/home\/produto\/script-de-rifas-digitais\/\" \/>\n<meta property=\"og:site_name\" content=\"Produtos Digitais\" \/>\n<meta name=\"twitter:card\" content=\"summary_large_image\" \/>\n<meta name=\"twitter:label1\" content=\"Est. tempo de leitura\" \/>\n\t<meta name=\"twitter:data1\" content=\"1 minuto\" \/>\n<script type=\"application\/ld+json\" class=\"yoast-schema-graph\">{\"@context\":\"https:\/\/schema.org\",\"@graph\":[{\"@type\":\"WebPage\",\"@id\":\"https:\/\/loja.emmersonstudio.com.br\/home\/produto\/script-de-rifas-digitais\/\",\"url\":\"https:\/\/loja.emmersonstudio.com.br\/home\/produto\/script-de-rifas-digitais\/\",\"name\":\"Script de Rifas Digitais - Produtos Digitais\",\"isPartOf\":{\"@id\":\"https:\/\/loja.emmersonstudio.com.br\/home\/#website\"},\"primaryImageOfPage\":{\"@id\":\"https:\/\/loja.emmersonstudio.com.br\/home\/produto\/script-de-rifas-digitais\/#primaryimage\"},\"image\":{\"@id\":\"https:\/\/loja.emmersonstudio.com.br\/home\/produto\/script-de-rifas-digitais\/#primaryimage\"},\"thumbnailUrl\":\"https:\/\/loja.emmersonstudio.com.br\/home\/wp-content\/uploads\/2024\/11\/Design-sem-nome-11.png\",\"datePublished\":\"2025-01-17T12:27:53+00:00\",\"dateModified\":\"2025-01-17T12:27:53+00:00\",\"breadcrumb\":{\"@id\":\"https:\/\/loja.emmersonstudio.com.br\/home\/produto\/script-de-rifas-digitais\/#breadcrumb\"},\"inLanguage\":\"pt-BR\",\"potentialAction\":[{\"@type\":\"ReadAction\",\"target\":[\"https:\/\/loja.emmersonstudio.com.br\/home\/produto\/script-de-rifas-digitais\/\"]}]},{\"@type\":\"ImageObject\",\"inLanguage\":\"pt-BR\",\"@id\":\"https:\/\/loja.emmersonstudio.com.br\/home\/produto\/script-de-rifas-digitais\/#primaryimage\",\"url\":\"https:\/\/loja.emmersonstudio.com.br\/home\/wp-content\/uploads\/2024\/11\/Design-sem-nome-11.png\",\"contentUrl\":\"https:\/\/loja.emmersonstudio.com.br\/home\/wp-content\/uploads\/2024\/11\/Design-sem-nome-11.png\",\"width\":800,\"height\":700},{\"@type\":\"BreadcrumbList\",\"@id\":\"https:\/\/loja.emmersonstudio.com.br\/home\/produto\/script-de-rifas-digitais\/#breadcrumb\",\"itemListElement\":[{\"@type\":\"ListItem\",\"position\":1,\"name\":\"Home\",\"item\":\"https:\/\/loja.emmersonstudio.com.br\/home\/\"},{\"@type\":\"ListItem\",\"position\":2,\"name\":\"Loja\",\"item\":\"https:\/\/loja.emmersonstudio.com.br\/home\/loja\/\"},{\"@type\":\"ListItem\",\"position\":3,\"name\":\"Script de Rifas Digitais\"}]},{\"@type\":\"WebSite\",\"@id\":\"https:\/\/loja.emmersonstudio.com.br\/home\/#website\",\"url\":\"https:\/\/loja.emmersonstudio.com.br\/home\/\",\"name\":\"LOJA DOS SCRIPTS\",\"description\":\"\",\"publisher\":{\"@id\":\"https:\/\/loja.emmersonstudio.com.br\/home\/#\/schema\/person\/e7a723a212fc0c6c60a0734892d60ac1\"},\"potentialAction\":[{\"@type\":\"SearchAction\",\"target\":{\"@type\":\"EntryPoint\",\"urlTemplate\":\"https:\/\/loja.emmersonstudio.com.br\/home\/?s={search_term_string}\"},\"query-input\":{\"@type\":\"PropertyValueSpecification\",\"valueRequired\":true,\"valueName\":\"search_term_string\"}}],\"inLanguage\":\"pt-BR\"},{\"@type\":[\"Person\",\"Organization\"],\"@id\":\"https:\/\/loja.emmersonstudio.com.br\/home\/#\/schema\/person\/e7a723a212fc0c6c60a0734892d60ac1\",\"name\":\"admin\",\"image\":{\"@type\":\"ImageObject\",\"inLanguage\":\"pt-BR\",\"@id\":\"https:\/\/loja.emmersonstudio.com.br\/home\/#\/schema\/person\/image\/\",\"url\":\"https:\/\/loja.emmersonstudio.com.br\/home\/wp-content\/uploads\/2023\/10\/Design-sem-nome-2.png\",\"contentUrl\":\"https:\/\/loja.emmersonstudio.com.br\/home\/wp-content\/uploads\/2023\/10\/Design-sem-nome-2.png\",\"width\":512,\"height\":250,\"caption\":\"admin\"},\"logo\":{\"@id\":\"https:\/\/loja.emmersonstudio.com.br\/home\/#\/schema\/person\/image\/\"},\"sameAs\":[\"https:\/\/loja.emmersonstudio.com.br\/home\"]}]}<\/script>\n<!-- \/ Yoast SEO Premium plugin. -->","yoast_head_json":{"title":"Script de Rifas Digitais - Produtos Digitais","robots":{"index":"index","follow":"follow","max-snippet":"max-snippet:-1","max-image-preview":"max-image-preview:large","max-video-preview":"max-video-preview:-1"},"canonical":"https:\/\/loja.emmersonstudio.com.br\/home\/produto\/script-de-rifas-digitais\/","og_locale":"pt_BR","og_type":"article","og_title":"Script de Rifas Digitais","og_description":"UNICA COM SISTEMA DE ENVIO AUTOMATICO DO [conte\u00fado removido] APP DESBUGADO !\u00a0 FUNCIONANDO COM API DA CRIA [conte\u00fado removido]  &nbsp;  \u2013 Capacidade de at\u00e9 1 milh\u00e3o de cotas por rifa. \u2013 Fazendinha \u2013 Meio Bicho \u2013 N\u00fameros Aleat\u00f3rios \u2013 Sistema de Afiliados","og_url":"https:\/\/loja.emmersonstudio.com.br\/home\/produto\/script-de-rifas-digitais\/","og_site_name":"Produtos Digitais","twitter_card":"summary_large_image","twitter_misc":{"Est. tempo de leitura":"1 minuto"},"schema":{"@context":"https:\/\/schema.org","@graph":[{"@type":"WebPage","@id":"https:\/\/loja.emmersonstudio.com.br\/home\/produto\/script-de-rifas-digitais\/","url":"https:\/\/loja.emmersonstudio.com.br\/home\/produto\/script-de-rifas-digitais\/","name":"Script de Rifas Digitais - Produtos Digitais","isPartOf":{"@id":"https:\/\/loja.emmersonstudio.com.br\/home\/#website"},"primaryImageOfPage":{"@id":"https:\/\/loja.emmersonstudio.com.br\/home\/produto\/script-de-rifas-digitais\/#primaryimage"},"image":{"@id":"https:\/\/loja.emmersonstudio.com.br\/home\/produto\/script-de-rifas-digitais\/#primaryimage"},"thumbnailUrl":"https:\/\/loja.emmersonstudio.com.br\/home\/wp-content\/uploads\/2024\/11\/Design-sem-nome-11.png","datePublished":"2025-01-17T12:27:53+00:00","dateModified":"2025-01-17T12:27:53+00:00","breadcrumb":{"@id":"https:\/\/loja.emmersonstudio.com.br\/home\/produto\/script-de-rifas-digitais\/#breadcrumb"},"inLanguage":"pt-BR","potentialAction":[{"@type":"ReadAction","target":["https:\/\/loja.emmersonstudio.com.br\/home\/produto\/script-de-rifas-digitais\/"]}]},{"@type":"ImageObject","inLanguage":"pt-BR","@id":"https:\/\/loja.emmersonstudio.com.br\/home\/produto\/script-de-rifas-digitais\/#primaryimage","url":"https:\/\/loja.emmersonstudio.com.br\/home\/wp-content\/uploads\/2024\/11\/Design-sem-nome-11.png","contentUrl":"https:\/\/loja.emmersonstudio.com.br\/home\/wp-content\/uploads\/2024\/11\/Design-sem-nome-11.png","width":800,"height":700},{"@type":"BreadcrumbList","@id":"https:\/\/loja.emmersonstudio.com.br\/home\/produto\/script-de-rifas-digitais\/#breadcrumb","itemListElement":[{"@type":"ListItem","position":1,"name":"Home","item":"https:\/\/loja.emmersonstudio.com.br\/home\/"},{"@type":"ListItem","position":2,"name":"Loja","item":"https:\/\/loja.emmersonstudio.com.br\/home\/loja\/"},{"@type":"ListItem","position":3,"name":"Script de Rifas Digitais"}]},{"@type":"WebSite","@id":"https:\/\/loja.emmersonstudio.com.br\/home\/#website","url":"https:\/\/loja.emmersonstudio.com.br\/home\/","name":"LOJA DOS SCRIPTS","description":"","publisher":{"@id":"https:\/\/loja.emmersonstudio.com.br\/home\/#\/schema\/person\/e7a723a212fc0c6c60a0734892d60ac1"},"potentialAction":[{"@type":"SearchAction","target":{"@type":"EntryPoint","urlTemplate":"https:\/\/loja.emmersonstudio.com.br\/home\/?s={search_term_string}"},"query-input":{"@type":"PropertyValueSpecification","valueRequired":true,"valueName":"search_term_string"}}],"inLanguage":"pt-BR"},{"@type":["Person","Organization"],"@id":"https:\/\/loja.emmersonstudio.com.br\/home\/#\/schema\/person\/e7a723a212fc0c6c60a0734892d60ac1","name":"admin","image":{"@type":"ImageObject","inLanguage":"pt-BR","@id":"https:\/\/loja.emmersonstudio.com.br\/home\/#\/schema\/person\/image\/","url":"https:\/\/loja.emmersonstudio.com.br\/home\/wp-content\/uploads\/2023\/10\/Design-sem-nome-2.png","contentUrl":"https:\/\/loja.emmersonstudio.com.br\/home\/wp-content\/uploads\/2023\/10\/Design-sem-nome-2.png","width":512,"height":250,"caption":"admin"},"logo":{"@id":"https:\/\/loja.emmersonstudio.com.br\/home\/#\/schema\/person\/image\/"},"sameAs":["https:\/\/loja.emmersonstudio.com.br\/home"]}]}},"_links":{"self":[{"href":"https:\/\/loja.emmersonstudio.com.br\/home\/wp-json\/wp\/v2\/product\/3392","targetHints":{"allow":["GET"]}}],"collection":[{"href":"https:\/\/loja.emmersonstudio.com.br\/home\/wp-json\/wp\/v2\/product"}],"about":[{"href":"https:\/\/loja.emmersonstudio.com.br\/home\/wp-json\/wp\/v2\/types\/product"}],"wp:featuredmedia":[{"embeddable":true,"href":"https:\/\/loja.emmersonstudio.com.br\/home\/wp-json\/wp\/v2\/media\/2856"}],"wp:attachment":[{"href":"https:\/\/loja.emmersonstudio.com.br\/home\/wp-json\/wp\/v2\/media?parent=3392"}],"wp:term":[{"taxonomy":"product_cat","embeddable":true,"href":"https:\/\/loja.emmersonstudio.com.br\/home\/wp-json\/wp\/v2\/product_cat?post=3392"},{"taxonomy":"product_tag","embeddable":true,"href":"https:\/\/loja.emmersonstudio.com.br\/home\/wp-json\/wp\/v2\/product_tag?post=3392"}],"curies":[{"name":"wp","href":"https:\/\/api.w.org\/{rel}","templated":true}]}}