{"id":3381,"date":"2025-01-17T12:27:44","date_gmt":"2025-01-17T12:27:44","guid":{"rendered":"https:\/\/loja.emmersonstudio.com.br\/home\/produto\/instalacao-de-scripts\/"},"modified":"2025-01-17T12:27:44","modified_gmt":"2025-01-17T12:27:44","slug":"instalacao-de-scripts","status":"publish","type":"product","link":"https:\/\/loja.emmersonstudio.com.br\/home\/produto\/instalacao-de-scripts\/","title":{"rendered":"Instala\u00e7\u00e3o de Scripts"},"content":{"rendered":"<p>Comprou seu Script mas n\u00e3o sabe instalar ? n\u00e3o se preocupe basta contratar nosso servi\u00e7o de instala\u00e7\u00e3o que deixaremos seu site no ar e funcionando. servi\u00e7o r\u00e1pido e profissional,<\/p>\n<p style=\"text-align: center;\"><strong>MAS ATEN\u00c7\u00c3O ESSE VALOR \u00c9 SOMENTE PARA INSTALA\u00c7\u00c3O DO SCRIPT,<\/strong><\/p>\n<p style=\"text-align: center;\"><strong>Itens n\u00e3o inclusos neste servi\u00e7o<\/strong><\/p>\n<p>N\u00e3o trocamos logotipos , imagens, noticias,\u00a0 cores e outros , este servi\u00e7o \u00e9 para apenas a instala\u00e7\u00e3o do script , caso contrate nosso servi\u00e7o de hospedagem a instala\u00e7\u00e3o \u00e9 100% Gr\u00e1tis,<\/p>\n<blockquote>\n<p style=\"text-align: center;\">Caso n\u00e3o tenha hospedagem n\u00f3s temos para voc\u00ea<\/p>\n<p style=\"text-align: center;\"><a href=\"https:\/\/scriptstore.com.br\/produto\/hospedagem-mensal\/\" target=\"_blank\" rel=\"noopener\"><strong>CONTRATE SUA HOSPEDAGEM AQUI<\/strong><\/a><\/p>\n<p style=\"text-align: center;\">Quer seu site completo com edi\u00e7\u00e3o<\/p>\n<p style=\"text-align: center;\"><a href=\"https:\/\/scriptstore.com.br\/produto\/edicao-e-configuracao-completa-de-scripts\/\" target=\"_blank\" rel=\"noopener\">CONTRATE A EDI\u00c7\u00c3O DO SITE AQUI<\/a><\/p>\n<\/blockquote>\n","protected":false},"excerpt":{"rendered":"<p>Comprou seu Script mas n\u00e3o sabe instalar ? n\u00e3o se preocupe basta contratar nosso servi\u00e7o de instala\u00e7\u00e3o que deixaremos seu site no ar e funcionando. servi\u00e7o r\u00e1pido e profissional,<\/p>\n","protected":false},"featured_media":2833,"template":"","meta":{"om_disable_all_campaigns":false,"_monsterinsights_skip_tracking":false,"_monsterinsights_sitenote_active":false,"_monsterinsights_sitenote_note":"","_monsterinsights_sitenote_category":0,"_joinchat":[]},"product_cat":[156,136],"product_tag":[],"class_list":{"0":"post-3381","1":"product","2":"type-product","3":"status-publish","4":"has-post-thumbnail","6":"product_cat-servicos","7":"product_cat-todos-produtos","9":"first","10":"instock","11":"taxable","12":"shipping-taxable","13":"purchasable","14":"product-type-simple"},"aioseo_notices":[],"yoast_head":"<!-- This site is optimized with the Yoast SEO Premium plugin v23.7 (Yoast SEO v23.6) - https:\/\/yoast.com\/wordpress\/plugins\/seo\/ -->\n<title>Instala\u00e7\u00e3o de Scripts - Produtos Digitais<\/title>\n<meta name=\"robots\" content=\"index, follow, max-snippet:-1, max-image-preview:large, max-video-preview:-1\" \/>\n<link rel=\"canonical\" href=\"https:\/\/loja.emmersonstudio.com.br\/home\/produto\/instalacao-de-scripts\/\" \/>\n<meta property=\"og:locale\" content=\"pt_BR\" \/>\n<meta property=\"og:type\" content=\"article\" \/>\n<meta property=\"og:title\" content=\"Instala\u00e7\u00e3o de Scripts\" \/>\n<meta property=\"og:description\" content=\"Comprou seu Script mas n\u00e3o sabe instalar ? n\u00e3o se preocupe basta contratar nosso servi\u00e7o de instala\u00e7\u00e3o que deixaremos seu site no ar e funcionando. servi\u00e7o r\u00e1pido e profissional,\" \/>\n<meta property=\"og:url\" content=\"https:\/\/loja.emmersonstudio.com.br\/home\/produto\/instalacao-de-scripts\/\" \/>\n<meta property=\"og:site_name\" content=\"Produtos Digitais\" \/>\n<meta name=\"twitter:card\" content=\"summary_large_image\" \/>\n<meta name=\"twitter:label1\" content=\"Est. tempo de leitura\" \/>\n\t<meta name=\"twitter:data1\" content=\"1 minuto\" \/>\n<script type=\"application\/ld+json\" class=\"yoast-schema-graph\">{\"@context\":\"https:\/\/schema.org\",\"@graph\":[{\"@type\":\"WebPage\",\"@id\":\"https:\/\/loja.emmersonstudio.com.br\/home\/produto\/instalacao-de-scripts\/\",\"url\":\"https:\/\/loja.emmersonstudio.com.br\/home\/produto\/instalacao-de-scripts\/\",\"name\":\"Instala\u00e7\u00e3o de Scripts - Produtos Digitais\",\"isPartOf\":{\"@id\":\"https:\/\/loja.emmersonstudio.com.br\/home\/#website\"},\"primaryImageOfPage\":{\"@id\":\"https:\/\/loja.emmersonstudio.com.br\/home\/produto\/instalacao-de-scripts\/#primaryimage\"},\"image\":{\"@id\":\"https:\/\/loja.emmersonstudio.com.br\/home\/produto\/instalacao-de-scripts\/#primaryimage\"},\"thumbnailUrl\":\"https:\/\/loja.emmersonstudio.com.br\/home\/wp-content\/uploads\/2024\/11\/instalar-scripts.jpg\",\"datePublished\":\"2025-01-17T12:27:44+00:00\",\"dateModified\":\"2025-01-17T12:27:44+00:00\",\"breadcrumb\":{\"@id\":\"https:\/\/loja.emmersonstudio.com.br\/home\/produto\/instalacao-de-scripts\/#breadcrumb\"},\"inLanguage\":\"pt-BR\",\"potentialAction\":[{\"@type\":\"ReadAction\",\"target\":[\"https:\/\/loja.emmersonstudio.com.br\/home\/produto\/instalacao-de-scripts\/\"]}]},{\"@type\":\"ImageObject\",\"inLanguage\":\"pt-BR\",\"@id\":\"https:\/\/loja.emmersonstudio.com.br\/home\/produto\/instalacao-de-scripts\/#primaryimage\",\"url\":\"https:\/\/loja.emmersonstudio.com.br\/home\/wp-content\/uploads\/2024\/11\/instalar-scripts.jpg\",\"contentUrl\":\"https:\/\/loja.emmersonstudio.com.br\/home\/wp-content\/uploads\/2024\/11\/instalar-scripts.jpg\",\"width\":800,\"height\":699},{\"@type\":\"BreadcrumbList\",\"@id\":\"https:\/\/loja.emmersonstudio.com.br\/home\/produto\/instalacao-de-scripts\/#breadcrumb\",\"itemListElement\":[{\"@type\":\"ListItem\",\"position\":1,\"name\":\"Home\",\"item\":\"https:\/\/loja.emmersonstudio.com.br\/home\/\"},{\"@type\":\"ListItem\",\"position\":2,\"name\":\"Loja\",\"item\":\"https:\/\/loja.emmersonstudio.com.br\/home\/loja\/\"},{\"@type\":\"ListItem\",\"position\":3,\"name\":\"Instala\u00e7\u00e3o de Scripts\"}]},{\"@type\":\"WebSite\",\"@id\":\"https:\/\/loja.emmersonstudio.com.br\/home\/#website\",\"url\":\"https:\/\/loja.emmersonstudio.com.br\/home\/\",\"name\":\"LOJA DOS SCRIPTS\",\"description\":\"\",\"publisher\":{\"@id\":\"https:\/\/loja.emmersonstudio.com.br\/home\/#\/schema\/person\/e7a723a212fc0c6c60a0734892d60ac1\"},\"potentialAction\":[{\"@type\":\"SearchAction\",\"target\":{\"@type\":\"EntryPoint\",\"urlTemplate\":\"https:\/\/loja.emmersonstudio.com.br\/home\/?s={search_term_string}\"},\"query-input\":{\"@type\":\"PropertyValueSpecification\",\"valueRequired\":true,\"valueName\":\"search_term_string\"}}],\"inLanguage\":\"pt-BR\"},{\"@type\":[\"Person\",\"Organization\"],\"@id\":\"https:\/\/loja.emmersonstudio.com.br\/home\/#\/schema\/person\/e7a723a212fc0c6c60a0734892d60ac1\",\"name\":\"admin\",\"image\":{\"@type\":\"ImageObject\",\"inLanguage\":\"pt-BR\",\"@id\":\"https:\/\/loja.emmersonstudio.com.br\/home\/#\/schema\/person\/image\/\",\"url\":\"https:\/\/loja.emmersonstudio.com.br\/home\/wp-content\/uploads\/2023\/10\/Design-sem-nome-2.png\",\"contentUrl\":\"https:\/\/loja.emmersonstudio.com.br\/home\/wp-content\/uploads\/2023\/10\/Design-sem-nome-2.png\",\"width\":512,\"height\":250,\"caption\":\"admin\"},\"logo\":{\"@id\":\"https:\/\/loja.emmersonstudio.com.br\/home\/#\/schema\/person\/image\/\"},\"sameAs\":[\"https:\/\/loja.emmersonstudio.com.br\/home\"]}]}<\/script>\n<!-- \/ Yoast SEO Premium plugin. -->","yoast_head_json":{"title":"Instala\u00e7\u00e3o de Scripts - Produtos Digitais","robots":{"index":"index","follow":"follow","max-snippet":"max-snippet:-1","max-image-preview":"max-image-preview:large","max-video-preview":"max-video-preview:-1"},"canonical":"https:\/\/loja.emmersonstudio.com.br\/home\/produto\/instalacao-de-scripts\/","og_locale":"pt_BR","og_type":"article","og_title":"Instala\u00e7\u00e3o de Scripts","og_description":"Comprou seu Script mas n\u00e3o sabe instalar ? n\u00e3o se preocupe basta contratar nosso servi\u00e7o de instala\u00e7\u00e3o que deixaremos seu site no ar e funcionando. servi\u00e7o r\u00e1pido e profissional,","og_url":"https:\/\/loja.emmersonstudio.com.br\/home\/produto\/instalacao-de-scripts\/","og_site_name":"Produtos Digitais","twitter_card":"summary_large_image","twitter_misc":{"Est. tempo de leitura":"1 minuto"},"schema":{"@context":"https:\/\/schema.org","@graph":[{"@type":"WebPage","@id":"https:\/\/loja.emmersonstudio.com.br\/home\/produto\/instalacao-de-scripts\/","url":"https:\/\/loja.emmersonstudio.com.br\/home\/produto\/instalacao-de-scripts\/","name":"Instala\u00e7\u00e3o de Scripts - Produtos Digitais","isPartOf":{"@id":"https:\/\/loja.emmersonstudio.com.br\/home\/#website"},"primaryImageOfPage":{"@id":"https:\/\/loja.emmersonstudio.com.br\/home\/produto\/instalacao-de-scripts\/#primaryimage"},"image":{"@id":"https:\/\/loja.emmersonstudio.com.br\/home\/produto\/instalacao-de-scripts\/#primaryimage"},"thumbnailUrl":"https:\/\/loja.emmersonstudio.com.br\/home\/wp-content\/uploads\/2024\/11\/instalar-scripts.jpg","datePublished":"2025-01-17T12:27:44+00:00","dateModified":"2025-01-17T12:27:44+00:00","breadcrumb":{"@id":"https:\/\/loja.emmersonstudio.com.br\/home\/produto\/instalacao-de-scripts\/#breadcrumb"},"inLanguage":"pt-BR","potentialAction":[{"@type":"ReadAction","target":["https:\/\/loja.emmersonstudio.com.br\/home\/produto\/instalacao-de-scripts\/"]}]},{"@type":"ImageObject","inLanguage":"pt-BR","@id":"https:\/\/loja.emmersonstudio.com.br\/home\/produto\/instalacao-de-scripts\/#primaryimage","url":"https:\/\/loja.emmersonstudio.com.br\/home\/wp-content\/uploads\/2024\/11\/instalar-scripts.jpg","contentUrl":"https:\/\/loja.emmersonstudio.com.br\/home\/wp-content\/uploads\/2024\/11\/instalar-scripts.jpg","width":800,"height":699},{"@type":"BreadcrumbList","@id":"https:\/\/loja.emmersonstudio.com.br\/home\/produto\/instalacao-de-scripts\/#breadcrumb","itemListElement":[{"@type":"ListItem","position":1,"name":"Home","item":"https:\/\/loja.emmersonstudio.com.br\/home\/"},{"@type":"ListItem","position":2,"name":"Loja","item":"https:\/\/loja.emmersonstudio.com.br\/home\/loja\/"},{"@type":"ListItem","position":3,"name":"Instala\u00e7\u00e3o de Scripts"}]},{"@type":"WebSite","@id":"https:\/\/loja.emmersonstudio.com.br\/home\/#website","url":"https:\/\/loja.emmersonstudio.com.br\/home\/","name":"LOJA DOS SCRIPTS","description":"","publisher":{"@id":"https:\/\/loja.emmersonstudio.com.br\/home\/#\/schema\/person\/e7a723a212fc0c6c60a0734892d60ac1"},"potentialAction":[{"@type":"SearchAction","target":{"@type":"EntryPoint","urlTemplate":"https:\/\/loja.emmersonstudio.com.br\/home\/?s={search_term_string}"},"query-input":{"@type":"PropertyValueSpecification","valueRequired":true,"valueName":"search_term_string"}}],"inLanguage":"pt-BR"},{"@type":["Person","Organization"],"@id":"https:\/\/loja.emmersonstudio.com.br\/home\/#\/schema\/person\/e7a723a212fc0c6c60a0734892d60ac1","name":"admin","image":{"@type":"ImageObject","inLanguage":"pt-BR","@id":"https:\/\/loja.emmersonstudio.com.br\/home\/#\/schema\/person\/image\/","url":"https:\/\/loja.emmersonstudio.com.br\/home\/wp-content\/uploads\/2023\/10\/Design-sem-nome-2.png","contentUrl":"https:\/\/loja.emmersonstudio.com.br\/home\/wp-content\/uploads\/2023\/10\/Design-sem-nome-2.png","width":512,"height":250,"caption":"admin"},"logo":{"@id":"https:\/\/loja.emmersonstudio.com.br\/home\/#\/schema\/person\/image\/"},"sameAs":["https:\/\/loja.emmersonstudio.com.br\/home"]}]}},"_links":{"self":[{"href":"https:\/\/loja.emmersonstudio.com.br\/home\/wp-json\/wp\/v2\/product\/3381","targetHints":{"allow":["GET"]}}],"collection":[{"href":"https:\/\/loja.emmersonstudio.com.br\/home\/wp-json\/wp\/v2\/product"}],"about":[{"href":"https:\/\/loja.emmersonstudio.com.br\/home\/wp-json\/wp\/v2\/types\/product"}],"wp:featuredmedia":[{"embeddable":true,"href":"https:\/\/loja.emmersonstudio.com.br\/home\/wp-json\/wp\/v2\/media\/2833"}],"wp:attachment":[{"href":"https:\/\/loja.emmersonstudio.com.br\/home\/wp-json\/wp\/v2\/media?parent=3381"}],"wp:term":[{"taxonomy":"product_cat","embeddable":true,"href":"https:\/\/loja.emmersonstudio.com.br\/home\/wp-json\/wp\/v2\/product_cat?post=3381"},{"taxonomy":"product_tag","embeddable":true,"href":"https:\/\/loja.emmersonstudio.com.br\/home\/wp-json\/wp\/v2\/product_tag?post=3381"}],"curies":[{"name":"wp","href":"https:\/\/api.w.org\/{rel}","templated":true}]}}