{"id":3357,"date":"2025-01-17T12:27:24","date_gmt":"2025-01-17T12:27:24","guid":{"rendered":"https:\/\/loja.emmersonstudio.com.br\/home\/produto\/site-para-serralheria-cod-serr-9992\/"},"modified":"2025-01-17T12:27:24","modified_gmt":"2025-01-17T12:27:24","slug":"site-para-serralheria-cod-serr-9992","status":"publish","type":"product","link":"https:\/\/loja.emmersonstudio.com.br\/home\/produto\/site-para-serralheria-cod-serr-9992\/","title":{"rendered":"Site Para Serralheria &#8211; COD-SERR-9992"},"content":{"rendered":"<p>Site para serralheria &#8211;\u00a0 Script completo\u00a0\u00a0 de f\u00e1cil administra\u00e7\u00e3o , acompanha v\u00eddeo aula de instala\u00e7\u00e3o, agora voc\u00ea poder\u00e1 ter seu site completo para SERRALHERIA\u00a0 de f\u00e1cil administra\u00e7\u00e3o , acompanha v\u00eddeo aula de instala\u00e7\u00e3o, agora voc\u00ea poder\u00e1 ter seu site completo para <strong>SERRALHERIA<\/strong> ou at\u00e9 mesmo para outros fins tudo depende de seu conhecimento em edi\u00e7\u00f5es pois o c\u00f3digo \u00e9 aberto para que consiga modificar tudo em seu site novo ,<\/p>\n<p style=\"text-align: center;\"><strong>COM INSTALADOR AUTOM\u00c1TICO<\/strong><\/p>\n<p>Recomendamos que tenha um conhecimento em WORDPRESS para que voc\u00ea possa fazer as edi\u00e7\u00f5es no tema. n\u00e3o damos passo a passo, disponibilizamos algumas v\u00eddeo aulas em nosso site na p\u00e1gina COMO INSTALAR Todos os nossos Templates s\u00e3o 100% testados e damos a garantia total no produto.<\/p>\n<p><a href=\"https:\/\/centraldosscripts.com.br\/wordpress\/SERRALHERIA\/SERR-9992\/\" target=\"_blank\" rel=\"noopener\"><img decoding=\"async\" class=\"size-full wp-image-7237 aligncenter\" src=\"https:\/\/scriptstore.com.br\/wp-content\/uploads\/2022\/05\/btn-demo.png\" alt=\"\" width=\"196\" height=\"81\" \/><\/a><\/p>\n<blockquote>\n<h4>ENTREGA:<\/h4>\n<p>*O Envio do Script \u00e9 feito de forma autom\u00e1tica, para efetuar a compra voc\u00ea precisa se cadastrar em nossa loja, seu produto ser\u00e1 entregue na sua conta ( \u00c1rea do Cliente )<\/p>\n<p>Envio em at\u00e9 5 min ap\u00f3s confirma\u00e7\u00e3o do pagamento pelo banco emissor.<\/p>\n<h4>REEMBOLSO E PERSONALIZA\u00c7\u00c3O:<\/h4>\n<p>&#8211; Por se Tratar de um produto digital n\u00e3o fazemos a devolu\u00e7\u00e3o do pagamento.<br \/>\n&#8211; Este valor n\u00e3o inclui altera\u00e7\u00f5es no Script ou Instala\u00e7\u00e3o.<\/p><\/blockquote>\n","protected":false},"excerpt":{"rendered":"<p>Site para serralheria &#8211;\u00a0 Script completo\u00a0\u00a0 de f\u00e1cil administra\u00e7\u00e3o , acompanha v\u00eddeo aula de instala\u00e7\u00e3o, agora voc\u00ea poder\u00e1 ter seu site completo para SERRALHERIA\u00a0 ou at\u00e9 mesmo para outros fins tudo depende de seu conhecimento em edi\u00e7\u00f5es pois o c\u00f3digo \u00e9 aberto para que consiga modificar tudo em seu site novo ,<\/p>\n<p><a href=\"https:\/\/centraldosscripts.com.br\/wordpress\/SERRALHERIA\/SERR-9992\/\" target=\"_blank\" rel=\"noopener\"><img decoding=\"async\" class=\"size-full wp-image-7237 aligncenter\" src=\"https:\/\/scriptstore.com.br\/wp-content\/uploads\/2022\/05\/btn-demo.png\" alt=\"\" width=\"196\" height=\"81\" \/><\/a><\/p>\n","protected":false},"featured_media":2767,"template":"","meta":{"om_disable_all_campaigns":false,"_monsterinsights_skip_tracking":false,"_monsterinsights_sitenote_active":false,"_monsterinsights_sitenote_note":"","_monsterinsights_sitenote_category":0,"_joinchat":[]},"product_cat":[155,185,136,151],"product_tag":[],"class_list":{"0":"post-3357","1":"product","2":"type-product","3":"status-publish","4":"has-post-thumbnail","6":"product_cat-lancamentos","7":"product_cat-serralheria","8":"product_cat-todos-produtos","9":"product_cat-variados","11":"first","12":"instock","13":"taxable","14":"shipping-taxable","15":"purchasable","16":"product-type-simple"},"aioseo_notices":[],"yoast_head":"<!-- This site is optimized with the Yoast SEO Premium plugin v23.7 (Yoast SEO v23.6) - https:\/\/yoast.com\/wordpress\/plugins\/seo\/ -->\n<title>Site Para Serralheria - COD-SERR-9992 - Produtos Digitais<\/title>\n<meta name=\"robots\" content=\"index, follow, max-snippet:-1, max-image-preview:large, max-video-preview:-1\" \/>\n<link rel=\"canonical\" href=\"https:\/\/loja.emmersonstudio.com.br\/home\/produto\/site-para-serralheria-cod-serr-9992\/\" \/>\n<meta property=\"og:locale\" content=\"pt_BR\" \/>\n<meta property=\"og:type\" content=\"article\" \/>\n<meta property=\"og:title\" content=\"Site Para Serralheria - COD-SERR-9992\" \/>\n<meta property=\"og:description\" content=\"Site para serralheria -\u00a0 Script completo\u00a0\u00a0 de f\u00e1cil administra\u00e7\u00e3o , acompanha v\u00eddeo aula de instala\u00e7\u00e3o, agora voc\u00ea poder\u00e1 ter seu site completo para SERRALHERIA\u00a0 ou at\u00e9 mesmo para outros fins tudo depende de seu conhecimento em edi\u00e7\u00f5es pois o c\u00f3digo \u00e9 aberto para que consiga modificar tudo em seu site novo ,\" \/>\n<meta property=\"og:url\" content=\"https:\/\/loja.emmersonstudio.com.br\/home\/produto\/site-para-serralheria-cod-serr-9992\/\" \/>\n<meta property=\"og:site_name\" content=\"Produtos Digitais\" \/>\n<meta name=\"twitter:card\" content=\"summary_large_image\" \/>\n<meta name=\"twitter:label1\" content=\"Est. tempo de leitura\" \/>\n\t<meta name=\"twitter:data1\" content=\"1 minuto\" \/>\n<script type=\"application\/ld+json\" class=\"yoast-schema-graph\">{\"@context\":\"https:\/\/schema.org\",\"@graph\":[{\"@type\":\"WebPage\",\"@id\":\"https:\/\/loja.emmersonstudio.com.br\/home\/produto\/site-para-serralheria-cod-serr-9992\/\",\"url\":\"https:\/\/loja.emmersonstudio.com.br\/home\/produto\/site-para-serralheria-cod-serr-9992\/\",\"name\":\"Site Para Serralheria - COD-SERR-9992 - Produtos Digitais\",\"isPartOf\":{\"@id\":\"https:\/\/loja.emmersonstudio.com.br\/home\/#website\"},\"primaryImageOfPage\":{\"@id\":\"https:\/\/loja.emmersonstudio.com.br\/home\/produto\/site-para-serralheria-cod-serr-9992\/#primaryimage\"},\"image\":{\"@id\":\"https:\/\/loja.emmersonstudio.com.br\/home\/produto\/site-para-serralheria-cod-serr-9992\/#primaryimage\"},\"thumbnailUrl\":\"https:\/\/loja.emmersonstudio.com.br\/home\/wp-content\/uploads\/2024\/11\/COD-SERR-9992.jpg\",\"datePublished\":\"2025-01-17T12:27:24+00:00\",\"dateModified\":\"2025-01-17T12:27:24+00:00\",\"breadcrumb\":{\"@id\":\"https:\/\/loja.emmersonstudio.com.br\/home\/produto\/site-para-serralheria-cod-serr-9992\/#breadcrumb\"},\"inLanguage\":\"pt-BR\",\"potentialAction\":[{\"@type\":\"ReadAction\",\"target\":[\"https:\/\/loja.emmersonstudio.com.br\/home\/produto\/site-para-serralheria-cod-serr-9992\/\"]}]},{\"@type\":\"ImageObject\",\"inLanguage\":\"pt-BR\",\"@id\":\"https:\/\/loja.emmersonstudio.com.br\/home\/produto\/site-para-serralheria-cod-serr-9992\/#primaryimage\",\"url\":\"https:\/\/loja.emmersonstudio.com.br\/home\/wp-content\/uploads\/2024\/11\/COD-SERR-9992.jpg\",\"contentUrl\":\"https:\/\/loja.emmersonstudio.com.br\/home\/wp-content\/uploads\/2024\/11\/COD-SERR-9992.jpg\",\"width\":800,\"height\":699},{\"@type\":\"BreadcrumbList\",\"@id\":\"https:\/\/loja.emmersonstudio.com.br\/home\/produto\/site-para-serralheria-cod-serr-9992\/#breadcrumb\",\"itemListElement\":[{\"@type\":\"ListItem\",\"position\":1,\"name\":\"Home\",\"item\":\"https:\/\/loja.emmersonstudio.com.br\/home\/\"},{\"@type\":\"ListItem\",\"position\":2,\"name\":\"Loja\",\"item\":\"https:\/\/loja.emmersonstudio.com.br\/home\/loja\/\"},{\"@type\":\"ListItem\",\"position\":3,\"name\":\"Site Para Serralheria &#8211; COD-SERR-9992\"}]},{\"@type\":\"WebSite\",\"@id\":\"https:\/\/loja.emmersonstudio.com.br\/home\/#website\",\"url\":\"https:\/\/loja.emmersonstudio.com.br\/home\/\",\"name\":\"LOJA DOS SCRIPTS\",\"description\":\"\",\"publisher\":{\"@id\":\"https:\/\/loja.emmersonstudio.com.br\/home\/#\/schema\/person\/e7a723a212fc0c6c60a0734892d60ac1\"},\"potentialAction\":[{\"@type\":\"SearchAction\",\"target\":{\"@type\":\"EntryPoint\",\"urlTemplate\":\"https:\/\/loja.emmersonstudio.com.br\/home\/?s={search_term_string}\"},\"query-input\":{\"@type\":\"PropertyValueSpecification\",\"valueRequired\":true,\"valueName\":\"search_term_string\"}}],\"inLanguage\":\"pt-BR\"},{\"@type\":[\"Person\",\"Organization\"],\"@id\":\"https:\/\/loja.emmersonstudio.com.br\/home\/#\/schema\/person\/e7a723a212fc0c6c60a0734892d60ac1\",\"name\":\"admin\",\"image\":{\"@type\":\"ImageObject\",\"inLanguage\":\"pt-BR\",\"@id\":\"https:\/\/loja.emmersonstudio.com.br\/home\/#\/schema\/person\/image\/\",\"url\":\"https:\/\/loja.emmersonstudio.com.br\/home\/wp-content\/uploads\/2023\/10\/Design-sem-nome-2.png\",\"contentUrl\":\"https:\/\/loja.emmersonstudio.com.br\/home\/wp-content\/uploads\/2023\/10\/Design-sem-nome-2.png\",\"width\":512,\"height\":250,\"caption\":\"admin\"},\"logo\":{\"@id\":\"https:\/\/loja.emmersonstudio.com.br\/home\/#\/schema\/person\/image\/\"},\"sameAs\":[\"https:\/\/loja.emmersonstudio.com.br\/home\"]}]}<\/script>\n<!-- \/ Yoast SEO Premium plugin. -->","yoast_head_json":{"title":"Site Para Serralheria - COD-SERR-9992 - Produtos Digitais","robots":{"index":"index","follow":"follow","max-snippet":"max-snippet:-1","max-image-preview":"max-image-preview:large","max-video-preview":"max-video-preview:-1"},"canonical":"https:\/\/loja.emmersonstudio.com.br\/home\/produto\/site-para-serralheria-cod-serr-9992\/","og_locale":"pt_BR","og_type":"article","og_title":"Site Para Serralheria - COD-SERR-9992","og_description":"Site para serralheria -\u00a0 Script completo\u00a0\u00a0 de f\u00e1cil administra\u00e7\u00e3o , acompanha v\u00eddeo aula de instala\u00e7\u00e3o, agora voc\u00ea poder\u00e1 ter seu site completo para SERRALHERIA\u00a0 ou at\u00e9 mesmo para outros fins tudo depende de seu conhecimento em edi\u00e7\u00f5es pois o c\u00f3digo \u00e9 aberto para que consiga modificar tudo em seu site novo ,","og_url":"https:\/\/loja.emmersonstudio.com.br\/home\/produto\/site-para-serralheria-cod-serr-9992\/","og_site_name":"Produtos Digitais","twitter_card":"summary_large_image","twitter_misc":{"Est. tempo de leitura":"1 minuto"},"schema":{"@context":"https:\/\/schema.org","@graph":[{"@type":"WebPage","@id":"https:\/\/loja.emmersonstudio.com.br\/home\/produto\/site-para-serralheria-cod-serr-9992\/","url":"https:\/\/loja.emmersonstudio.com.br\/home\/produto\/site-para-serralheria-cod-serr-9992\/","name":"Site Para Serralheria - COD-SERR-9992 - Produtos Digitais","isPartOf":{"@id":"https:\/\/loja.emmersonstudio.com.br\/home\/#website"},"primaryImageOfPage":{"@id":"https:\/\/loja.emmersonstudio.com.br\/home\/produto\/site-para-serralheria-cod-serr-9992\/#primaryimage"},"image":{"@id":"https:\/\/loja.emmersonstudio.com.br\/home\/produto\/site-para-serralheria-cod-serr-9992\/#primaryimage"},"thumbnailUrl":"https:\/\/loja.emmersonstudio.com.br\/home\/wp-content\/uploads\/2024\/11\/COD-SERR-9992.jpg","datePublished":"2025-01-17T12:27:24+00:00","dateModified":"2025-01-17T12:27:24+00:00","breadcrumb":{"@id":"https:\/\/loja.emmersonstudio.com.br\/home\/produto\/site-para-serralheria-cod-serr-9992\/#breadcrumb"},"inLanguage":"pt-BR","potentialAction":[{"@type":"ReadAction","target":["https:\/\/loja.emmersonstudio.com.br\/home\/produto\/site-para-serralheria-cod-serr-9992\/"]}]},{"@type":"ImageObject","inLanguage":"pt-BR","@id":"https:\/\/loja.emmersonstudio.com.br\/home\/produto\/site-para-serralheria-cod-serr-9992\/#primaryimage","url":"https:\/\/loja.emmersonstudio.com.br\/home\/wp-content\/uploads\/2024\/11\/COD-SERR-9992.jpg","contentUrl":"https:\/\/loja.emmersonstudio.com.br\/home\/wp-content\/uploads\/2024\/11\/COD-SERR-9992.jpg","width":800,"height":699},{"@type":"BreadcrumbList","@id":"https:\/\/loja.emmersonstudio.com.br\/home\/produto\/site-para-serralheria-cod-serr-9992\/#breadcrumb","itemListElement":[{"@type":"ListItem","position":1,"name":"Home","item":"https:\/\/loja.emmersonstudio.com.br\/home\/"},{"@type":"ListItem","position":2,"name":"Loja","item":"https:\/\/loja.emmersonstudio.com.br\/home\/loja\/"},{"@type":"ListItem","position":3,"name":"Site Para Serralheria &#8211; COD-SERR-9992"}]},{"@type":"WebSite","@id":"https:\/\/loja.emmersonstudio.com.br\/home\/#website","url":"https:\/\/loja.emmersonstudio.com.br\/home\/","name":"LOJA DOS SCRIPTS","description":"","publisher":{"@id":"https:\/\/loja.emmersonstudio.com.br\/home\/#\/schema\/person\/e7a723a212fc0c6c60a0734892d60ac1"},"potentialAction":[{"@type":"SearchAction","target":{"@type":"EntryPoint","urlTemplate":"https:\/\/loja.emmersonstudio.com.br\/home\/?s={search_term_string}"},"query-input":{"@type":"PropertyValueSpecification","valueRequired":true,"valueName":"search_term_string"}}],"inLanguage":"pt-BR"},{"@type":["Person","Organization"],"@id":"https:\/\/loja.emmersonstudio.com.br\/home\/#\/schema\/person\/e7a723a212fc0c6c60a0734892d60ac1","name":"admin","image":{"@type":"ImageObject","inLanguage":"pt-BR","@id":"https:\/\/loja.emmersonstudio.com.br\/home\/#\/schema\/person\/image\/","url":"https:\/\/loja.emmersonstudio.com.br\/home\/wp-content\/uploads\/2023\/10\/Design-sem-nome-2.png","contentUrl":"https:\/\/loja.emmersonstudio.com.br\/home\/wp-content\/uploads\/2023\/10\/Design-sem-nome-2.png","width":512,"height":250,"caption":"admin"},"logo":{"@id":"https:\/\/loja.emmersonstudio.com.br\/home\/#\/schema\/person\/image\/"},"sameAs":["https:\/\/loja.emmersonstudio.com.br\/home"]}]}},"_links":{"self":[{"href":"https:\/\/loja.emmersonstudio.com.br\/home\/wp-json\/wp\/v2\/product\/3357","targetHints":{"allow":["GET"]}}],"collection":[{"href":"https:\/\/loja.emmersonstudio.com.br\/home\/wp-json\/wp\/v2\/product"}],"about":[{"href":"https:\/\/loja.emmersonstudio.com.br\/home\/wp-json\/wp\/v2\/types\/product"}],"wp:featuredmedia":[{"embeddable":true,"href":"https:\/\/loja.emmersonstudio.com.br\/home\/wp-json\/wp\/v2\/media\/2767"}],"wp:attachment":[{"href":"https:\/\/loja.emmersonstudio.com.br\/home\/wp-json\/wp\/v2\/media?parent=3357"}],"wp:term":[{"taxonomy":"product_cat","embeddable":true,"href":"https:\/\/loja.emmersonstudio.com.br\/home\/wp-json\/wp\/v2\/product_cat?post=3357"},{"taxonomy":"product_tag","embeddable":true,"href":"https:\/\/loja.emmersonstudio.com.br\/home\/wp-json\/wp\/v2\/product_tag?post=3357"}],"curies":[{"name":"wp","href":"https:\/\/api.w.org\/{rel}","templated":true}]}}