{"id":3350,"date":"2025-01-17T12:27:18","date_gmt":"2025-01-17T12:27:18","guid":{"rendered":"https:\/\/loja.emmersonstudio.com.br\/home\/produto\/3-scripts-a-sua-escolha-por-r-90-reais\/"},"modified":"2025-01-17T12:27:19","modified_gmt":"2025-01-17T12:27:19","slug":"3-scripts-a-sua-escolha-por-r-90-reais","status":"publish","type":"product","link":"https:\/\/loja.emmersonstudio.com.br\/home\/produto\/3-scripts-a-sua-escolha-por-r-90-reais\/","title":{"rendered":"3 Scripts a sua escolha por R$ 90 reais"},"content":{"rendered":"<p><strong>Voc\u00ea escolhe os scripts que deseja comprar , efetue sua compra, efetue seu pagamento, em seguida entre em contato conosco atrav\u00e9s de nosso WhatsApp (13)-99694-3202\u00a0 e envie os c\u00f3digos de cada script que escolheu, No caso de querer mais de 3 scripts basta escolher os\u00a0 c\u00f3digos e nos avisar via WhatsApp que lhe passaremos os dados do pix para pagamento do demais scripts que escolher. Mas aten\u00e7\u00e3o pre\u00e7o v\u00e1lido somente para compras acima de 3 scripts de uma s\u00f3 vez,<\/strong><\/p>\n","protected":false},"excerpt":{"rendered":"<p><strong>Voc\u00ea escolhe os scripts que deseja comprar , efetue sua compra, efetue seu pagamento, em seguida entre em contato conosco atrav\u00e9s de nosso WhatsApp (13)-99694-3202\u00a0 e envie os c\u00f3digos de cada script que escolheu, No caso de querer mais de 3 scripts basta escolher os\u00a0 c\u00f3digos e nos avisar via WhatsApp que lhe passaremos os dados do pix para pagamento do demais scripts que escolher. Mas aten\u00e7\u00e3o pre\u00e7o v\u00e1lido somente para compras acima de 3 scripts de uma s\u00f3 vez,<\/strong><\/p>\n","protected":false},"featured_media":2753,"template":"","meta":{"om_disable_all_campaigns":false,"_monsterinsights_skip_tracking":false,"_monsterinsights_sitenote_active":false,"_monsterinsights_sitenote_note":"","_monsterinsights_sitenote_category":0,"_joinchat":[]},"product_cat":[155,150,156,136,151,167],"product_tag":[],"class_list":{"0":"post-3350","1":"product","2":"type-product","3":"status-publish","4":"has-post-thumbnail","6":"product_cat-lancamentos","7":"product_cat-packs-completos","8":"product_cat-servicos","9":"product_cat-todos-produtos","10":"product_cat-variados","11":"product_cat-variados-php","13":"first","14":"instock","15":"taxable","16":"shipping-taxable","17":"purchasable","18":"product-type-simple"},"aioseo_notices":[],"yoast_head":"<!-- This site is optimized with the Yoast SEO Premium plugin v23.7 (Yoast SEO v23.6) - https:\/\/yoast.com\/wordpress\/plugins\/seo\/ -->\n<title>3 Scripts a sua escolha por R$ 90 reais - Produtos Digitais<\/title>\n<meta name=\"robots\" content=\"index, follow, max-snippet:-1, max-image-preview:large, max-video-preview:-1\" \/>\n<link rel=\"canonical\" href=\"https:\/\/loja.emmersonstudio.com.br\/home\/produto\/3-scripts-a-sua-escolha-por-r-90-reais\/\" \/>\n<meta property=\"og:locale\" content=\"pt_BR\" \/>\n<meta property=\"og:type\" content=\"article\" \/>\n<meta property=\"og:title\" content=\"3 Scripts a sua escolha por R$ 90 reais\" \/>\n<meta property=\"og:description\" content=\"Voc\u00ea escolhe os scripts que deseja comprar , efetue sua compra, efetue seu pagamento, em seguida entre em contato conosco atrav\u00e9s de nosso WhatsApp (13)-99694-3202\u00a0 e envie os c\u00f3digos de cada script que escolheu, No caso de querer mais de 3 scripts basta escolher os\u00a0 c\u00f3digos e nos avisar via WhatsApp que lhe passaremos os dados do pix para pagamento do demais scripts que escolher. Mas aten\u00e7\u00e3o pre\u00e7o v\u00e1lido somente para compras acima de 3 scripts de uma s\u00f3 vez,\" \/>\n<meta property=\"og:url\" content=\"https:\/\/loja.emmersonstudio.com.br\/home\/produto\/3-scripts-a-sua-escolha-por-r-90-reais\/\" \/>\n<meta property=\"og:site_name\" content=\"Produtos Digitais\" \/>\n<meta property=\"article:modified_time\" content=\"2025-01-17T12:27:19+00:00\" \/>\n<meta name=\"twitter:card\" content=\"summary_large_image\" \/>\n<script type=\"application\/ld+json\" class=\"yoast-schema-graph\">{\"@context\":\"https:\/\/schema.org\",\"@graph\":[{\"@type\":\"WebPage\",\"@id\":\"https:\/\/loja.emmersonstudio.com.br\/home\/produto\/3-scripts-a-sua-escolha-por-r-90-reais\/\",\"url\":\"https:\/\/loja.emmersonstudio.com.br\/home\/produto\/3-scripts-a-sua-escolha-por-r-90-reais\/\",\"name\":\"3 Scripts a sua escolha por R$ 90 reais - Produtos Digitais\",\"isPartOf\":{\"@id\":\"https:\/\/loja.emmersonstudio.com.br\/home\/#website\"},\"primaryImageOfPage\":{\"@id\":\"https:\/\/loja.emmersonstudio.com.br\/home\/produto\/3-scripts-a-sua-escolha-por-r-90-reais\/#primaryimage\"},\"image\":{\"@id\":\"https:\/\/loja.emmersonstudio.com.br\/home\/produto\/3-scripts-a-sua-escolha-por-r-90-reais\/#primaryimage\"},\"thumbnailUrl\":\"https:\/\/loja.emmersonstudio.com.br\/home\/wp-content\/uploads\/2024\/11\/semana-de-promocao-loja-dos-scripts.jpg\",\"datePublished\":\"2025-01-17T12:27:18+00:00\",\"dateModified\":\"2025-01-17T12:27:19+00:00\",\"breadcrumb\":{\"@id\":\"https:\/\/loja.emmersonstudio.com.br\/home\/produto\/3-scripts-a-sua-escolha-por-r-90-reais\/#breadcrumb\"},\"inLanguage\":\"pt-BR\",\"potentialAction\":[{\"@type\":\"ReadAction\",\"target\":[\"https:\/\/loja.emmersonstudio.com.br\/home\/produto\/3-scripts-a-sua-escolha-por-r-90-reais\/\"]}]},{\"@type\":\"ImageObject\",\"inLanguage\":\"pt-BR\",\"@id\":\"https:\/\/loja.emmersonstudio.com.br\/home\/produto\/3-scripts-a-sua-escolha-por-r-90-reais\/#primaryimage\",\"url\":\"https:\/\/loja.emmersonstudio.com.br\/home\/wp-content\/uploads\/2024\/11\/semana-de-promocao-loja-dos-scripts.jpg\",\"contentUrl\":\"https:\/\/loja.emmersonstudio.com.br\/home\/wp-content\/uploads\/2024\/11\/semana-de-promocao-loja-dos-scripts.jpg\",\"width\":800,\"height\":699},{\"@type\":\"BreadcrumbList\",\"@id\":\"https:\/\/loja.emmersonstudio.com.br\/home\/produto\/3-scripts-a-sua-escolha-por-r-90-reais\/#breadcrumb\",\"itemListElement\":[{\"@type\":\"ListItem\",\"position\":1,\"name\":\"Home\",\"item\":\"https:\/\/loja.emmersonstudio.com.br\/home\/\"},{\"@type\":\"ListItem\",\"position\":2,\"name\":\"Loja\",\"item\":\"https:\/\/loja.emmersonstudio.com.br\/home\/loja\/\"},{\"@type\":\"ListItem\",\"position\":3,\"name\":\"3 Scripts a sua escolha por R$ 90 reais\"}]},{\"@type\":\"WebSite\",\"@id\":\"https:\/\/loja.emmersonstudio.com.br\/home\/#website\",\"url\":\"https:\/\/loja.emmersonstudio.com.br\/home\/\",\"name\":\"LOJA DOS SCRIPTS\",\"description\":\"\",\"publisher\":{\"@id\":\"https:\/\/loja.emmersonstudio.com.br\/home\/#\/schema\/person\/e7a723a212fc0c6c60a0734892d60ac1\"},\"potentialAction\":[{\"@type\":\"SearchAction\",\"target\":{\"@type\":\"EntryPoint\",\"urlTemplate\":\"https:\/\/loja.emmersonstudio.com.br\/home\/?s={search_term_string}\"},\"query-input\":{\"@type\":\"PropertyValueSpecification\",\"valueRequired\":true,\"valueName\":\"search_term_string\"}}],\"inLanguage\":\"pt-BR\"},{\"@type\":[\"Person\",\"Organization\"],\"@id\":\"https:\/\/loja.emmersonstudio.com.br\/home\/#\/schema\/person\/e7a723a212fc0c6c60a0734892d60ac1\",\"name\":\"admin\",\"image\":{\"@type\":\"ImageObject\",\"inLanguage\":\"pt-BR\",\"@id\":\"https:\/\/loja.emmersonstudio.com.br\/home\/#\/schema\/person\/image\/\",\"url\":\"https:\/\/loja.emmersonstudio.com.br\/home\/wp-content\/uploads\/2023\/10\/Design-sem-nome-2.png\",\"contentUrl\":\"https:\/\/loja.emmersonstudio.com.br\/home\/wp-content\/uploads\/2023\/10\/Design-sem-nome-2.png\",\"width\":512,\"height\":250,\"caption\":\"admin\"},\"logo\":{\"@id\":\"https:\/\/loja.emmersonstudio.com.br\/home\/#\/schema\/person\/image\/\"},\"sameAs\":[\"https:\/\/loja.emmersonstudio.com.br\/home\"]}]}<\/script>\n<!-- \/ Yoast SEO Premium plugin. -->","yoast_head_json":{"title":"3 Scripts a sua escolha por R$ 90 reais - Produtos Digitais","robots":{"index":"index","follow":"follow","max-snippet":"max-snippet:-1","max-image-preview":"max-image-preview:large","max-video-preview":"max-video-preview:-1"},"canonical":"https:\/\/loja.emmersonstudio.com.br\/home\/produto\/3-scripts-a-sua-escolha-por-r-90-reais\/","og_locale":"pt_BR","og_type":"article","og_title":"3 Scripts a sua escolha por R$ 90 reais","og_description":"Voc\u00ea escolhe os scripts que deseja comprar , efetue sua compra, efetue seu pagamento, em seguida entre em contato conosco atrav\u00e9s de nosso WhatsApp (13)-99694-3202\u00a0 e envie os c\u00f3digos de cada script que escolheu, No caso de querer mais de 3 scripts basta escolher os\u00a0 c\u00f3digos e nos avisar via WhatsApp que lhe passaremos os dados do pix para pagamento do demais scripts que escolher. Mas aten\u00e7\u00e3o pre\u00e7o v\u00e1lido somente para compras acima de 3 scripts de uma s\u00f3 vez,","og_url":"https:\/\/loja.emmersonstudio.com.br\/home\/produto\/3-scripts-a-sua-escolha-por-r-90-reais\/","og_site_name":"Produtos Digitais","article_modified_time":"2025-01-17T12:27:19+00:00","twitter_card":"summary_large_image","schema":{"@context":"https:\/\/schema.org","@graph":[{"@type":"WebPage","@id":"https:\/\/loja.emmersonstudio.com.br\/home\/produto\/3-scripts-a-sua-escolha-por-r-90-reais\/","url":"https:\/\/loja.emmersonstudio.com.br\/home\/produto\/3-scripts-a-sua-escolha-por-r-90-reais\/","name":"3 Scripts a sua escolha por R$ 90 reais - Produtos Digitais","isPartOf":{"@id":"https:\/\/loja.emmersonstudio.com.br\/home\/#website"},"primaryImageOfPage":{"@id":"https:\/\/loja.emmersonstudio.com.br\/home\/produto\/3-scripts-a-sua-escolha-por-r-90-reais\/#primaryimage"},"image":{"@id":"https:\/\/loja.emmersonstudio.com.br\/home\/produto\/3-scripts-a-sua-escolha-por-r-90-reais\/#primaryimage"},"thumbnailUrl":"https:\/\/loja.emmersonstudio.com.br\/home\/wp-content\/uploads\/2024\/11\/semana-de-promocao-loja-dos-scripts.jpg","datePublished":"2025-01-17T12:27:18+00:00","dateModified":"2025-01-17T12:27:19+00:00","breadcrumb":{"@id":"https:\/\/loja.emmersonstudio.com.br\/home\/produto\/3-scripts-a-sua-escolha-por-r-90-reais\/#breadcrumb"},"inLanguage":"pt-BR","potentialAction":[{"@type":"ReadAction","target":["https:\/\/loja.emmersonstudio.com.br\/home\/produto\/3-scripts-a-sua-escolha-por-r-90-reais\/"]}]},{"@type":"ImageObject","inLanguage":"pt-BR","@id":"https:\/\/loja.emmersonstudio.com.br\/home\/produto\/3-scripts-a-sua-escolha-por-r-90-reais\/#primaryimage","url":"https:\/\/loja.emmersonstudio.com.br\/home\/wp-content\/uploads\/2024\/11\/semana-de-promocao-loja-dos-scripts.jpg","contentUrl":"https:\/\/loja.emmersonstudio.com.br\/home\/wp-content\/uploads\/2024\/11\/semana-de-promocao-loja-dos-scripts.jpg","width":800,"height":699},{"@type":"BreadcrumbList","@id":"https:\/\/loja.emmersonstudio.com.br\/home\/produto\/3-scripts-a-sua-escolha-por-r-90-reais\/#breadcrumb","itemListElement":[{"@type":"ListItem","position":1,"name":"Home","item":"https:\/\/loja.emmersonstudio.com.br\/home\/"},{"@type":"ListItem","position":2,"name":"Loja","item":"https:\/\/loja.emmersonstudio.com.br\/home\/loja\/"},{"@type":"ListItem","position":3,"name":"3 Scripts a sua escolha por R$ 90 reais"}]},{"@type":"WebSite","@id":"https:\/\/loja.emmersonstudio.com.br\/home\/#website","url":"https:\/\/loja.emmersonstudio.com.br\/home\/","name":"LOJA DOS SCRIPTS","description":"","publisher":{"@id":"https:\/\/loja.emmersonstudio.com.br\/home\/#\/schema\/person\/e7a723a212fc0c6c60a0734892d60ac1"},"potentialAction":[{"@type":"SearchAction","target":{"@type":"EntryPoint","urlTemplate":"https:\/\/loja.emmersonstudio.com.br\/home\/?s={search_term_string}"},"query-input":{"@type":"PropertyValueSpecification","valueRequired":true,"valueName":"search_term_string"}}],"inLanguage":"pt-BR"},{"@type":["Person","Organization"],"@id":"https:\/\/loja.emmersonstudio.com.br\/home\/#\/schema\/person\/e7a723a212fc0c6c60a0734892d60ac1","name":"admin","image":{"@type":"ImageObject","inLanguage":"pt-BR","@id":"https:\/\/loja.emmersonstudio.com.br\/home\/#\/schema\/person\/image\/","url":"https:\/\/loja.emmersonstudio.com.br\/home\/wp-content\/uploads\/2023\/10\/Design-sem-nome-2.png","contentUrl":"https:\/\/loja.emmersonstudio.com.br\/home\/wp-content\/uploads\/2023\/10\/Design-sem-nome-2.png","width":512,"height":250,"caption":"admin"},"logo":{"@id":"https:\/\/loja.emmersonstudio.com.br\/home\/#\/schema\/person\/image\/"},"sameAs":["https:\/\/loja.emmersonstudio.com.br\/home"]}]}},"_links":{"self":[{"href":"https:\/\/loja.emmersonstudio.com.br\/home\/wp-json\/wp\/v2\/product\/3350","targetHints":{"allow":["GET"]}}],"collection":[{"href":"https:\/\/loja.emmersonstudio.com.br\/home\/wp-json\/wp\/v2\/product"}],"about":[{"href":"https:\/\/loja.emmersonstudio.com.br\/home\/wp-json\/wp\/v2\/types\/product"}],"wp:featuredmedia":[{"embeddable":true,"href":"https:\/\/loja.emmersonstudio.com.br\/home\/wp-json\/wp\/v2\/media\/2753"}],"wp:attachment":[{"href":"https:\/\/loja.emmersonstudio.com.br\/home\/wp-json\/wp\/v2\/media?parent=3350"}],"wp:term":[{"taxonomy":"product_cat","embeddable":true,"href":"https:\/\/loja.emmersonstudio.com.br\/home\/wp-json\/wp\/v2\/product_cat?post=3350"},{"taxonomy":"product_tag","embeddable":true,"href":"https:\/\/loja.emmersonstudio.com.br\/home\/wp-json\/wp\/v2\/product_tag?post=3350"}],"curies":[{"name":"wp","href":"https:\/\/api.w.org\/{rel}","templated":true}]}}