{"id":3348,"date":"2025-01-17T12:27:17","date_gmt":"2025-01-17T12:27:17","guid":{"rendered":"https:\/\/loja.emmersonstudio.com.br\/home\/produto\/pack-de-artes-para-redes-sociais-bonus\/"},"modified":"2025-01-17T12:27:17","modified_gmt":"2025-01-17T12:27:17","slug":"pack-de-artes-para-redes-sociais-bonus","status":"publish","type":"product","link":"https:\/\/loja.emmersonstudio.com.br\/home\/produto\/pack-de-artes-para-redes-sociais-bonus\/","title":{"rendered":"Pack de Artes para Redes Sociais + B\u00f4nus"},"content":{"rendered":"<h2>Pack de Artes Prontas para Redes Sociais<\/h2>\n<p>O <strong>Pack de Artes Prontas para Redes Sociais<\/strong> Profissionais edit\u00e1veis atrav\u00e9s do Photoshop, esses modelos s\u00e3o \u00f3timos para diminuir o seu tempo e esfor\u00e7o na cria\u00e7\u00e3o de pe\u00e7as para as redes sociais, podem ser estilizados com grande flexibilidade para diversos tipos de neg\u00f3cios, cont\u00e9m varias imagens com alta resolu\u00e7\u00e3o que podem ser usadas nas mais variadas m\u00eddias sociais como Facebook, instagram, Twitter, Pinterest e outros tipos de m\u00eddias como sites, hotsites, blogs, portais e similares.<\/p>\n<p>Com essa incr\u00edvel colet\u00e2nea que vem no pacote \u00e9 poss\u00edvel adaptar e desenvolver milhares de artes exclusivas e de \u00f3tima qualidade.<\/p>\n<p>O Pacote de artes \u00e9 totalmente indicado para ser utilizado para os mais variados tipos de empresas, neg\u00f3cios, ag\u00eancias ou pessoas que queiram promover nas m\u00eddias sociais com alta qualidade e muito profissionalismo.<\/p>\n<p><strong>Para trabalhar com as artes \u00e9 indicado o m\u00ednimo de conhecimento em Photoshop<\/strong>, pois os arquivos est\u00e3o no formato PSD.<\/p>\n<h2>Material do Pacote de Artes Profissionais para as Redes Sociais:<\/h2>\n<h3>700+ LAYOUTS EM PSD PHOTOSHOP PARA M\u00cdDIAS SOCIAIS:<\/h3>\n<ol>\n<li><strong>Instagram Feed e Stories<\/strong><\/li>\n<li><strong>Facebook Feed, Stories e Facebook Ads<\/strong><\/li>\n<li><strong>Modelos adapt\u00e1veis para qualquer Rede Social<\/strong>:\n<ul>\n<li>Neg\u00f3cio<\/li>\n<li>Alimenta\u00e7\u00e3o e Restaurante<\/li>\n<li>Aluguel de Carro<\/li>\n<li>Cof\u00e9<\/li>\n<li>Academia<\/li>\n<li>Bares<\/li>\n<li>Marketing<\/li>\n<li>Motivacional<\/li>\n<li>Sa\u00fade<\/li>\n<li>Transporte<\/li>\n<li>Festa e Eventos<\/li>\n<li>Im\u00f3veis<\/li>\n<li>Promo\u00e7\u00f5es para Lojas<\/li>\n<li>Dias da Semana<\/li>\n<li>Festa<\/li>\n<li>Inform\u00e1tica e Dados<\/li>\n<li><strong>Customiz\u00e1veis para qualquer tipo de neg\u00f3cio<\/strong><\/li>\n<\/ul>\n<\/li>\n<\/ol>\n<h3>36.100+ IMAGENS PNG COM FUNDO TRANSPARENTE<\/h3>\n<ul>\n<li>\n<ul>\n<li>Animal<\/li>\n<li>Armas<\/li>\n<li>Arquitetura<\/li>\n<li>Astrologia<\/li>\n<li>Carro<\/li>\n<li>Celebridade<\/li>\n<li>Comida<\/li>\n<li>Cozinha<\/li>\n<li>Eletr\u00f4nicos<\/li>\n<li>Esporte<\/li>\n<li>Fantasia<\/li>\n<li>Folhas e Palmeiras<\/li>\n<li>Fruta<\/li>\n<li>Her\u00f3is<\/li>\n<li>Insetos<\/li>\n<li>Joias<\/li>\n<li>Logos<\/li>\n<li>Logos Cantores e Eventos<\/li>\n<li>Lumin\u00e1rias e Ilumina\u00e7\u00e3o<\/li>\n<li>Madeiras<\/li>\n<li>Objetos<\/li>\n<li>Roupas\u2026<\/li>\n<\/ul>\n<\/li>\n<\/ul>\n<p>Grande biblioteca de imagens com fundo transparente que podem ser utilizada para qualquer tipo de m\u00eddia, traz muita flexibilidade.<\/p>\n<h3>1.300 IMAGENS EM ALTA RESO\u00c7\u00c3O EM HD<\/h3>\n<ul>\n<li>\n<ul>\n<li>Neg\u00f3cios<\/li>\n<li>Alimentos<\/li>\n<li>Animais<\/li>\n<li>Backgrounds Diversos<\/li>\n<li>Bebidas, Casal\/Fam\u00edlia\/Amor<\/li>\n<li>Crian\u00e7as<\/li>\n<li>Doces<\/li>\n<li>Frutas e Legumes<\/li>\n<li>Modelos\/Mulheres<\/li>\n<li>Natureza, Ouro, Pessoas\u2026<\/li>\n<\/ul>\n<\/li>\n<\/ul>\n<p>Lindas imagens em alta resolu\u00e7\u00e3o com flexibilidade de uso em qualquer m\u00eddia online e off-line.<\/p>\n<h3>26.000+ FONTES PROFISSIONAIS<\/h3>\n<p>Mais 26 mil fontes profissionais<\/p>\n<h3>B\u00d4NUS<\/h3>\n<ol>\n<li>\n<ol>\n<li>PACOTE DE SOMBRAS PNG<\/li>\n<li>\u00cdCONES REA\u00c7\u00d5ES 3D M\u00cdDIAS SOCIAIS<\/li>\n<li>STICKYS INSTAGRAM<\/li>\n<li>FLYERS \u2013 DATAS COMEMORATIVAS<\/li>\n<li>CODEC \u2013 Para Visualizar as Miniaturas dos PSD<\/li>\n<\/ol>\n<\/li>\n<\/ol>\n","protected":false},"excerpt":{"rendered":"<p><strong>Pack de Artes Prontas para Redes Sociais<\/strong> Profissionais edit\u00e1veis atrav\u00e9s do Photoshop, esses modelos s\u00e3o \u00f3timos para diminuir o seu tempo e esfor\u00e7o na cria\u00e7\u00e3o de pe\u00e7as para as redes sociais, podem ser estilizados com grande flexibilidade para diversos tipos de neg\u00f3cios<\/p>\n","protected":false},"featured_media":2746,"template":"","meta":{"om_disable_all_campaigns":false,"_monsterinsights_skip_tracking":false,"_monsterinsights_sitenote_active":false,"_monsterinsights_sitenote_note":"","_monsterinsights_sitenote_category":0,"_joinchat":[]},"product_cat":[155,150,136,151],"product_tag":[],"class_list":{"0":"post-3348","1":"product","2":"type-product","3":"status-publish","4":"has-post-thumbnail","6":"product_cat-lancamentos","7":"product_cat-packs-completos","8":"product_cat-todos-produtos","9":"product_cat-variados","11":"first","12":"instock","13":"taxable","14":"shipping-taxable","15":"purchasable","16":"product-type-simple"},"aioseo_notices":[],"yoast_head":"<!-- This site is optimized with the Yoast SEO Premium plugin v23.7 (Yoast SEO v23.6) - https:\/\/yoast.com\/wordpress\/plugins\/seo\/ -->\n<title>Pack de Artes para Redes Sociais + B\u00f4nus - Produtos Digitais<\/title>\n<meta name=\"robots\" content=\"index, follow, max-snippet:-1, max-image-preview:large, max-video-preview:-1\" \/>\n<link rel=\"canonical\" href=\"https:\/\/loja.emmersonstudio.com.br\/home\/produto\/pack-de-artes-para-redes-sociais-bonus\/\" \/>\n<meta property=\"og:locale\" content=\"pt_BR\" \/>\n<meta property=\"og:type\" content=\"article\" \/>\n<meta property=\"og:title\" content=\"Pack de Artes para Redes Sociais + B\u00f4nus\" \/>\n<meta property=\"og:description\" content=\"Pack de Artes Prontas para Redes Sociais Profissionais edit\u00e1veis atrav\u00e9s do Photoshop, esses modelos s\u00e3o \u00f3timos para diminuir o seu tempo e esfor\u00e7o na cria\u00e7\u00e3o de pe\u00e7as para as redes sociais, podem ser estilizados com grande flexibilidade para diversos tipos de neg\u00f3cios\" \/>\n<meta property=\"og:url\" content=\"https:\/\/loja.emmersonstudio.com.br\/home\/produto\/pack-de-artes-para-redes-sociais-bonus\/\" \/>\n<meta property=\"og:site_name\" content=\"Produtos Digitais\" \/>\n<meta name=\"twitter:card\" content=\"summary_large_image\" \/>\n<meta name=\"twitter:label1\" content=\"Est. tempo de leitura\" \/>\n\t<meta name=\"twitter:data1\" content=\"2 minutos\" \/>\n<script type=\"application\/ld+json\" class=\"yoast-schema-graph\">{\"@context\":\"https:\/\/schema.org\",\"@graph\":[{\"@type\":\"WebPage\",\"@id\":\"https:\/\/loja.emmersonstudio.com.br\/home\/produto\/pack-de-artes-para-redes-sociais-bonus\/\",\"url\":\"https:\/\/loja.emmersonstudio.com.br\/home\/produto\/pack-de-artes-para-redes-sociais-bonus\/\",\"name\":\"Pack de Artes para Redes Sociais + B\u00f4nus - Produtos Digitais\",\"isPartOf\":{\"@id\":\"https:\/\/loja.emmersonstudio.com.br\/home\/#website\"},\"primaryImageOfPage\":{\"@id\":\"https:\/\/loja.emmersonstudio.com.br\/home\/produto\/pack-de-artes-para-redes-sociais-bonus\/#primaryimage\"},\"image\":{\"@id\":\"https:\/\/loja.emmersonstudio.com.br\/home\/produto\/pack-de-artes-para-redes-sociais-bonus\/#primaryimage\"},\"thumbnailUrl\":\"https:\/\/loja.emmersonstudio.com.br\/home\/wp-content\/uploads\/2024\/11\/mega-pack.jpg\",\"datePublished\":\"2025-01-17T12:27:17+00:00\",\"dateModified\":\"2025-01-17T12:27:17+00:00\",\"breadcrumb\":{\"@id\":\"https:\/\/loja.emmersonstudio.com.br\/home\/produto\/pack-de-artes-para-redes-sociais-bonus\/#breadcrumb\"},\"inLanguage\":\"pt-BR\",\"potentialAction\":[{\"@type\":\"ReadAction\",\"target\":[\"https:\/\/loja.emmersonstudio.com.br\/home\/produto\/pack-de-artes-para-redes-sociais-bonus\/\"]}]},{\"@type\":\"ImageObject\",\"inLanguage\":\"pt-BR\",\"@id\":\"https:\/\/loja.emmersonstudio.com.br\/home\/produto\/pack-de-artes-para-redes-sociais-bonus\/#primaryimage\",\"url\":\"https:\/\/loja.emmersonstudio.com.br\/home\/wp-content\/uploads\/2024\/11\/mega-pack.jpg\",\"contentUrl\":\"https:\/\/loja.emmersonstudio.com.br\/home\/wp-content\/uploads\/2024\/11\/mega-pack.jpg\",\"width\":800,\"height\":699},{\"@type\":\"BreadcrumbList\",\"@id\":\"https:\/\/loja.emmersonstudio.com.br\/home\/produto\/pack-de-artes-para-redes-sociais-bonus\/#breadcrumb\",\"itemListElement\":[{\"@type\":\"ListItem\",\"position\":1,\"name\":\"Home\",\"item\":\"https:\/\/loja.emmersonstudio.com.br\/home\/\"},{\"@type\":\"ListItem\",\"position\":2,\"name\":\"Loja\",\"item\":\"https:\/\/loja.emmersonstudio.com.br\/home\/loja\/\"},{\"@type\":\"ListItem\",\"position\":3,\"name\":\"Pack de Artes para Redes Sociais + B\u00f4nus\"}]},{\"@type\":\"WebSite\",\"@id\":\"https:\/\/loja.emmersonstudio.com.br\/home\/#website\",\"url\":\"https:\/\/loja.emmersonstudio.com.br\/home\/\",\"name\":\"LOJA DOS SCRIPTS\",\"description\":\"\",\"publisher\":{\"@id\":\"https:\/\/loja.emmersonstudio.com.br\/home\/#\/schema\/person\/e7a723a212fc0c6c60a0734892d60ac1\"},\"potentialAction\":[{\"@type\":\"SearchAction\",\"target\":{\"@type\":\"EntryPoint\",\"urlTemplate\":\"https:\/\/loja.emmersonstudio.com.br\/home\/?s={search_term_string}\"},\"query-input\":{\"@type\":\"PropertyValueSpecification\",\"valueRequired\":true,\"valueName\":\"search_term_string\"}}],\"inLanguage\":\"pt-BR\"},{\"@type\":[\"Person\",\"Organization\"],\"@id\":\"https:\/\/loja.emmersonstudio.com.br\/home\/#\/schema\/person\/e7a723a212fc0c6c60a0734892d60ac1\",\"name\":\"admin\",\"image\":{\"@type\":\"ImageObject\",\"inLanguage\":\"pt-BR\",\"@id\":\"https:\/\/loja.emmersonstudio.com.br\/home\/#\/schema\/person\/image\/\",\"url\":\"https:\/\/loja.emmersonstudio.com.br\/home\/wp-content\/uploads\/2023\/10\/Design-sem-nome-2.png\",\"contentUrl\":\"https:\/\/loja.emmersonstudio.com.br\/home\/wp-content\/uploads\/2023\/10\/Design-sem-nome-2.png\",\"width\":512,\"height\":250,\"caption\":\"admin\"},\"logo\":{\"@id\":\"https:\/\/loja.emmersonstudio.com.br\/home\/#\/schema\/person\/image\/\"},\"sameAs\":[\"https:\/\/loja.emmersonstudio.com.br\/home\"]}]}<\/script>\n<!-- \/ Yoast SEO Premium plugin. -->","yoast_head_json":{"title":"Pack de Artes para Redes Sociais + B\u00f4nus - Produtos Digitais","robots":{"index":"index","follow":"follow","max-snippet":"max-snippet:-1","max-image-preview":"max-image-preview:large","max-video-preview":"max-video-preview:-1"},"canonical":"https:\/\/loja.emmersonstudio.com.br\/home\/produto\/pack-de-artes-para-redes-sociais-bonus\/","og_locale":"pt_BR","og_type":"article","og_title":"Pack de Artes para Redes Sociais + B\u00f4nus","og_description":"Pack de Artes Prontas para Redes Sociais Profissionais edit\u00e1veis atrav\u00e9s do Photoshop, esses modelos s\u00e3o \u00f3timos para diminuir o seu tempo e esfor\u00e7o na cria\u00e7\u00e3o de pe\u00e7as para as redes sociais, podem ser estilizados com grande flexibilidade para diversos tipos de neg\u00f3cios","og_url":"https:\/\/loja.emmersonstudio.com.br\/home\/produto\/pack-de-artes-para-redes-sociais-bonus\/","og_site_name":"Produtos Digitais","twitter_card":"summary_large_image","twitter_misc":{"Est. tempo de leitura":"2 minutos"},"schema":{"@context":"https:\/\/schema.org","@graph":[{"@type":"WebPage","@id":"https:\/\/loja.emmersonstudio.com.br\/home\/produto\/pack-de-artes-para-redes-sociais-bonus\/","url":"https:\/\/loja.emmersonstudio.com.br\/home\/produto\/pack-de-artes-para-redes-sociais-bonus\/","name":"Pack de Artes para Redes Sociais + B\u00f4nus - Produtos Digitais","isPartOf":{"@id":"https:\/\/loja.emmersonstudio.com.br\/home\/#website"},"primaryImageOfPage":{"@id":"https:\/\/loja.emmersonstudio.com.br\/home\/produto\/pack-de-artes-para-redes-sociais-bonus\/#primaryimage"},"image":{"@id":"https:\/\/loja.emmersonstudio.com.br\/home\/produto\/pack-de-artes-para-redes-sociais-bonus\/#primaryimage"},"thumbnailUrl":"https:\/\/loja.emmersonstudio.com.br\/home\/wp-content\/uploads\/2024\/11\/mega-pack.jpg","datePublished":"2025-01-17T12:27:17+00:00","dateModified":"2025-01-17T12:27:17+00:00","breadcrumb":{"@id":"https:\/\/loja.emmersonstudio.com.br\/home\/produto\/pack-de-artes-para-redes-sociais-bonus\/#breadcrumb"},"inLanguage":"pt-BR","potentialAction":[{"@type":"ReadAction","target":["https:\/\/loja.emmersonstudio.com.br\/home\/produto\/pack-de-artes-para-redes-sociais-bonus\/"]}]},{"@type":"ImageObject","inLanguage":"pt-BR","@id":"https:\/\/loja.emmersonstudio.com.br\/home\/produto\/pack-de-artes-para-redes-sociais-bonus\/#primaryimage","url":"https:\/\/loja.emmersonstudio.com.br\/home\/wp-content\/uploads\/2024\/11\/mega-pack.jpg","contentUrl":"https:\/\/loja.emmersonstudio.com.br\/home\/wp-content\/uploads\/2024\/11\/mega-pack.jpg","width":800,"height":699},{"@type":"BreadcrumbList","@id":"https:\/\/loja.emmersonstudio.com.br\/home\/produto\/pack-de-artes-para-redes-sociais-bonus\/#breadcrumb","itemListElement":[{"@type":"ListItem","position":1,"name":"Home","item":"https:\/\/loja.emmersonstudio.com.br\/home\/"},{"@type":"ListItem","position":2,"name":"Loja","item":"https:\/\/loja.emmersonstudio.com.br\/home\/loja\/"},{"@type":"ListItem","position":3,"name":"Pack de Artes para Redes Sociais + B\u00f4nus"}]},{"@type":"WebSite","@id":"https:\/\/loja.emmersonstudio.com.br\/home\/#website","url":"https:\/\/loja.emmersonstudio.com.br\/home\/","name":"LOJA DOS SCRIPTS","description":"","publisher":{"@id":"https:\/\/loja.emmersonstudio.com.br\/home\/#\/schema\/person\/e7a723a212fc0c6c60a0734892d60ac1"},"potentialAction":[{"@type":"SearchAction","target":{"@type":"EntryPoint","urlTemplate":"https:\/\/loja.emmersonstudio.com.br\/home\/?s={search_term_string}"},"query-input":{"@type":"PropertyValueSpecification","valueRequired":true,"valueName":"search_term_string"}}],"inLanguage":"pt-BR"},{"@type":["Person","Organization"],"@id":"https:\/\/loja.emmersonstudio.com.br\/home\/#\/schema\/person\/e7a723a212fc0c6c60a0734892d60ac1","name":"admin","image":{"@type":"ImageObject","inLanguage":"pt-BR","@id":"https:\/\/loja.emmersonstudio.com.br\/home\/#\/schema\/person\/image\/","url":"https:\/\/loja.emmersonstudio.com.br\/home\/wp-content\/uploads\/2023\/10\/Design-sem-nome-2.png","contentUrl":"https:\/\/loja.emmersonstudio.com.br\/home\/wp-content\/uploads\/2023\/10\/Design-sem-nome-2.png","width":512,"height":250,"caption":"admin"},"logo":{"@id":"https:\/\/loja.emmersonstudio.com.br\/home\/#\/schema\/person\/image\/"},"sameAs":["https:\/\/loja.emmersonstudio.com.br\/home"]}]}},"_links":{"self":[{"href":"https:\/\/loja.emmersonstudio.com.br\/home\/wp-json\/wp\/v2\/product\/3348","targetHints":{"allow":["GET"]}}],"collection":[{"href":"https:\/\/loja.emmersonstudio.com.br\/home\/wp-json\/wp\/v2\/product"}],"about":[{"href":"https:\/\/loja.emmersonstudio.com.br\/home\/wp-json\/wp\/v2\/types\/product"}],"wp:featuredmedia":[{"embeddable":true,"href":"https:\/\/loja.emmersonstudio.com.br\/home\/wp-json\/wp\/v2\/media\/2746"}],"wp:attachment":[{"href":"https:\/\/loja.emmersonstudio.com.br\/home\/wp-json\/wp\/v2\/media?parent=3348"}],"wp:term":[{"taxonomy":"product_cat","embeddable":true,"href":"https:\/\/loja.emmersonstudio.com.br\/home\/wp-json\/wp\/v2\/product_cat?post=3348"},{"taxonomy":"product_tag","embeddable":true,"href":"https:\/\/loja.emmersonstudio.com.br\/home\/wp-json\/wp\/v2\/product_tag?post=3348"}],"curies":[{"name":"wp","href":"https:\/\/api.w.org\/{rel}","templated":true}]}}