{"id":3346,"date":"2025-01-17T12:27:15","date_gmt":"2025-01-17T12:27:15","guid":{"rendered":"https:\/\/loja.emmersonstudio.com.br\/home\/produto\/portal-de-noticias-automaticas-gold-cod-1212\/"},"modified":"2025-01-17T12:27:16","modified_gmt":"2025-01-17T12:27:16","slug":"portal-de-noticias-automaticas-gold-cod-1212","status":"publish","type":"product","link":"https:\/\/loja.emmersonstudio.com.br\/home\/produto\/portal-de-noticias-automaticas-gold-cod-1212\/","title":{"rendered":"Portal de Noticias Autom\u00e1ticas  Gold -COD-1212"},"content":{"rendered":"<p>Portal de Noticias Autom\u00e1ticas Super completo e super f\u00e1cil de administrar, com v\u00eddeo aula de instala\u00e7\u00e3o e suporte durante a instala\u00e7\u00e3o. Vers\u00e3o super moderna instala em PHP vers\u00e3o 7.4 acima, este \u00e9 momento de aproveitar para ter um dos melhores portais de noticias e super\u00a0 completo . o script ser\u00e1 entregue da forma que se encontra no demo do mesmo com todo o conte\u00fado depois de instalado,<\/p>\n<p><strong>V\u00cdDEO AULAS DE INSTALA\u00c7\u00c3O<\/strong><\/p>\n<p>N\u00e3o inclui suporte de utiliza\u00e7\u00e3o, configura\u00e7\u00e3o, modifica\u00e7\u00f5es ou altera\u00e7\u00f5es, voc\u00ea recebe o script com o funcionamento igual ao demo, o script tem c\u00f3digo aberto, voc\u00ea tendo conhecimento poder\u00e1 alterar o que quiser nele.<\/p>\n<p><strong>V\u00c1RIOS ESPA\u00c7OS PARA AN\u00daNCIOS<br \/>\n<\/strong><\/p>\n<p>O Suporte \u00e9 via WhatsApp, apenas suporte para d\u00favidas de instala\u00e7\u00e3o caso tenha alguma d\u00favida (\u00e9 necess\u00e1rio que o usu\u00e1rio instale o script em hospedagem com os requisitos informados). N\u00e3o \u00e9 garantido o funcionamento em hospedagens gratuitas ou em hospedagem sem o cPanel (cpanel net).<\/p>\n<p>Garantia de Funcionamento Somente para Hospedagem Com:<br \/>\n\u2013 Servidor Linux com cPanel da (cpanel.net)<br \/>\n\u2013 PHP 7.4<br \/>\n\u2013 Apache<br \/>\n\u2013 phpMyAdmin<br \/>\n\u2013 MySQL \/ DBMaria<\/p>\n<blockquote>\n<h4>ENTREGA:<\/h4>\n<p>*O Envio do Script \u00e9 feito de forma autom\u00e1tica, para efetuar a compra voc\u00ea precisa se cadastrar em nossa loja, seu produto ser\u00e1 entregue na sua conta ( \u00c1rea do Cliente )<\/p>\n<p>Envio em at\u00e9 5 min ap\u00f3s confirma\u00e7\u00e3o do pagamento pelo banco emissor.<\/p>\n<h4>REEMBOLSO E PERSONALIZA\u00c7\u00c3O:<\/h4>\n<p>&#8211; Por se Tratar de um produto digital n\u00e3o fazemos a devolu\u00e7\u00e3o do pagamento.<br \/>\n&#8211; Este valor n\u00e3o inclui altera\u00e7\u00f5es no Script ou Instala\u00e7\u00e3o.<\/p><\/blockquote>\n<p>&nbsp;<\/p>\n","protected":false},"excerpt":{"rendered":"<p>Super completo e super f\u00e1cil de administrar, com v\u00eddeo aula de instala\u00e7\u00e3o e suporte durante a instala\u00e7\u00e3o. Vers\u00e3o super moderna instala em PHP vers\u00e3o 7.4 acima, este \u00e9 momento de aproveitar para ter um dos melhores portais de noticias e super completo . o script ser\u00e1 entregue da forma que se encontra no demo do mesmo com todo o conte\u00fado depois de instalado,<\/p>\n<p><a href=\"https:\/\/centraldosscripts.com.br\/wordpress\/PORTAISNOTICIAS\/COD-1212\/\" target=\"_blank\" rel=\"noopener\"><img decoding=\"async\" class=\"size-full wp-image-7237 aligncenter\" src=\"https:\/\/scriptstore.com.br\/wp-content\/uploads\/2022\/05\/btn-demo.png\" alt=\"\" width=\"196\" height=\"81\" \/><\/a><\/p>\n","protected":false},"featured_media":2742,"template":"","meta":{"om_disable_all_campaigns":false,"_monsterinsights_skip_tracking":false,"_monsterinsights_sitenote_active":false,"_monsterinsights_sitenote_note":"","_monsterinsights_sitenote_category":0,"_joinchat":[]},"product_cat":[155,135,136],"product_tag":[],"class_list":{"0":"post-3346","1":"product","2":"type-product","3":"status-publish","4":"has-post-thumbnail","6":"product_cat-lancamentos","7":"product_cat-portais-de-noticias","8":"product_cat-todos-produtos","10":"first","11":"instock","12":"taxable","13":"shipping-taxable","14":"purchasable","15":"product-type-simple"},"aioseo_notices":[],"yoast_head":"<!-- This site is optimized with the Yoast SEO Premium plugin v23.7 (Yoast SEO v23.6) - https:\/\/yoast.com\/wordpress\/plugins\/seo\/ -->\n<title>Portal de Noticias Autom\u00e1ticas Gold -COD-1212 - Produtos Digitais<\/title>\n<meta name=\"robots\" content=\"index, follow, max-snippet:-1, max-image-preview:large, max-video-preview:-1\" \/>\n<link rel=\"canonical\" href=\"https:\/\/loja.emmersonstudio.com.br\/home\/produto\/portal-de-noticias-automaticas-gold-cod-1212\/\" \/>\n<meta property=\"og:locale\" content=\"pt_BR\" \/>\n<meta property=\"og:type\" content=\"article\" \/>\n<meta property=\"og:title\" content=\"Portal de Noticias Autom\u00e1ticas Gold -COD-1212\" \/>\n<meta property=\"og:description\" content=\"Super completo e super f\u00e1cil de administrar, com v\u00eddeo aula de instala\u00e7\u00e3o e suporte durante a instala\u00e7\u00e3o. Vers\u00e3o super moderna instala em PHP vers\u00e3o 7.4 acima, este \u00e9 momento de aproveitar para ter um dos melhores portais de noticias e super completo . o script ser\u00e1 entregue da forma que se encontra no demo do mesmo com todo o conte\u00fado depois de instalado,\" \/>\n<meta property=\"og:url\" content=\"https:\/\/loja.emmersonstudio.com.br\/home\/produto\/portal-de-noticias-automaticas-gold-cod-1212\/\" \/>\n<meta property=\"og:site_name\" content=\"Produtos Digitais\" \/>\n<meta property=\"article:modified_time\" content=\"2025-01-17T12:27:16+00:00\" \/>\n<meta name=\"twitter:card\" content=\"summary_large_image\" \/>\n<meta name=\"twitter:label1\" content=\"Est. tempo de leitura\" \/>\n\t<meta name=\"twitter:data1\" content=\"1 minuto\" \/>\n<script type=\"application\/ld+json\" class=\"yoast-schema-graph\">{\"@context\":\"https:\/\/schema.org\",\"@graph\":[{\"@type\":\"WebPage\",\"@id\":\"https:\/\/loja.emmersonstudio.com.br\/home\/produto\/portal-de-noticias-automaticas-gold-cod-1212\/\",\"url\":\"https:\/\/loja.emmersonstudio.com.br\/home\/produto\/portal-de-noticias-automaticas-gold-cod-1212\/\",\"name\":\"Portal de Noticias Autom\u00e1ticas Gold -COD-1212 - Produtos Digitais\",\"isPartOf\":{\"@id\":\"https:\/\/loja.emmersonstudio.com.br\/home\/#website\"},\"primaryImageOfPage\":{\"@id\":\"https:\/\/loja.emmersonstudio.com.br\/home\/produto\/portal-de-noticias-automaticas-gold-cod-1212\/#primaryimage\"},\"image\":{\"@id\":\"https:\/\/loja.emmersonstudio.com.br\/home\/produto\/portal-de-noticias-automaticas-gold-cod-1212\/#primaryimage\"},\"thumbnailUrl\":\"https:\/\/loja.emmersonstudio.com.br\/home\/wp-content\/uploads\/2024\/11\/codigo-1212-novo.jpg\",\"datePublished\":\"2025-01-17T12:27:15+00:00\",\"dateModified\":\"2025-01-17T12:27:16+00:00\",\"breadcrumb\":{\"@id\":\"https:\/\/loja.emmersonstudio.com.br\/home\/produto\/portal-de-noticias-automaticas-gold-cod-1212\/#breadcrumb\"},\"inLanguage\":\"pt-BR\",\"potentialAction\":[{\"@type\":\"ReadAction\",\"target\":[\"https:\/\/loja.emmersonstudio.com.br\/home\/produto\/portal-de-noticias-automaticas-gold-cod-1212\/\"]}]},{\"@type\":\"ImageObject\",\"inLanguage\":\"pt-BR\",\"@id\":\"https:\/\/loja.emmersonstudio.com.br\/home\/produto\/portal-de-noticias-automaticas-gold-cod-1212\/#primaryimage\",\"url\":\"https:\/\/loja.emmersonstudio.com.br\/home\/wp-content\/uploads\/2024\/11\/codigo-1212-novo.jpg\",\"contentUrl\":\"https:\/\/loja.emmersonstudio.com.br\/home\/wp-content\/uploads\/2024\/11\/codigo-1212-novo.jpg\",\"width\":800,\"height\":800},{\"@type\":\"BreadcrumbList\",\"@id\":\"https:\/\/loja.emmersonstudio.com.br\/home\/produto\/portal-de-noticias-automaticas-gold-cod-1212\/#breadcrumb\",\"itemListElement\":[{\"@type\":\"ListItem\",\"position\":1,\"name\":\"Home\",\"item\":\"https:\/\/loja.emmersonstudio.com.br\/home\/\"},{\"@type\":\"ListItem\",\"position\":2,\"name\":\"Loja\",\"item\":\"https:\/\/loja.emmersonstudio.com.br\/home\/loja\/\"},{\"@type\":\"ListItem\",\"position\":3,\"name\":\"Portal de Noticias Autom\u00e1ticas Gold -COD-1212\"}]},{\"@type\":\"WebSite\",\"@id\":\"https:\/\/loja.emmersonstudio.com.br\/home\/#website\",\"url\":\"https:\/\/loja.emmersonstudio.com.br\/home\/\",\"name\":\"LOJA DOS SCRIPTS\",\"description\":\"\",\"publisher\":{\"@id\":\"https:\/\/loja.emmersonstudio.com.br\/home\/#\/schema\/person\/e7a723a212fc0c6c60a0734892d60ac1\"},\"potentialAction\":[{\"@type\":\"SearchAction\",\"target\":{\"@type\":\"EntryPoint\",\"urlTemplate\":\"https:\/\/loja.emmersonstudio.com.br\/home\/?s={search_term_string}\"},\"query-input\":{\"@type\":\"PropertyValueSpecification\",\"valueRequired\":true,\"valueName\":\"search_term_string\"}}],\"inLanguage\":\"pt-BR\"},{\"@type\":[\"Person\",\"Organization\"],\"@id\":\"https:\/\/loja.emmersonstudio.com.br\/home\/#\/schema\/person\/e7a723a212fc0c6c60a0734892d60ac1\",\"name\":\"admin\",\"image\":{\"@type\":\"ImageObject\",\"inLanguage\":\"pt-BR\",\"@id\":\"https:\/\/loja.emmersonstudio.com.br\/home\/#\/schema\/person\/image\/\",\"url\":\"https:\/\/loja.emmersonstudio.com.br\/home\/wp-content\/uploads\/2023\/10\/Design-sem-nome-2.png\",\"contentUrl\":\"https:\/\/loja.emmersonstudio.com.br\/home\/wp-content\/uploads\/2023\/10\/Design-sem-nome-2.png\",\"width\":512,\"height\":250,\"caption\":\"admin\"},\"logo\":{\"@id\":\"https:\/\/loja.emmersonstudio.com.br\/home\/#\/schema\/person\/image\/\"},\"sameAs\":[\"https:\/\/loja.emmersonstudio.com.br\/home\"]}]}<\/script>\n<!-- \/ Yoast SEO Premium plugin. -->","yoast_head_json":{"title":"Portal de Noticias Autom\u00e1ticas Gold -COD-1212 - Produtos Digitais","robots":{"index":"index","follow":"follow","max-snippet":"max-snippet:-1","max-image-preview":"max-image-preview:large","max-video-preview":"max-video-preview:-1"},"canonical":"https:\/\/loja.emmersonstudio.com.br\/home\/produto\/portal-de-noticias-automaticas-gold-cod-1212\/","og_locale":"pt_BR","og_type":"article","og_title":"Portal de Noticias Autom\u00e1ticas Gold -COD-1212","og_description":"Super completo e super f\u00e1cil de administrar, com v\u00eddeo aula de instala\u00e7\u00e3o e suporte durante a instala\u00e7\u00e3o. Vers\u00e3o super moderna instala em PHP vers\u00e3o 7.4 acima, este \u00e9 momento de aproveitar para ter um dos melhores portais de noticias e super completo . o script ser\u00e1 entregue da forma que se encontra no demo do mesmo com todo o conte\u00fado depois de instalado,","og_url":"https:\/\/loja.emmersonstudio.com.br\/home\/produto\/portal-de-noticias-automaticas-gold-cod-1212\/","og_site_name":"Produtos Digitais","article_modified_time":"2025-01-17T12:27:16+00:00","twitter_card":"summary_large_image","twitter_misc":{"Est. tempo de leitura":"1 minuto"},"schema":{"@context":"https:\/\/schema.org","@graph":[{"@type":"WebPage","@id":"https:\/\/loja.emmersonstudio.com.br\/home\/produto\/portal-de-noticias-automaticas-gold-cod-1212\/","url":"https:\/\/loja.emmersonstudio.com.br\/home\/produto\/portal-de-noticias-automaticas-gold-cod-1212\/","name":"Portal de Noticias Autom\u00e1ticas Gold -COD-1212 - Produtos Digitais","isPartOf":{"@id":"https:\/\/loja.emmersonstudio.com.br\/home\/#website"},"primaryImageOfPage":{"@id":"https:\/\/loja.emmersonstudio.com.br\/home\/produto\/portal-de-noticias-automaticas-gold-cod-1212\/#primaryimage"},"image":{"@id":"https:\/\/loja.emmersonstudio.com.br\/home\/produto\/portal-de-noticias-automaticas-gold-cod-1212\/#primaryimage"},"thumbnailUrl":"https:\/\/loja.emmersonstudio.com.br\/home\/wp-content\/uploads\/2024\/11\/codigo-1212-novo.jpg","datePublished":"2025-01-17T12:27:15+00:00","dateModified":"2025-01-17T12:27:16+00:00","breadcrumb":{"@id":"https:\/\/loja.emmersonstudio.com.br\/home\/produto\/portal-de-noticias-automaticas-gold-cod-1212\/#breadcrumb"},"inLanguage":"pt-BR","potentialAction":[{"@type":"ReadAction","target":["https:\/\/loja.emmersonstudio.com.br\/home\/produto\/portal-de-noticias-automaticas-gold-cod-1212\/"]}]},{"@type":"ImageObject","inLanguage":"pt-BR","@id":"https:\/\/loja.emmersonstudio.com.br\/home\/produto\/portal-de-noticias-automaticas-gold-cod-1212\/#primaryimage","url":"https:\/\/loja.emmersonstudio.com.br\/home\/wp-content\/uploads\/2024\/11\/codigo-1212-novo.jpg","contentUrl":"https:\/\/loja.emmersonstudio.com.br\/home\/wp-content\/uploads\/2024\/11\/codigo-1212-novo.jpg","width":800,"height":800},{"@type":"BreadcrumbList","@id":"https:\/\/loja.emmersonstudio.com.br\/home\/produto\/portal-de-noticias-automaticas-gold-cod-1212\/#breadcrumb","itemListElement":[{"@type":"ListItem","position":1,"name":"Home","item":"https:\/\/loja.emmersonstudio.com.br\/home\/"},{"@type":"ListItem","position":2,"name":"Loja","item":"https:\/\/loja.emmersonstudio.com.br\/home\/loja\/"},{"@type":"ListItem","position":3,"name":"Portal de Noticias Autom\u00e1ticas Gold -COD-1212"}]},{"@type":"WebSite","@id":"https:\/\/loja.emmersonstudio.com.br\/home\/#website","url":"https:\/\/loja.emmersonstudio.com.br\/home\/","name":"LOJA DOS SCRIPTS","description":"","publisher":{"@id":"https:\/\/loja.emmersonstudio.com.br\/home\/#\/schema\/person\/e7a723a212fc0c6c60a0734892d60ac1"},"potentialAction":[{"@type":"SearchAction","target":{"@type":"EntryPoint","urlTemplate":"https:\/\/loja.emmersonstudio.com.br\/home\/?s={search_term_string}"},"query-input":{"@type":"PropertyValueSpecification","valueRequired":true,"valueName":"search_term_string"}}],"inLanguage":"pt-BR"},{"@type":["Person","Organization"],"@id":"https:\/\/loja.emmersonstudio.com.br\/home\/#\/schema\/person\/e7a723a212fc0c6c60a0734892d60ac1","name":"admin","image":{"@type":"ImageObject","inLanguage":"pt-BR","@id":"https:\/\/loja.emmersonstudio.com.br\/home\/#\/schema\/person\/image\/","url":"https:\/\/loja.emmersonstudio.com.br\/home\/wp-content\/uploads\/2023\/10\/Design-sem-nome-2.png","contentUrl":"https:\/\/loja.emmersonstudio.com.br\/home\/wp-content\/uploads\/2023\/10\/Design-sem-nome-2.png","width":512,"height":250,"caption":"admin"},"logo":{"@id":"https:\/\/loja.emmersonstudio.com.br\/home\/#\/schema\/person\/image\/"},"sameAs":["https:\/\/loja.emmersonstudio.com.br\/home"]}]}},"_links":{"self":[{"href":"https:\/\/loja.emmersonstudio.com.br\/home\/wp-json\/wp\/v2\/product\/3346","targetHints":{"allow":["GET"]}}],"collection":[{"href":"https:\/\/loja.emmersonstudio.com.br\/home\/wp-json\/wp\/v2\/product"}],"about":[{"href":"https:\/\/loja.emmersonstudio.com.br\/home\/wp-json\/wp\/v2\/types\/product"}],"wp:featuredmedia":[{"embeddable":true,"href":"https:\/\/loja.emmersonstudio.com.br\/home\/wp-json\/wp\/v2\/media\/2742"}],"wp:attachment":[{"href":"https:\/\/loja.emmersonstudio.com.br\/home\/wp-json\/wp\/v2\/media?parent=3346"}],"wp:term":[{"taxonomy":"product_cat","embeddable":true,"href":"https:\/\/loja.emmersonstudio.com.br\/home\/wp-json\/wp\/v2\/product_cat?post=3346"},{"taxonomy":"product_tag","embeddable":true,"href":"https:\/\/loja.emmersonstudio.com.br\/home\/wp-json\/wp\/v2\/product_tag?post=3346"}],"curies":[{"name":"wp","href":"https:\/\/api.w.org\/{rel}","templated":true}]}}