{"id":3344,"date":"2025-01-17T12:27:14","date_gmt":"2025-01-17T12:27:14","guid":{"rendered":"https:\/\/loja.emmersonstudio.com.br\/home\/produto\/site-para-igrejas-modelo-ouro-cod-3538\/"},"modified":"2025-01-17T12:27:14","modified_gmt":"2025-01-17T12:27:14","slug":"site-para-igrejas-modelo-ouro-cod-3538","status":"publish","type":"product","link":"https:\/\/loja.emmersonstudio.com.br\/home\/produto\/site-para-igrejas-modelo-ouro-cod-3538\/","title":{"rendered":"Site Para Igrejas Modelo Ouro &#8211; COD-3538"},"content":{"rendered":"<p><a href=\"https:\/\/scriptstore.com.br\/categoria-produtos\/igrejas-evangelicas\/\">Site para Igrejas Evang\u00e9licas<\/a> super completo com painel administrativo bem f\u00e1cil e bem simples, 100% responsivo criado em plataforma <a href=\"https:\/\/scriptstore.com.br\/categoria-produtos\/gospel\/\" target=\"_blank\" rel=\"noopener\">WordPress<\/a> modificado, sistema Elementor com arrasta e solta, acompanha v\u00eddeo aula de instala\u00e7\u00e3o passo a passo, e ainda daremos total suporte durante a instala\u00e7\u00e3o, agora voc\u00ea vai ter o site de sua igreja de forma bem simples e bem profissional, A entrega do script \u00e9 autom\u00e1tica, comprou ja baixa na hora pois nosso sistema de entrega \u00e9 autom\u00e1tico, bastando apenas entrar em sua conta em nossa loja e ja baixar o arquivo e as video aulas de instala\u00e7\u00e3o.<\/p>\n<p>VERS\u00c3O 7.4<\/p>\n<p>caso n\u00e3o tenha ainda um servi\u00e7o de hospedagem fale conosco pois temos\u00a0 HOSPEDAGEM para lhe fornecer, No caso de contrata\u00e7\u00e3o de nossa hospedagem a instala\u00e7\u00e3o \u00e9 gratuita , mas somente contratando um de nosso planos,<\/p>\n<p>O script ser\u00e1 entregue conforme esta no DEMO com todo conte\u00fado j\u00e1 inclu\u00eddo bastando apenas que voc\u00ea fa\u00e7a as modifica\u00e7\u00f5es para que fique a seu gosto,<\/p>\n<blockquote>\n<h4>ENTREGA:<\/h4>\n<p>*O Envio do Script \u00e9 feito de forma autom\u00e1tica, para efetuar a compra voc\u00ea precisa se cadastrar em nossa loja, seu produto ser\u00e1 entregue na sua conta ( \u00c1rea do Cliente )<\/p>\n<p>Envio em at\u00e9 5 min ap\u00f3s confirma\u00e7\u00e3o do pagamento pelo banco emissor.<\/p>\n<h4>REEMBOLSO E PERSONALIZA\u00c7\u00c3O:<\/h4>\n<p>&#8211; Por se Tratar de um produto digital n\u00e3o fazemos a devolu\u00e7\u00e3o do pagamento.<br \/>\n&#8211; Este valor n\u00e3o inclui altera\u00e7\u00f5es no Script ou Instala\u00e7\u00e3o.<\/p><\/blockquote>\n<p>&nbsp;<\/p>\n<p>&nbsp;<\/p>\n","protected":false},"excerpt":{"rendered":"<p>Site para Igrejas Evang\u00e9licas super completo com painel administrativo bem f\u00e1cil e bem simples, 100% responsivo criado em plataforma WordPress modificado, sistema Elementor com arrasta e solta, acompanha v\u00eddeo aula de instala\u00e7\u00e3o passo a passo, e ainda daremos total suporte durante a instala\u00e7\u00e3o, agora voc\u00ea vai ter o site de sua igreja de forma bem simples e bem profissional, A entrega do script \u00e9 autom\u00e1tica, comprou j\u00e1 baixa na hora pois nosso sistema de entrega \u00e9 autom\u00e1tico, bastando apenas entrar em sua conta em nossa loja e j\u00e1 baixar o arquivo e as v\u00eddeo aulas de instala\u00e7\u00e3o.<\/p>\n<p><a href=\"https:\/\/centraldosscripts.com.br\/wordpress\/IGREJAS\/COD-3538\/\" target=\"_blank\" rel=\"noopener\"><img decoding=\"async\" class=\"size-full wp-image-7237 aligncenter\" src=\"https:\/\/scriptstore.com.br\/wp-content\/uploads\/2022\/05\/btn-demo.png\" alt=\"\" width=\"196\" height=\"81\" \/><\/a><\/p>\n","protected":false},"featured_media":2738,"template":"","meta":{"om_disable_all_campaigns":false,"_monsterinsights_skip_tracking":false,"_monsterinsights_sitenote_active":false,"_monsterinsights_sitenote_note":"","_monsterinsights_sitenote_category":0,"_joinchat":[]},"product_cat":[143,145,155,136],"product_tag":[],"class_list":{"0":"post-3344","1":"product","2":"type-product","3":"status-publish","4":"has-post-thumbnail","6":"product_cat-gospel","7":"product_cat-igrejas-evangelicas","8":"product_cat-lancamentos","9":"product_cat-todos-produtos","11":"first","12":"instock","13":"taxable","14":"shipping-taxable","15":"purchasable","16":"product-type-simple"},"aioseo_notices":[],"yoast_head":"<!-- This site is optimized with the Yoast SEO Premium plugin v23.7 (Yoast SEO v23.6) - https:\/\/yoast.com\/wordpress\/plugins\/seo\/ -->\n<title>Site Para Igrejas Modelo Ouro - COD-3538 - Produtos Digitais<\/title>\n<meta name=\"robots\" content=\"index, follow, max-snippet:-1, max-image-preview:large, max-video-preview:-1\" \/>\n<link rel=\"canonical\" href=\"https:\/\/loja.emmersonstudio.com.br\/home\/produto\/site-para-igrejas-modelo-ouro-cod-3538\/\" \/>\n<meta property=\"og:locale\" content=\"pt_BR\" \/>\n<meta property=\"og:type\" content=\"article\" \/>\n<meta property=\"og:title\" content=\"Site Para Igrejas Modelo Ouro - COD-3538\" \/>\n<meta property=\"og:description\" content=\"Site para Igrejas Evang\u00e9licas super completo com painel administrativo bem f\u00e1cil e bem simples, 100% responsivo criado em plataforma WordPress modificado, sistema Elementor com arrasta e solta, acompanha v\u00eddeo aula de instala\u00e7\u00e3o passo a passo, e ainda daremos total suporte durante a instala\u00e7\u00e3o, agora voc\u00ea vai ter o site de sua igreja de forma bem simples e bem profissional, A entrega do script \u00e9 autom\u00e1tica, comprou j\u00e1 baixa na hora pois nosso sistema de entrega \u00e9 autom\u00e1tico, bastando apenas entrar em sua conta em nossa loja e j\u00e1 baixar o arquivo e as v\u00eddeo aulas de instala\u00e7\u00e3o.\" \/>\n<meta property=\"og:url\" content=\"https:\/\/loja.emmersonstudio.com.br\/home\/produto\/site-para-igrejas-modelo-ouro-cod-3538\/\" \/>\n<meta property=\"og:site_name\" content=\"Produtos Digitais\" \/>\n<meta name=\"twitter:card\" content=\"summary_large_image\" \/>\n<meta name=\"twitter:label1\" content=\"Est. tempo de leitura\" \/>\n\t<meta name=\"twitter:data1\" content=\"1 minuto\" \/>\n<script type=\"application\/ld+json\" class=\"yoast-schema-graph\">{\"@context\":\"https:\/\/schema.org\",\"@graph\":[{\"@type\":\"WebPage\",\"@id\":\"https:\/\/loja.emmersonstudio.com.br\/home\/produto\/site-para-igrejas-modelo-ouro-cod-3538\/\",\"url\":\"https:\/\/loja.emmersonstudio.com.br\/home\/produto\/site-para-igrejas-modelo-ouro-cod-3538\/\",\"name\":\"Site Para Igrejas Modelo Ouro - COD-3538 - Produtos Digitais\",\"isPartOf\":{\"@id\":\"https:\/\/loja.emmersonstudio.com.br\/home\/#website\"},\"primaryImageOfPage\":{\"@id\":\"https:\/\/loja.emmersonstudio.com.br\/home\/produto\/site-para-igrejas-modelo-ouro-cod-3538\/#primaryimage\"},\"image\":{\"@id\":\"https:\/\/loja.emmersonstudio.com.br\/home\/produto\/site-para-igrejas-modelo-ouro-cod-3538\/#primaryimage\"},\"thumbnailUrl\":\"https:\/\/loja.emmersonstudio.com.br\/home\/wp-content\/uploads\/2024\/11\/3538.jpg\",\"datePublished\":\"2025-01-17T12:27:14+00:00\",\"dateModified\":\"2025-01-17T12:27:14+00:00\",\"breadcrumb\":{\"@id\":\"https:\/\/loja.emmersonstudio.com.br\/home\/produto\/site-para-igrejas-modelo-ouro-cod-3538\/#breadcrumb\"},\"inLanguage\":\"pt-BR\",\"potentialAction\":[{\"@type\":\"ReadAction\",\"target\":[\"https:\/\/loja.emmersonstudio.com.br\/home\/produto\/site-para-igrejas-modelo-ouro-cod-3538\/\"]}]},{\"@type\":\"ImageObject\",\"inLanguage\":\"pt-BR\",\"@id\":\"https:\/\/loja.emmersonstudio.com.br\/home\/produto\/site-para-igrejas-modelo-ouro-cod-3538\/#primaryimage\",\"url\":\"https:\/\/loja.emmersonstudio.com.br\/home\/wp-content\/uploads\/2024\/11\/3538.jpg\",\"contentUrl\":\"https:\/\/loja.emmersonstudio.com.br\/home\/wp-content\/uploads\/2024\/11\/3538.jpg\",\"width\":800,\"height\":699},{\"@type\":\"BreadcrumbList\",\"@id\":\"https:\/\/loja.emmersonstudio.com.br\/home\/produto\/site-para-igrejas-modelo-ouro-cod-3538\/#breadcrumb\",\"itemListElement\":[{\"@type\":\"ListItem\",\"position\":1,\"name\":\"Home\",\"item\":\"https:\/\/loja.emmersonstudio.com.br\/home\/\"},{\"@type\":\"ListItem\",\"position\":2,\"name\":\"Loja\",\"item\":\"https:\/\/loja.emmersonstudio.com.br\/home\/loja\/\"},{\"@type\":\"ListItem\",\"position\":3,\"name\":\"Site Para Igrejas Modelo Ouro &#8211; COD-3538\"}]},{\"@type\":\"WebSite\",\"@id\":\"https:\/\/loja.emmersonstudio.com.br\/home\/#website\",\"url\":\"https:\/\/loja.emmersonstudio.com.br\/home\/\",\"name\":\"LOJA DOS SCRIPTS\",\"description\":\"\",\"publisher\":{\"@id\":\"https:\/\/loja.emmersonstudio.com.br\/home\/#\/schema\/person\/e7a723a212fc0c6c60a0734892d60ac1\"},\"potentialAction\":[{\"@type\":\"SearchAction\",\"target\":{\"@type\":\"EntryPoint\",\"urlTemplate\":\"https:\/\/loja.emmersonstudio.com.br\/home\/?s={search_term_string}\"},\"query-input\":{\"@type\":\"PropertyValueSpecification\",\"valueRequired\":true,\"valueName\":\"search_term_string\"}}],\"inLanguage\":\"pt-BR\"},{\"@type\":[\"Person\",\"Organization\"],\"@id\":\"https:\/\/loja.emmersonstudio.com.br\/home\/#\/schema\/person\/e7a723a212fc0c6c60a0734892d60ac1\",\"name\":\"admin\",\"image\":{\"@type\":\"ImageObject\",\"inLanguage\":\"pt-BR\",\"@id\":\"https:\/\/loja.emmersonstudio.com.br\/home\/#\/schema\/person\/image\/\",\"url\":\"https:\/\/loja.emmersonstudio.com.br\/home\/wp-content\/uploads\/2023\/10\/Design-sem-nome-2.png\",\"contentUrl\":\"https:\/\/loja.emmersonstudio.com.br\/home\/wp-content\/uploads\/2023\/10\/Design-sem-nome-2.png\",\"width\":512,\"height\":250,\"caption\":\"admin\"},\"logo\":{\"@id\":\"https:\/\/loja.emmersonstudio.com.br\/home\/#\/schema\/person\/image\/\"},\"sameAs\":[\"https:\/\/loja.emmersonstudio.com.br\/home\"]}]}<\/script>\n<!-- \/ Yoast SEO Premium plugin. -->","yoast_head_json":{"title":"Site Para Igrejas Modelo Ouro - COD-3538 - Produtos Digitais","robots":{"index":"index","follow":"follow","max-snippet":"max-snippet:-1","max-image-preview":"max-image-preview:large","max-video-preview":"max-video-preview:-1"},"canonical":"https:\/\/loja.emmersonstudio.com.br\/home\/produto\/site-para-igrejas-modelo-ouro-cod-3538\/","og_locale":"pt_BR","og_type":"article","og_title":"Site Para Igrejas Modelo Ouro - COD-3538","og_description":"Site para Igrejas Evang\u00e9licas super completo com painel administrativo bem f\u00e1cil e bem simples, 100% responsivo criado em plataforma WordPress modificado, sistema Elementor com arrasta e solta, acompanha v\u00eddeo aula de instala\u00e7\u00e3o passo a passo, e ainda daremos total suporte durante a instala\u00e7\u00e3o, agora voc\u00ea vai ter o site de sua igreja de forma bem simples e bem profissional, A entrega do script \u00e9 autom\u00e1tica, comprou j\u00e1 baixa na hora pois nosso sistema de entrega \u00e9 autom\u00e1tico, bastando apenas entrar em sua conta em nossa loja e j\u00e1 baixar o arquivo e as v\u00eddeo aulas de instala\u00e7\u00e3o.","og_url":"https:\/\/loja.emmersonstudio.com.br\/home\/produto\/site-para-igrejas-modelo-ouro-cod-3538\/","og_site_name":"Produtos Digitais","twitter_card":"summary_large_image","twitter_misc":{"Est. tempo de leitura":"1 minuto"},"schema":{"@context":"https:\/\/schema.org","@graph":[{"@type":"WebPage","@id":"https:\/\/loja.emmersonstudio.com.br\/home\/produto\/site-para-igrejas-modelo-ouro-cod-3538\/","url":"https:\/\/loja.emmersonstudio.com.br\/home\/produto\/site-para-igrejas-modelo-ouro-cod-3538\/","name":"Site Para Igrejas Modelo Ouro - COD-3538 - Produtos Digitais","isPartOf":{"@id":"https:\/\/loja.emmersonstudio.com.br\/home\/#website"},"primaryImageOfPage":{"@id":"https:\/\/loja.emmersonstudio.com.br\/home\/produto\/site-para-igrejas-modelo-ouro-cod-3538\/#primaryimage"},"image":{"@id":"https:\/\/loja.emmersonstudio.com.br\/home\/produto\/site-para-igrejas-modelo-ouro-cod-3538\/#primaryimage"},"thumbnailUrl":"https:\/\/loja.emmersonstudio.com.br\/home\/wp-content\/uploads\/2024\/11\/3538.jpg","datePublished":"2025-01-17T12:27:14+00:00","dateModified":"2025-01-17T12:27:14+00:00","breadcrumb":{"@id":"https:\/\/loja.emmersonstudio.com.br\/home\/produto\/site-para-igrejas-modelo-ouro-cod-3538\/#breadcrumb"},"inLanguage":"pt-BR","potentialAction":[{"@type":"ReadAction","target":["https:\/\/loja.emmersonstudio.com.br\/home\/produto\/site-para-igrejas-modelo-ouro-cod-3538\/"]}]},{"@type":"ImageObject","inLanguage":"pt-BR","@id":"https:\/\/loja.emmersonstudio.com.br\/home\/produto\/site-para-igrejas-modelo-ouro-cod-3538\/#primaryimage","url":"https:\/\/loja.emmersonstudio.com.br\/home\/wp-content\/uploads\/2024\/11\/3538.jpg","contentUrl":"https:\/\/loja.emmersonstudio.com.br\/home\/wp-content\/uploads\/2024\/11\/3538.jpg","width":800,"height":699},{"@type":"BreadcrumbList","@id":"https:\/\/loja.emmersonstudio.com.br\/home\/produto\/site-para-igrejas-modelo-ouro-cod-3538\/#breadcrumb","itemListElement":[{"@type":"ListItem","position":1,"name":"Home","item":"https:\/\/loja.emmersonstudio.com.br\/home\/"},{"@type":"ListItem","position":2,"name":"Loja","item":"https:\/\/loja.emmersonstudio.com.br\/home\/loja\/"},{"@type":"ListItem","position":3,"name":"Site Para Igrejas Modelo Ouro &#8211; COD-3538"}]},{"@type":"WebSite","@id":"https:\/\/loja.emmersonstudio.com.br\/home\/#website","url":"https:\/\/loja.emmersonstudio.com.br\/home\/","name":"LOJA DOS SCRIPTS","description":"","publisher":{"@id":"https:\/\/loja.emmersonstudio.com.br\/home\/#\/schema\/person\/e7a723a212fc0c6c60a0734892d60ac1"},"potentialAction":[{"@type":"SearchAction","target":{"@type":"EntryPoint","urlTemplate":"https:\/\/loja.emmersonstudio.com.br\/home\/?s={search_term_string}"},"query-input":{"@type":"PropertyValueSpecification","valueRequired":true,"valueName":"search_term_string"}}],"inLanguage":"pt-BR"},{"@type":["Person","Organization"],"@id":"https:\/\/loja.emmersonstudio.com.br\/home\/#\/schema\/person\/e7a723a212fc0c6c60a0734892d60ac1","name":"admin","image":{"@type":"ImageObject","inLanguage":"pt-BR","@id":"https:\/\/loja.emmersonstudio.com.br\/home\/#\/schema\/person\/image\/","url":"https:\/\/loja.emmersonstudio.com.br\/home\/wp-content\/uploads\/2023\/10\/Design-sem-nome-2.png","contentUrl":"https:\/\/loja.emmersonstudio.com.br\/home\/wp-content\/uploads\/2023\/10\/Design-sem-nome-2.png","width":512,"height":250,"caption":"admin"},"logo":{"@id":"https:\/\/loja.emmersonstudio.com.br\/home\/#\/schema\/person\/image\/"},"sameAs":["https:\/\/loja.emmersonstudio.com.br\/home"]}]}},"_links":{"self":[{"href":"https:\/\/loja.emmersonstudio.com.br\/home\/wp-json\/wp\/v2\/product\/3344","targetHints":{"allow":["GET"]}}],"collection":[{"href":"https:\/\/loja.emmersonstudio.com.br\/home\/wp-json\/wp\/v2\/product"}],"about":[{"href":"https:\/\/loja.emmersonstudio.com.br\/home\/wp-json\/wp\/v2\/types\/product"}],"wp:featuredmedia":[{"embeddable":true,"href":"https:\/\/loja.emmersonstudio.com.br\/home\/wp-json\/wp\/v2\/media\/2738"}],"wp:attachment":[{"href":"https:\/\/loja.emmersonstudio.com.br\/home\/wp-json\/wp\/v2\/media?parent=3344"}],"wp:term":[{"taxonomy":"product_cat","embeddable":true,"href":"https:\/\/loja.emmersonstudio.com.br\/home\/wp-json\/wp\/v2\/product_cat?post=3344"},{"taxonomy":"product_tag","embeddable":true,"href":"https:\/\/loja.emmersonstudio.com.br\/home\/wp-json\/wp\/v2\/product_tag?post=3344"}],"curies":[{"name":"wp","href":"https:\/\/api.w.org\/{rel}","templated":true}]}}