{"id":3325,"date":"2025-01-17T12:26:57","date_gmt":"2025-01-17T12:26:57","guid":{"rendered":"https:\/\/loja.emmersonstudio.com.br\/home\/produto\/site-para-vidracaria-cod-7782\/"},"modified":"2025-05-10T03:02:06","modified_gmt":"2025-05-10T03:02:06","slug":"site-para-vidracaria-0007","status":"publish","type":"product","link":"https:\/\/loja.emmersonstudio.com.br\/home\/produto\/site-para-vidracaria-0007\/","title":{"rendered":"Site para Vidra\u00e7aria -0007"},"content":{"rendered":"<h1><strong>Seu Site Profissional e Administr\u00e1vel por Apenas R$ 49,99 Mensal<\/strong><br data-start=\"468\" data-end=\"471\" \/><strong>D\u00ea adeus aos sites limitados! Tenha um site moderno, com painel administrativo f\u00e1cil de usar, visual impactante e desenvolvido por especialistas.<\/strong><br data-start=\"616\" data-end=\"619\" \/><strong>Ideal para quem quer presen\u00e7a digital de verdade, gastando pouco!<\/strong><\/h1>\n","protected":false},"excerpt":{"rendered":"<p><span style=\"color: #636363;\"><b>Site para Vidra\u00e7aria 100% responsivo em PHP MySQL<\/b> com Painel Administrador, f\u00e1cil edi\u00e7\u00e3o pelo painel, feito em PHP 7.4\u00a0 MySQL, utilizando os Framework Bootstrap v3.3.7 e Font Awesome 5.7.0 para agiliza maior performance de navega\u00e7\u00e3o.<br \/>\nCompat\u00edvel com os principais navegadores Google Chrome, Opera, Firefox (Mozilla), Edge, Outros..<br \/>\n<a href=\"https:\/\/centraldosscripts.com.br\/php\/VIDRACARIAS\/COD-7782\/\" target=\"_blank\" rel=\"noopener\"><img decoding=\"async\" class=\"size-full wp-image-7237 aligncenter\" src=\"https:\/\/scriptstore.com.br\/wp-content\/uploads\/2022\/05\/btn-demo.png\" alt=\"\" width=\"196\" height=\"81\" \/><\/a><br \/>\n<\/span><\/p>\n","protected":false},"featured_media":2700,"template":"","meta":{"om_disable_all_campaigns":false,"_monsterinsights_skip_tracking":false,"_monsterinsights_sitenote_active":false,"_monsterinsights_sitenote_note":"","_monsterinsights_sitenote_category":0,"_joinchat":{"telephone":"+5573982066838"}},"product_cat":[165,136,175],"product_tag":[],"class_list":{"0":"post-3325","1":"product","2":"type-product","3":"status-publish","4":"has-post-thumbnail","6":"product_cat-php","7":"product_cat-todos-produtos","8":"product_cat-vidracarias-php","10":"first","11":"instock","12":"taxable","13":"shipping-taxable","14":"purchasable","15":"product-type-simple"},"aioseo_notices":[],"yoast_head":"<!-- This site is optimized with the Yoast SEO Premium plugin v23.7 (Yoast SEO v23.6) - https:\/\/yoast.com\/wordpress\/plugins\/seo\/ -->\n<title>Site para Vidra\u00e7aria -0007 - Produtos Digitais<\/title>\n<meta name=\"robots\" content=\"index, follow, max-snippet:-1, max-image-preview:large, max-video-preview:-1\" \/>\n<link rel=\"canonical\" href=\"https:\/\/loja.emmersonstudio.com.br\/home\/produto\/site-para-vidracaria-0007\/\" \/>\n<meta property=\"og:locale\" content=\"pt_BR\" \/>\n<meta property=\"og:type\" content=\"article\" \/>\n<meta property=\"og:title\" content=\"Site para Vidra\u00e7aria -0007\" \/>\n<meta property=\"og:description\" content=\"Site para Vidra\u00e7aria 100% responsivo em PHP MySQL com Painel Administrador, f\u00e1cil edi\u00e7\u00e3o pelo painel, feito em PHP 7.4\u00a0 MySQL, utilizando os Framework Bootstrap v3.3.7 e Font Awesome 5.7.0 para agiliza maior performance de navega\u00e7\u00e3o. Compat\u00edvel com os principais navegadores Google Chrome, Opera, Firefox (Mozilla), Edge, Outros..\" \/>\n<meta property=\"og:url\" content=\"https:\/\/loja.emmersonstudio.com.br\/home\/produto\/site-para-vidracaria-0007\/\" \/>\n<meta property=\"og:site_name\" content=\"Produtos Digitais\" \/>\n<meta property=\"article:modified_time\" content=\"2025-05-10T03:02:06+00:00\" \/>\n<meta property=\"og:image\" content=\"https:\/\/loja.emmersonstudio.com.br\/home\/wp-content\/uploads\/2024\/11\/vidracaria-cod-7782.jpg\" \/>\n\t<meta property=\"og:image:width\" content=\"800\" \/>\n\t<meta property=\"og:image:height\" content=\"699\" \/>\n\t<meta property=\"og:image:type\" content=\"image\/jpeg\" \/>\n<meta name=\"twitter:card\" content=\"summary_large_image\" \/>\n<meta name=\"twitter:label1\" content=\"Est. tempo de leitura\" \/>\n\t<meta name=\"twitter:data1\" content=\"1 minuto\" \/>\n<script type=\"application\/ld+json\" class=\"yoast-schema-graph\">{\"@context\":\"https:\/\/schema.org\",\"@graph\":[{\"@type\":\"WebPage\",\"@id\":\"https:\/\/loja.emmersonstudio.com.br\/home\/produto\/site-para-vidracaria-0007\/\",\"url\":\"https:\/\/loja.emmersonstudio.com.br\/home\/produto\/site-para-vidracaria-0007\/\",\"name\":\"Site para Vidra\u00e7aria -0007 - Produtos Digitais\",\"isPartOf\":{\"@id\":\"https:\/\/loja.emmersonstudio.com.br\/home\/#website\"},\"primaryImageOfPage\":{\"@id\":\"https:\/\/loja.emmersonstudio.com.br\/home\/produto\/site-para-vidracaria-0007\/#primaryimage\"},\"image\":{\"@id\":\"https:\/\/loja.emmersonstudio.com.br\/home\/produto\/site-para-vidracaria-0007\/#primaryimage\"},\"thumbnailUrl\":\"https:\/\/loja.emmersonstudio.com.br\/home\/wp-content\/uploads\/2024\/11\/vidracaria-cod-7782.jpg\",\"datePublished\":\"2025-01-17T12:26:57+00:00\",\"dateModified\":\"2025-05-10T03:02:06+00:00\",\"breadcrumb\":{\"@id\":\"https:\/\/loja.emmersonstudio.com.br\/home\/produto\/site-para-vidracaria-0007\/#breadcrumb\"},\"inLanguage\":\"pt-BR\",\"potentialAction\":[{\"@type\":\"ReadAction\",\"target\":[\"https:\/\/loja.emmersonstudio.com.br\/home\/produto\/site-para-vidracaria-0007\/\"]}]},{\"@type\":\"ImageObject\",\"inLanguage\":\"pt-BR\",\"@id\":\"https:\/\/loja.emmersonstudio.com.br\/home\/produto\/site-para-vidracaria-0007\/#primaryimage\",\"url\":\"https:\/\/loja.emmersonstudio.com.br\/home\/wp-content\/uploads\/2024\/11\/vidracaria-cod-7782.jpg\",\"contentUrl\":\"https:\/\/loja.emmersonstudio.com.br\/home\/wp-content\/uploads\/2024\/11\/vidracaria-cod-7782.jpg\",\"width\":800,\"height\":699},{\"@type\":\"BreadcrumbList\",\"@id\":\"https:\/\/loja.emmersonstudio.com.br\/home\/produto\/site-para-vidracaria-0007\/#breadcrumb\",\"itemListElement\":[{\"@type\":\"ListItem\",\"position\":1,\"name\":\"Home\",\"item\":\"https:\/\/loja.emmersonstudio.com.br\/home\/\"},{\"@type\":\"ListItem\",\"position\":2,\"name\":\"Loja\",\"item\":\"https:\/\/loja.emmersonstudio.com.br\/home\/loja\/\"},{\"@type\":\"ListItem\",\"position\":3,\"name\":\"Site para Vidra\u00e7aria -0007\"}]},{\"@type\":\"WebSite\",\"@id\":\"https:\/\/loja.emmersonstudio.com.br\/home\/#website\",\"url\":\"https:\/\/loja.emmersonstudio.com.br\/home\/\",\"name\":\"LOJA DOS SCRIPTS\",\"description\":\"\",\"publisher\":{\"@id\":\"https:\/\/loja.emmersonstudio.com.br\/home\/#\/schema\/person\/e7a723a212fc0c6c60a0734892d60ac1\"},\"potentialAction\":[{\"@type\":\"SearchAction\",\"target\":{\"@type\":\"EntryPoint\",\"urlTemplate\":\"https:\/\/loja.emmersonstudio.com.br\/home\/?s={search_term_string}\"},\"query-input\":{\"@type\":\"PropertyValueSpecification\",\"valueRequired\":true,\"valueName\":\"search_term_string\"}}],\"inLanguage\":\"pt-BR\"},{\"@type\":[\"Person\",\"Organization\"],\"@id\":\"https:\/\/loja.emmersonstudio.com.br\/home\/#\/schema\/person\/e7a723a212fc0c6c60a0734892d60ac1\",\"name\":\"admin\",\"image\":{\"@type\":\"ImageObject\",\"inLanguage\":\"pt-BR\",\"@id\":\"https:\/\/loja.emmersonstudio.com.br\/home\/#\/schema\/person\/image\/\",\"url\":\"https:\/\/loja.emmersonstudio.com.br\/home\/wp-content\/uploads\/2023\/10\/Design-sem-nome-2.png\",\"contentUrl\":\"https:\/\/loja.emmersonstudio.com.br\/home\/wp-content\/uploads\/2023\/10\/Design-sem-nome-2.png\",\"width\":512,\"height\":250,\"caption\":\"admin\"},\"logo\":{\"@id\":\"https:\/\/loja.emmersonstudio.com.br\/home\/#\/schema\/person\/image\/\"},\"sameAs\":[\"https:\/\/loja.emmersonstudio.com.br\/home\"]}]}<\/script>\n<!-- \/ Yoast SEO Premium plugin. -->","yoast_head_json":{"title":"Site para Vidra\u00e7aria -0007 - Produtos Digitais","robots":{"index":"index","follow":"follow","max-snippet":"max-snippet:-1","max-image-preview":"max-image-preview:large","max-video-preview":"max-video-preview:-1"},"canonical":"https:\/\/loja.emmersonstudio.com.br\/home\/produto\/site-para-vidracaria-0007\/","og_locale":"pt_BR","og_type":"article","og_title":"Site para Vidra\u00e7aria -0007","og_description":"Site para Vidra\u00e7aria 100% responsivo em PHP MySQL com Painel Administrador, f\u00e1cil edi\u00e7\u00e3o pelo painel, feito em PHP 7.4\u00a0 MySQL, utilizando os Framework Bootstrap v3.3.7 e Font Awesome 5.7.0 para agiliza maior performance de navega\u00e7\u00e3o. Compat\u00edvel com os principais navegadores Google Chrome, Opera, Firefox (Mozilla), Edge, Outros..","og_url":"https:\/\/loja.emmersonstudio.com.br\/home\/produto\/site-para-vidracaria-0007\/","og_site_name":"Produtos Digitais","article_modified_time":"2025-05-10T03:02:06+00:00","og_image":[{"width":800,"height":699,"url":"https:\/\/loja.emmersonstudio.com.br\/home\/wp-content\/uploads\/2024\/11\/vidracaria-cod-7782.jpg","type":"image\/jpeg"}],"twitter_card":"summary_large_image","twitter_misc":{"Est. tempo de leitura":"1 minuto"},"schema":{"@context":"https:\/\/schema.org","@graph":[{"@type":"WebPage","@id":"https:\/\/loja.emmersonstudio.com.br\/home\/produto\/site-para-vidracaria-0007\/","url":"https:\/\/loja.emmersonstudio.com.br\/home\/produto\/site-para-vidracaria-0007\/","name":"Site para Vidra\u00e7aria -0007 - Produtos Digitais","isPartOf":{"@id":"https:\/\/loja.emmersonstudio.com.br\/home\/#website"},"primaryImageOfPage":{"@id":"https:\/\/loja.emmersonstudio.com.br\/home\/produto\/site-para-vidracaria-0007\/#primaryimage"},"image":{"@id":"https:\/\/loja.emmersonstudio.com.br\/home\/produto\/site-para-vidracaria-0007\/#primaryimage"},"thumbnailUrl":"https:\/\/loja.emmersonstudio.com.br\/home\/wp-content\/uploads\/2024\/11\/vidracaria-cod-7782.jpg","datePublished":"2025-01-17T12:26:57+00:00","dateModified":"2025-05-10T03:02:06+00:00","breadcrumb":{"@id":"https:\/\/loja.emmersonstudio.com.br\/home\/produto\/site-para-vidracaria-0007\/#breadcrumb"},"inLanguage":"pt-BR","potentialAction":[{"@type":"ReadAction","target":["https:\/\/loja.emmersonstudio.com.br\/home\/produto\/site-para-vidracaria-0007\/"]}]},{"@type":"ImageObject","inLanguage":"pt-BR","@id":"https:\/\/loja.emmersonstudio.com.br\/home\/produto\/site-para-vidracaria-0007\/#primaryimage","url":"https:\/\/loja.emmersonstudio.com.br\/home\/wp-content\/uploads\/2024\/11\/vidracaria-cod-7782.jpg","contentUrl":"https:\/\/loja.emmersonstudio.com.br\/home\/wp-content\/uploads\/2024\/11\/vidracaria-cod-7782.jpg","width":800,"height":699},{"@type":"BreadcrumbList","@id":"https:\/\/loja.emmersonstudio.com.br\/home\/produto\/site-para-vidracaria-0007\/#breadcrumb","itemListElement":[{"@type":"ListItem","position":1,"name":"Home","item":"https:\/\/loja.emmersonstudio.com.br\/home\/"},{"@type":"ListItem","position":2,"name":"Loja","item":"https:\/\/loja.emmersonstudio.com.br\/home\/loja\/"},{"@type":"ListItem","position":3,"name":"Site para Vidra\u00e7aria -0007"}]},{"@type":"WebSite","@id":"https:\/\/loja.emmersonstudio.com.br\/home\/#website","url":"https:\/\/loja.emmersonstudio.com.br\/home\/","name":"LOJA DOS SCRIPTS","description":"","publisher":{"@id":"https:\/\/loja.emmersonstudio.com.br\/home\/#\/schema\/person\/e7a723a212fc0c6c60a0734892d60ac1"},"potentialAction":[{"@type":"SearchAction","target":{"@type":"EntryPoint","urlTemplate":"https:\/\/loja.emmersonstudio.com.br\/home\/?s={search_term_string}"},"query-input":{"@type":"PropertyValueSpecification","valueRequired":true,"valueName":"search_term_string"}}],"inLanguage":"pt-BR"},{"@type":["Person","Organization"],"@id":"https:\/\/loja.emmersonstudio.com.br\/home\/#\/schema\/person\/e7a723a212fc0c6c60a0734892d60ac1","name":"admin","image":{"@type":"ImageObject","inLanguage":"pt-BR","@id":"https:\/\/loja.emmersonstudio.com.br\/home\/#\/schema\/person\/image\/","url":"https:\/\/loja.emmersonstudio.com.br\/home\/wp-content\/uploads\/2023\/10\/Design-sem-nome-2.png","contentUrl":"https:\/\/loja.emmersonstudio.com.br\/home\/wp-content\/uploads\/2023\/10\/Design-sem-nome-2.png","width":512,"height":250,"caption":"admin"},"logo":{"@id":"https:\/\/loja.emmersonstudio.com.br\/home\/#\/schema\/person\/image\/"},"sameAs":["https:\/\/loja.emmersonstudio.com.br\/home"]}]}},"_links":{"self":[{"href":"https:\/\/loja.emmersonstudio.com.br\/home\/wp-json\/wp\/v2\/product\/3325","targetHints":{"allow":["GET"]}}],"collection":[{"href":"https:\/\/loja.emmersonstudio.com.br\/home\/wp-json\/wp\/v2\/product"}],"about":[{"href":"https:\/\/loja.emmersonstudio.com.br\/home\/wp-json\/wp\/v2\/types\/product"}],"wp:featuredmedia":[{"embeddable":true,"href":"https:\/\/loja.emmersonstudio.com.br\/home\/wp-json\/wp\/v2\/media\/2700"}],"wp:attachment":[{"href":"https:\/\/loja.emmersonstudio.com.br\/home\/wp-json\/wp\/v2\/media?parent=3325"}],"wp:term":[{"taxonomy":"product_cat","embeddable":true,"href":"https:\/\/loja.emmersonstudio.com.br\/home\/wp-json\/wp\/v2\/product_cat?post=3325"},{"taxonomy":"product_tag","embeddable":true,"href":"https:\/\/loja.emmersonstudio.com.br\/home\/wp-json\/wp\/v2\/product_tag?post=3325"}],"curies":[{"name":"wp","href":"https:\/\/api.w.org\/{rel}","templated":true}]}}