{"id":3311,"date":"2025-01-17T12:26:45","date_gmt":"2025-01-17T12:26:45","guid":{"rendered":"https:\/\/loja.emmersonstudio.com.br\/home\/produto\/atualizacao-de-plugins-e-temas-em-seu-site\/"},"modified":"2025-01-17T12:26:46","modified_gmt":"2025-01-17T12:26:46","slug":"atualizacao-de-plugins-e-temas-em-seu-site","status":"publish","type":"product","link":"https:\/\/loja.emmersonstudio.com.br\/home\/produto\/atualizacao-de-plugins-e-temas-em-seu-site\/","title":{"rendered":"Atualiza\u00e7\u00e3o de Plugins e Temas em seu site"},"content":{"rendered":"<p style=\"text-align: center;\"><strong>ATUALIZA\u00c7\u00c3O DE PLUGIN E TEMAS WORDPRESS<\/strong><\/p>\n<blockquote><p><strong>N\u00f3s atualizamos os plugins e temas de seu site, deixe sempre atualizado seus plugins e temas<\/strong><\/p><\/blockquote>\n<p>Alguns plugins possuem uma estrutura mais complexa e consequentemente, podem realizar um maior uso da mem\u00f3ria do seu site. Al\u00e9m deste ponto, suas atualiza\u00e7\u00f5es podem gerar conflitos com outros plugins e temas.<\/p>\n<p>Dessa forma, recomendamos que para plugins como o<strong> Elementor<\/strong> ou plugins de tradu\u00e7\u00e3o, antes mesmo de atualizar o plugin, confira se o tema e a vers\u00e3o do WordPress est\u00e3o atualizados.<\/p>\n<blockquote><p>Apesar de ser muito convidativo, a op\u00e7\u00e3o de atualiza\u00e7\u00e3o em massa de Plugins do WordPress pode causar um impacto moment\u00e2neo no funcionamento do seu site. Dependendo da quantidade de plugins que v\u00e3o ser atualizados, uma grande quantidade de requisi\u00e7\u00f5es poder\u00e3o ser enviadas ao servidor.<\/p><\/blockquote>\n<p>Esta etapa ir\u00e1 consumir um grande volume de mem\u00f3ria do seu site, o que pode deix\u00e1-lo offline por alguns segundos.<\/p>\n<p>Apesar de ser um impacto r\u00e1pido e que normalmente se resolve simplesmente atualizando a p\u00e1gina, o ideal \u00e9 realizar a atualiza\u00e7\u00e3o de cada plugin individualmente.<\/p>\n<p>v\u00e1rios plugins podem causar erros, seja por estarem em uma vers\u00e3o desatualizada ou por terem conflito com algum outro plugin, ou ajuste do seu site.Sabemos que atualizar Plugins, apesar de ser relativamente uma a\u00e7\u00e3o simples, erros n\u00e3o esperados podem acontecer, entretanto, n\u00e3o \u00e9 preciso se preocupar.<\/p>\n<p style=\"text-align: center;\"><strong>N\u00d3S ATUALIZAREMOS TUDO PARA VOC\u00ca.<\/strong><\/p>\n","protected":false},"excerpt":{"rendered":"<p>Alguns plugins possuem uma estrutura mais complexa e consequentemente, podem realizar um maior uso da mem\u00f3ria do seu site. Al\u00e9m deste ponto, suas atualiza\u00e7\u00f5es podem gerar conflitos com outros plugins e temas.<\/p>\n<p>Dessa forma, recomendamos que para plugins como o<strong> Elementor<\/strong> ou plugins de tradu\u00e7\u00e3o, antes mesmo de atualizar o plugin, confira se o tema e a vers\u00e3o do WordPress est\u00e3o atualizados.<\/p>\n","protected":false},"featured_media":2666,"template":"","meta":{"om_disable_all_campaigns":false,"_monsterinsights_skip_tracking":false,"_monsterinsights_sitenote_active":false,"_monsterinsights_sitenote_note":"","_monsterinsights_sitenote_category":0,"_joinchat":[]},"product_cat":[160,156,136,151],"product_tag":[],"class_list":{"0":"post-3311","1":"product","2":"type-product","3":"status-publish","4":"has-post-thumbnail","6":"product_cat-instalacao-e-configuracao","7":"product_cat-servicos","8":"product_cat-todos-produtos","9":"product_cat-variados","11":"first","12":"instock","13":"taxable","14":"shipping-taxable","15":"purchasable","16":"product-type-simple"},"aioseo_notices":[],"yoast_head":"<!-- This site is optimized with the Yoast SEO Premium plugin v23.7 (Yoast SEO v23.6) - https:\/\/yoast.com\/wordpress\/plugins\/seo\/ -->\n<title>Atualiza\u00e7\u00e3o de Plugins e Temas em seu site - Produtos Digitais<\/title>\n<meta name=\"robots\" content=\"index, follow, max-snippet:-1, max-image-preview:large, max-video-preview:-1\" \/>\n<link rel=\"canonical\" href=\"https:\/\/loja.emmersonstudio.com.br\/home\/produto\/atualizacao-de-plugins-e-temas-em-seu-site\/\" \/>\n<meta property=\"og:locale\" content=\"pt_BR\" \/>\n<meta property=\"og:type\" content=\"article\" \/>\n<meta property=\"og:title\" content=\"Atualiza\u00e7\u00e3o de Plugins e Temas em seu site\" \/>\n<meta property=\"og:description\" content=\"Alguns plugins possuem uma estrutura mais complexa e consequentemente, podem realizar um maior uso da mem\u00f3ria do seu site. Al\u00e9m deste ponto, suas atualiza\u00e7\u00f5es podem gerar conflitos com outros plugins e temas.  Dessa forma, recomendamos que para plugins como o Elementor ou plugins de tradu\u00e7\u00e3o, antes mesmo de atualizar o plugin, confira se o tema e a vers\u00e3o do WordPress est\u00e3o atualizados.\" \/>\n<meta property=\"og:url\" content=\"https:\/\/loja.emmersonstudio.com.br\/home\/produto\/atualizacao-de-plugins-e-temas-em-seu-site\/\" \/>\n<meta property=\"og:site_name\" content=\"Produtos Digitais\" \/>\n<meta property=\"article:modified_time\" content=\"2025-01-17T12:26:46+00:00\" \/>\n<meta name=\"twitter:card\" content=\"summary_large_image\" \/>\n<meta name=\"twitter:label1\" content=\"Est. tempo de leitura\" \/>\n\t<meta name=\"twitter:data1\" content=\"1 minuto\" \/>\n<script type=\"application\/ld+json\" class=\"yoast-schema-graph\">{\"@context\":\"https:\/\/schema.org\",\"@graph\":[{\"@type\":\"WebPage\",\"@id\":\"https:\/\/loja.emmersonstudio.com.br\/home\/produto\/atualizacao-de-plugins-e-temas-em-seu-site\/\",\"url\":\"https:\/\/loja.emmersonstudio.com.br\/home\/produto\/atualizacao-de-plugins-e-temas-em-seu-site\/\",\"name\":\"Atualiza\u00e7\u00e3o de Plugins e Temas em seu site - Produtos Digitais\",\"isPartOf\":{\"@id\":\"https:\/\/loja.emmersonstudio.com.br\/home\/#website\"},\"primaryImageOfPage\":{\"@id\":\"https:\/\/loja.emmersonstudio.com.br\/home\/produto\/atualizacao-de-plugins-e-temas-em-seu-site\/#primaryimage\"},\"image\":{\"@id\":\"https:\/\/loja.emmersonstudio.com.br\/home\/produto\/atualizacao-de-plugins-e-temas-em-seu-site\/#primaryimage\"},\"thumbnailUrl\":\"https:\/\/loja.emmersonstudio.com.br\/home\/wp-content\/uploads\/2024\/11\/atualizacao-de-plugins-e-temas.jpg\",\"datePublished\":\"2025-01-17T12:26:45+00:00\",\"dateModified\":\"2025-01-17T12:26:46+00:00\",\"breadcrumb\":{\"@id\":\"https:\/\/loja.emmersonstudio.com.br\/home\/produto\/atualizacao-de-plugins-e-temas-em-seu-site\/#breadcrumb\"},\"inLanguage\":\"pt-BR\",\"potentialAction\":[{\"@type\":\"ReadAction\",\"target\":[\"https:\/\/loja.emmersonstudio.com.br\/home\/produto\/atualizacao-de-plugins-e-temas-em-seu-site\/\"]}]},{\"@type\":\"ImageObject\",\"inLanguage\":\"pt-BR\",\"@id\":\"https:\/\/loja.emmersonstudio.com.br\/home\/produto\/atualizacao-de-plugins-e-temas-em-seu-site\/#primaryimage\",\"url\":\"https:\/\/loja.emmersonstudio.com.br\/home\/wp-content\/uploads\/2024\/11\/atualizacao-de-plugins-e-temas.jpg\",\"contentUrl\":\"https:\/\/loja.emmersonstudio.com.br\/home\/wp-content\/uploads\/2024\/11\/atualizacao-de-plugins-e-temas.jpg\",\"width\":800,\"height\":699},{\"@type\":\"BreadcrumbList\",\"@id\":\"https:\/\/loja.emmersonstudio.com.br\/home\/produto\/atualizacao-de-plugins-e-temas-em-seu-site\/#breadcrumb\",\"itemListElement\":[{\"@type\":\"ListItem\",\"position\":1,\"name\":\"Home\",\"item\":\"https:\/\/loja.emmersonstudio.com.br\/home\/\"},{\"@type\":\"ListItem\",\"position\":2,\"name\":\"Loja\",\"item\":\"https:\/\/loja.emmersonstudio.com.br\/home\/loja\/\"},{\"@type\":\"ListItem\",\"position\":3,\"name\":\"Atualiza\u00e7\u00e3o de Plugins e Temas em seu site\"}]},{\"@type\":\"WebSite\",\"@id\":\"https:\/\/loja.emmersonstudio.com.br\/home\/#website\",\"url\":\"https:\/\/loja.emmersonstudio.com.br\/home\/\",\"name\":\"LOJA DOS SCRIPTS\",\"description\":\"\",\"publisher\":{\"@id\":\"https:\/\/loja.emmersonstudio.com.br\/home\/#\/schema\/person\/e7a723a212fc0c6c60a0734892d60ac1\"},\"potentialAction\":[{\"@type\":\"SearchAction\",\"target\":{\"@type\":\"EntryPoint\",\"urlTemplate\":\"https:\/\/loja.emmersonstudio.com.br\/home\/?s={search_term_string}\"},\"query-input\":{\"@type\":\"PropertyValueSpecification\",\"valueRequired\":true,\"valueName\":\"search_term_string\"}}],\"inLanguage\":\"pt-BR\"},{\"@type\":[\"Person\",\"Organization\"],\"@id\":\"https:\/\/loja.emmersonstudio.com.br\/home\/#\/schema\/person\/e7a723a212fc0c6c60a0734892d60ac1\",\"name\":\"admin\",\"image\":{\"@type\":\"ImageObject\",\"inLanguage\":\"pt-BR\",\"@id\":\"https:\/\/loja.emmersonstudio.com.br\/home\/#\/schema\/person\/image\/\",\"url\":\"https:\/\/loja.emmersonstudio.com.br\/home\/wp-content\/uploads\/2023\/10\/Design-sem-nome-2.png\",\"contentUrl\":\"https:\/\/loja.emmersonstudio.com.br\/home\/wp-content\/uploads\/2023\/10\/Design-sem-nome-2.png\",\"width\":512,\"height\":250,\"caption\":\"admin\"},\"logo\":{\"@id\":\"https:\/\/loja.emmersonstudio.com.br\/home\/#\/schema\/person\/image\/\"},\"sameAs\":[\"https:\/\/loja.emmersonstudio.com.br\/home\"]}]}<\/script>\n<!-- \/ Yoast SEO Premium plugin. -->","yoast_head_json":{"title":"Atualiza\u00e7\u00e3o de Plugins e Temas em seu site - Produtos Digitais","robots":{"index":"index","follow":"follow","max-snippet":"max-snippet:-1","max-image-preview":"max-image-preview:large","max-video-preview":"max-video-preview:-1"},"canonical":"https:\/\/loja.emmersonstudio.com.br\/home\/produto\/atualizacao-de-plugins-e-temas-em-seu-site\/","og_locale":"pt_BR","og_type":"article","og_title":"Atualiza\u00e7\u00e3o de Plugins e Temas em seu site","og_description":"Alguns plugins possuem uma estrutura mais complexa e consequentemente, podem realizar um maior uso da mem\u00f3ria do seu site. Al\u00e9m deste ponto, suas atualiza\u00e7\u00f5es podem gerar conflitos com outros plugins e temas.  Dessa forma, recomendamos que para plugins como o Elementor ou plugins de tradu\u00e7\u00e3o, antes mesmo de atualizar o plugin, confira se o tema e a vers\u00e3o do WordPress est\u00e3o atualizados.","og_url":"https:\/\/loja.emmersonstudio.com.br\/home\/produto\/atualizacao-de-plugins-e-temas-em-seu-site\/","og_site_name":"Produtos Digitais","article_modified_time":"2025-01-17T12:26:46+00:00","twitter_card":"summary_large_image","twitter_misc":{"Est. tempo de leitura":"1 minuto"},"schema":{"@context":"https:\/\/schema.org","@graph":[{"@type":"WebPage","@id":"https:\/\/loja.emmersonstudio.com.br\/home\/produto\/atualizacao-de-plugins-e-temas-em-seu-site\/","url":"https:\/\/loja.emmersonstudio.com.br\/home\/produto\/atualizacao-de-plugins-e-temas-em-seu-site\/","name":"Atualiza\u00e7\u00e3o de Plugins e Temas em seu site - Produtos Digitais","isPartOf":{"@id":"https:\/\/loja.emmersonstudio.com.br\/home\/#website"},"primaryImageOfPage":{"@id":"https:\/\/loja.emmersonstudio.com.br\/home\/produto\/atualizacao-de-plugins-e-temas-em-seu-site\/#primaryimage"},"image":{"@id":"https:\/\/loja.emmersonstudio.com.br\/home\/produto\/atualizacao-de-plugins-e-temas-em-seu-site\/#primaryimage"},"thumbnailUrl":"https:\/\/loja.emmersonstudio.com.br\/home\/wp-content\/uploads\/2024\/11\/atualizacao-de-plugins-e-temas.jpg","datePublished":"2025-01-17T12:26:45+00:00","dateModified":"2025-01-17T12:26:46+00:00","breadcrumb":{"@id":"https:\/\/loja.emmersonstudio.com.br\/home\/produto\/atualizacao-de-plugins-e-temas-em-seu-site\/#breadcrumb"},"inLanguage":"pt-BR","potentialAction":[{"@type":"ReadAction","target":["https:\/\/loja.emmersonstudio.com.br\/home\/produto\/atualizacao-de-plugins-e-temas-em-seu-site\/"]}]},{"@type":"ImageObject","inLanguage":"pt-BR","@id":"https:\/\/loja.emmersonstudio.com.br\/home\/produto\/atualizacao-de-plugins-e-temas-em-seu-site\/#primaryimage","url":"https:\/\/loja.emmersonstudio.com.br\/home\/wp-content\/uploads\/2024\/11\/atualizacao-de-plugins-e-temas.jpg","contentUrl":"https:\/\/loja.emmersonstudio.com.br\/home\/wp-content\/uploads\/2024\/11\/atualizacao-de-plugins-e-temas.jpg","width":800,"height":699},{"@type":"BreadcrumbList","@id":"https:\/\/loja.emmersonstudio.com.br\/home\/produto\/atualizacao-de-plugins-e-temas-em-seu-site\/#breadcrumb","itemListElement":[{"@type":"ListItem","position":1,"name":"Home","item":"https:\/\/loja.emmersonstudio.com.br\/home\/"},{"@type":"ListItem","position":2,"name":"Loja","item":"https:\/\/loja.emmersonstudio.com.br\/home\/loja\/"},{"@type":"ListItem","position":3,"name":"Atualiza\u00e7\u00e3o de Plugins e Temas em seu site"}]},{"@type":"WebSite","@id":"https:\/\/loja.emmersonstudio.com.br\/home\/#website","url":"https:\/\/loja.emmersonstudio.com.br\/home\/","name":"LOJA DOS SCRIPTS","description":"","publisher":{"@id":"https:\/\/loja.emmersonstudio.com.br\/home\/#\/schema\/person\/e7a723a212fc0c6c60a0734892d60ac1"},"potentialAction":[{"@type":"SearchAction","target":{"@type":"EntryPoint","urlTemplate":"https:\/\/loja.emmersonstudio.com.br\/home\/?s={search_term_string}"},"query-input":{"@type":"PropertyValueSpecification","valueRequired":true,"valueName":"search_term_string"}}],"inLanguage":"pt-BR"},{"@type":["Person","Organization"],"@id":"https:\/\/loja.emmersonstudio.com.br\/home\/#\/schema\/person\/e7a723a212fc0c6c60a0734892d60ac1","name":"admin","image":{"@type":"ImageObject","inLanguage":"pt-BR","@id":"https:\/\/loja.emmersonstudio.com.br\/home\/#\/schema\/person\/image\/","url":"https:\/\/loja.emmersonstudio.com.br\/home\/wp-content\/uploads\/2023\/10\/Design-sem-nome-2.png","contentUrl":"https:\/\/loja.emmersonstudio.com.br\/home\/wp-content\/uploads\/2023\/10\/Design-sem-nome-2.png","width":512,"height":250,"caption":"admin"},"logo":{"@id":"https:\/\/loja.emmersonstudio.com.br\/home\/#\/schema\/person\/image\/"},"sameAs":["https:\/\/loja.emmersonstudio.com.br\/home"]}]}},"_links":{"self":[{"href":"https:\/\/loja.emmersonstudio.com.br\/home\/wp-json\/wp\/v2\/product\/3311","targetHints":{"allow":["GET"]}}],"collection":[{"href":"https:\/\/loja.emmersonstudio.com.br\/home\/wp-json\/wp\/v2\/product"}],"about":[{"href":"https:\/\/loja.emmersonstudio.com.br\/home\/wp-json\/wp\/v2\/types\/product"}],"wp:featuredmedia":[{"embeddable":true,"href":"https:\/\/loja.emmersonstudio.com.br\/home\/wp-json\/wp\/v2\/media\/2666"}],"wp:attachment":[{"href":"https:\/\/loja.emmersonstudio.com.br\/home\/wp-json\/wp\/v2\/media?parent=3311"}],"wp:term":[{"taxonomy":"product_cat","embeddable":true,"href":"https:\/\/loja.emmersonstudio.com.br\/home\/wp-json\/wp\/v2\/product_cat?post=3311"},{"taxonomy":"product_tag","embeddable":true,"href":"https:\/\/loja.emmersonstudio.com.br\/home\/wp-json\/wp\/v2\/product_tag?post=3311"}],"curies":[{"name":"wp","href":"https:\/\/api.w.org\/{rel}","templated":true}]}}