{"id":3308,"date":"2025-01-17T12:26:43","date_gmt":"2025-01-17T12:26:43","guid":{"rendered":"https:\/\/loja.emmersonstudio.com.br\/home\/produto\/edicao-e-configuracao-completa-de-scripts\/"},"modified":"2025-01-17T12:26:44","modified_gmt":"2025-01-17T12:26:44","slug":"edicao-e-configuracao-completa-de-scripts","status":"publish","type":"product","link":"https:\/\/loja.emmersonstudio.com.br\/home\/produto\/edicao-e-configuracao-completa-de-scripts\/","title":{"rendered":"Edi\u00e7\u00e3o e Configura\u00e7\u00e3o completa de Scripts"},"content":{"rendered":"<p>Comprou o script mas n\u00e3o sabe <a href=\"https:\/\/scriptstore.com.br\/produto\/edicao-e-configuracao-completa-de-scripts\/\" target=\"_blank\" rel=\"noopener\">editar<\/a> , n\u00e3o se preocupe basta apenas contratar nossos servi\u00e7os que n\u00f3s faremos isso para voc\u00ea , iremos instalar em sua hospedagem e deixar seu script com a sua cara,<\/p>\n<p><a href=\"https:\/\/scriptstore.com.br\/produto\/edicao-e-configuracao-completa-de-scripts\/\">Configura\u00e7\u00e3o geral<\/a> &#8211; cria\u00e7\u00e3o de novos menus &#8211; mudan\u00e7a de cores &#8211; troca de logotipos e muitos outros servi\u00e7os que\u00a0 executaremos, bem como atualizaremos todos os <a href=\"https:\/\/scriptstore.com.br\/categoria-produtos\/temas-wordpress\/\">plugins e temas<\/a> de seu script,<\/p>\n<p>Ent\u00e3o n\u00e3o fique mais quebrando a cabe\u00e7a deixe que n\u00f3s deixaremos seu <a href=\"https:\/\/scriptstore.com.br\/\" target=\"_blank\" rel=\"noopener\">site<\/a> funcionando com tudo bem certinho,<\/p>\n<p>E ainda atualizaremos suas <a href=\"https:\/\/scriptstore.com.br\/categoria-produtos\/portais-de-noticias\/\" target=\"_blank\" rel=\"noopener\">noticias<\/a> caso o <a href=\"https:\/\/scriptstore.com.br\/\" target=\"_blank\" rel=\"noopener\">script<\/a> em quest\u00e3o tenha essas op\u00e7\u00f5es enfim deixaremos tudo certo e funcionando,<\/p>\n<blockquote><p>A<strong>TEN\u00c7\u00c3O ESTE VALOR \u00c9 PARA GRANDES MUDAN\u00c7AS OU PEQUENAS MUDAN\u00c7AS, ESTE SERVI\u00c7O N\u00c3O INCLUI MODIFICA\u00c7\u00d5ES NO SCRIPT<\/strong>.<\/p>\n<p>Para modifica\u00e7\u00f5es em seu site entre em contato conosco atrav\u00e9s de nosso WhatsApp (13)-99694-3202<\/p>\n<p>&nbsp;<\/p><\/blockquote>\n","protected":false},"excerpt":{"rendered":"<p>Comprou o script mas n\u00e3o sabe editar , n\u00e3o se preocupe basta apenas contratar nossos servi\u00e7os que n\u00f3s faremos isso para voc\u00ea , iremos instalar em sua hospedagem e deixar seu script com a sua cara,<\/p>\n<p>Configura\u00e7\u00e3o geral &#8211; cria\u00e7\u00e3o de novos menus &#8211; mudan\u00e7a de cores &#8211; troca de logotipos e muitos outros servi\u00e7os que\u00a0 executaremos, bem como atualizaremos todos os plugins e temas de seu script,<\/p>\n<p>Ent\u00e3o n\u00e3o fique mais quebrando a cabe\u00e7a deixe que n\u00f3s deixaremos seu site funcionando com tudo bem certinho,<\/p>\n","protected":false},"featured_media":2660,"template":"","meta":{"om_disable_all_campaigns":false,"_monsterinsights_skip_tracking":false,"_monsterinsights_sitenote_active":false,"_monsterinsights_sitenote_note":"","_monsterinsights_sitenote_category":0,"_joinchat":[]},"product_cat":[156,136,151],"product_tag":[],"class_list":{"0":"post-3308","1":"product","2":"type-product","3":"status-publish","4":"has-post-thumbnail","6":"product_cat-servicos","7":"product_cat-todos-produtos","8":"product_cat-variados","10":"first","11":"instock","12":"taxable","13":"shipping-taxable","14":"purchasable","15":"product-type-simple"},"aioseo_notices":[],"yoast_head":"<!-- This site is optimized with the Yoast SEO Premium plugin v23.7 (Yoast SEO v23.6) - https:\/\/yoast.com\/wordpress\/plugins\/seo\/ -->\n<title>Edi\u00e7\u00e3o e Configura\u00e7\u00e3o completa de Scripts - Produtos Digitais<\/title>\n<meta name=\"robots\" content=\"index, follow, max-snippet:-1, max-image-preview:large, max-video-preview:-1\" \/>\n<link rel=\"canonical\" href=\"https:\/\/loja.emmersonstudio.com.br\/home\/produto\/edicao-e-configuracao-completa-de-scripts\/\" \/>\n<meta property=\"og:locale\" content=\"pt_BR\" \/>\n<meta property=\"og:type\" content=\"article\" \/>\n<meta property=\"og:title\" content=\"Edi\u00e7\u00e3o e Configura\u00e7\u00e3o completa de Scripts\" \/>\n<meta property=\"og:description\" content=\"Comprou o script mas n\u00e3o sabe editar , n\u00e3o se preocupe basta apenas contratar nossos servi\u00e7os que n\u00f3s faremos isso para voc\u00ea , iremos instalar em sua hospedagem e deixar seu script com a sua cara,  Configura\u00e7\u00e3o geral - cria\u00e7\u00e3o de novos menus - mudan\u00e7a de cores - troca de logotipos e muitos outros servi\u00e7os que\u00a0 executaremos, bem como atualizaremos todos os plugins e temas de seu script,  Ent\u00e3o n\u00e3o fique mais quebrando a cabe\u00e7a deixe que n\u00f3s deixaremos seu site funcionando com tudo bem certinho,\" \/>\n<meta property=\"og:url\" content=\"https:\/\/loja.emmersonstudio.com.br\/home\/produto\/edicao-e-configuracao-completa-de-scripts\/\" \/>\n<meta property=\"og:site_name\" content=\"Produtos Digitais\" \/>\n<meta property=\"article:modified_time\" content=\"2025-01-17T12:26:44+00:00\" \/>\n<meta name=\"twitter:card\" content=\"summary_large_image\" \/>\n<meta name=\"twitter:label1\" content=\"Est. tempo de leitura\" \/>\n\t<meta name=\"twitter:data1\" content=\"1 minuto\" \/>\n<script type=\"application\/ld+json\" class=\"yoast-schema-graph\">{\"@context\":\"https:\/\/schema.org\",\"@graph\":[{\"@type\":\"WebPage\",\"@id\":\"https:\/\/loja.emmersonstudio.com.br\/home\/produto\/edicao-e-configuracao-completa-de-scripts\/\",\"url\":\"https:\/\/loja.emmersonstudio.com.br\/home\/produto\/edicao-e-configuracao-completa-de-scripts\/\",\"name\":\"Edi\u00e7\u00e3o e Configura\u00e7\u00e3o completa de Scripts - Produtos Digitais\",\"isPartOf\":{\"@id\":\"https:\/\/loja.emmersonstudio.com.br\/home\/#website\"},\"primaryImageOfPage\":{\"@id\":\"https:\/\/loja.emmersonstudio.com.br\/home\/produto\/edicao-e-configuracao-completa-de-scripts\/#primaryimage\"},\"image\":{\"@id\":\"https:\/\/loja.emmersonstudio.com.br\/home\/produto\/edicao-e-configuracao-completa-de-scripts\/#primaryimage\"},\"thumbnailUrl\":\"https:\/\/loja.emmersonstudio.com.br\/home\/wp-content\/uploads\/2024\/11\/Editar-e-configurar.jpg\",\"datePublished\":\"2025-01-17T12:26:43+00:00\",\"dateModified\":\"2025-01-17T12:26:44+00:00\",\"breadcrumb\":{\"@id\":\"https:\/\/loja.emmersonstudio.com.br\/home\/produto\/edicao-e-configuracao-completa-de-scripts\/#breadcrumb\"},\"inLanguage\":\"pt-BR\",\"potentialAction\":[{\"@type\":\"ReadAction\",\"target\":[\"https:\/\/loja.emmersonstudio.com.br\/home\/produto\/edicao-e-configuracao-completa-de-scripts\/\"]}]},{\"@type\":\"ImageObject\",\"inLanguage\":\"pt-BR\",\"@id\":\"https:\/\/loja.emmersonstudio.com.br\/home\/produto\/edicao-e-configuracao-completa-de-scripts\/#primaryimage\",\"url\":\"https:\/\/loja.emmersonstudio.com.br\/home\/wp-content\/uploads\/2024\/11\/Editar-e-configurar.jpg\",\"contentUrl\":\"https:\/\/loja.emmersonstudio.com.br\/home\/wp-content\/uploads\/2024\/11\/Editar-e-configurar.jpg\",\"width\":800,\"height\":699},{\"@type\":\"BreadcrumbList\",\"@id\":\"https:\/\/loja.emmersonstudio.com.br\/home\/produto\/edicao-e-configuracao-completa-de-scripts\/#breadcrumb\",\"itemListElement\":[{\"@type\":\"ListItem\",\"position\":1,\"name\":\"Home\",\"item\":\"https:\/\/loja.emmersonstudio.com.br\/home\/\"},{\"@type\":\"ListItem\",\"position\":2,\"name\":\"Loja\",\"item\":\"https:\/\/loja.emmersonstudio.com.br\/home\/loja\/\"},{\"@type\":\"ListItem\",\"position\":3,\"name\":\"Edi\u00e7\u00e3o e Configura\u00e7\u00e3o completa de Scripts\"}]},{\"@type\":\"WebSite\",\"@id\":\"https:\/\/loja.emmersonstudio.com.br\/home\/#website\",\"url\":\"https:\/\/loja.emmersonstudio.com.br\/home\/\",\"name\":\"LOJA DOS SCRIPTS\",\"description\":\"\",\"publisher\":{\"@id\":\"https:\/\/loja.emmersonstudio.com.br\/home\/#\/schema\/person\/e7a723a212fc0c6c60a0734892d60ac1\"},\"potentialAction\":[{\"@type\":\"SearchAction\",\"target\":{\"@type\":\"EntryPoint\",\"urlTemplate\":\"https:\/\/loja.emmersonstudio.com.br\/home\/?s={search_term_string}\"},\"query-input\":{\"@type\":\"PropertyValueSpecification\",\"valueRequired\":true,\"valueName\":\"search_term_string\"}}],\"inLanguage\":\"pt-BR\"},{\"@type\":[\"Person\",\"Organization\"],\"@id\":\"https:\/\/loja.emmersonstudio.com.br\/home\/#\/schema\/person\/e7a723a212fc0c6c60a0734892d60ac1\",\"name\":\"admin\",\"image\":{\"@type\":\"ImageObject\",\"inLanguage\":\"pt-BR\",\"@id\":\"https:\/\/loja.emmersonstudio.com.br\/home\/#\/schema\/person\/image\/\",\"url\":\"https:\/\/loja.emmersonstudio.com.br\/home\/wp-content\/uploads\/2023\/10\/Design-sem-nome-2.png\",\"contentUrl\":\"https:\/\/loja.emmersonstudio.com.br\/home\/wp-content\/uploads\/2023\/10\/Design-sem-nome-2.png\",\"width\":512,\"height\":250,\"caption\":\"admin\"},\"logo\":{\"@id\":\"https:\/\/loja.emmersonstudio.com.br\/home\/#\/schema\/person\/image\/\"},\"sameAs\":[\"https:\/\/loja.emmersonstudio.com.br\/home\"]}]}<\/script>\n<!-- \/ Yoast SEO Premium plugin. -->","yoast_head_json":{"title":"Edi\u00e7\u00e3o e Configura\u00e7\u00e3o completa de Scripts - Produtos Digitais","robots":{"index":"index","follow":"follow","max-snippet":"max-snippet:-1","max-image-preview":"max-image-preview:large","max-video-preview":"max-video-preview:-1"},"canonical":"https:\/\/loja.emmersonstudio.com.br\/home\/produto\/edicao-e-configuracao-completa-de-scripts\/","og_locale":"pt_BR","og_type":"article","og_title":"Edi\u00e7\u00e3o e Configura\u00e7\u00e3o completa de Scripts","og_description":"Comprou o script mas n\u00e3o sabe editar , n\u00e3o se preocupe basta apenas contratar nossos servi\u00e7os que n\u00f3s faremos isso para voc\u00ea , iremos instalar em sua hospedagem e deixar seu script com a sua cara,  Configura\u00e7\u00e3o geral - cria\u00e7\u00e3o de novos menus - mudan\u00e7a de cores - troca de logotipos e muitos outros servi\u00e7os que\u00a0 executaremos, bem como atualizaremos todos os plugins e temas de seu script,  Ent\u00e3o n\u00e3o fique mais quebrando a cabe\u00e7a deixe que n\u00f3s deixaremos seu site funcionando com tudo bem certinho,","og_url":"https:\/\/loja.emmersonstudio.com.br\/home\/produto\/edicao-e-configuracao-completa-de-scripts\/","og_site_name":"Produtos Digitais","article_modified_time":"2025-01-17T12:26:44+00:00","twitter_card":"summary_large_image","twitter_misc":{"Est. tempo de leitura":"1 minuto"},"schema":{"@context":"https:\/\/schema.org","@graph":[{"@type":"WebPage","@id":"https:\/\/loja.emmersonstudio.com.br\/home\/produto\/edicao-e-configuracao-completa-de-scripts\/","url":"https:\/\/loja.emmersonstudio.com.br\/home\/produto\/edicao-e-configuracao-completa-de-scripts\/","name":"Edi\u00e7\u00e3o e Configura\u00e7\u00e3o completa de Scripts - Produtos Digitais","isPartOf":{"@id":"https:\/\/loja.emmersonstudio.com.br\/home\/#website"},"primaryImageOfPage":{"@id":"https:\/\/loja.emmersonstudio.com.br\/home\/produto\/edicao-e-configuracao-completa-de-scripts\/#primaryimage"},"image":{"@id":"https:\/\/loja.emmersonstudio.com.br\/home\/produto\/edicao-e-configuracao-completa-de-scripts\/#primaryimage"},"thumbnailUrl":"https:\/\/loja.emmersonstudio.com.br\/home\/wp-content\/uploads\/2024\/11\/Editar-e-configurar.jpg","datePublished":"2025-01-17T12:26:43+00:00","dateModified":"2025-01-17T12:26:44+00:00","breadcrumb":{"@id":"https:\/\/loja.emmersonstudio.com.br\/home\/produto\/edicao-e-configuracao-completa-de-scripts\/#breadcrumb"},"inLanguage":"pt-BR","potentialAction":[{"@type":"ReadAction","target":["https:\/\/loja.emmersonstudio.com.br\/home\/produto\/edicao-e-configuracao-completa-de-scripts\/"]}]},{"@type":"ImageObject","inLanguage":"pt-BR","@id":"https:\/\/loja.emmersonstudio.com.br\/home\/produto\/edicao-e-configuracao-completa-de-scripts\/#primaryimage","url":"https:\/\/loja.emmersonstudio.com.br\/home\/wp-content\/uploads\/2024\/11\/Editar-e-configurar.jpg","contentUrl":"https:\/\/loja.emmersonstudio.com.br\/home\/wp-content\/uploads\/2024\/11\/Editar-e-configurar.jpg","width":800,"height":699},{"@type":"BreadcrumbList","@id":"https:\/\/loja.emmersonstudio.com.br\/home\/produto\/edicao-e-configuracao-completa-de-scripts\/#breadcrumb","itemListElement":[{"@type":"ListItem","position":1,"name":"Home","item":"https:\/\/loja.emmersonstudio.com.br\/home\/"},{"@type":"ListItem","position":2,"name":"Loja","item":"https:\/\/loja.emmersonstudio.com.br\/home\/loja\/"},{"@type":"ListItem","position":3,"name":"Edi\u00e7\u00e3o e Configura\u00e7\u00e3o completa de Scripts"}]},{"@type":"WebSite","@id":"https:\/\/loja.emmersonstudio.com.br\/home\/#website","url":"https:\/\/loja.emmersonstudio.com.br\/home\/","name":"LOJA DOS SCRIPTS","description":"","publisher":{"@id":"https:\/\/loja.emmersonstudio.com.br\/home\/#\/schema\/person\/e7a723a212fc0c6c60a0734892d60ac1"},"potentialAction":[{"@type":"SearchAction","target":{"@type":"EntryPoint","urlTemplate":"https:\/\/loja.emmersonstudio.com.br\/home\/?s={search_term_string}"},"query-input":{"@type":"PropertyValueSpecification","valueRequired":true,"valueName":"search_term_string"}}],"inLanguage":"pt-BR"},{"@type":["Person","Organization"],"@id":"https:\/\/loja.emmersonstudio.com.br\/home\/#\/schema\/person\/e7a723a212fc0c6c60a0734892d60ac1","name":"admin","image":{"@type":"ImageObject","inLanguage":"pt-BR","@id":"https:\/\/loja.emmersonstudio.com.br\/home\/#\/schema\/person\/image\/","url":"https:\/\/loja.emmersonstudio.com.br\/home\/wp-content\/uploads\/2023\/10\/Design-sem-nome-2.png","contentUrl":"https:\/\/loja.emmersonstudio.com.br\/home\/wp-content\/uploads\/2023\/10\/Design-sem-nome-2.png","width":512,"height":250,"caption":"admin"},"logo":{"@id":"https:\/\/loja.emmersonstudio.com.br\/home\/#\/schema\/person\/image\/"},"sameAs":["https:\/\/loja.emmersonstudio.com.br\/home"]}]}},"_links":{"self":[{"href":"https:\/\/loja.emmersonstudio.com.br\/home\/wp-json\/wp\/v2\/product\/3308","targetHints":{"allow":["GET"]}}],"collection":[{"href":"https:\/\/loja.emmersonstudio.com.br\/home\/wp-json\/wp\/v2\/product"}],"about":[{"href":"https:\/\/loja.emmersonstudio.com.br\/home\/wp-json\/wp\/v2\/types\/product"}],"wp:featuredmedia":[{"embeddable":true,"href":"https:\/\/loja.emmersonstudio.com.br\/home\/wp-json\/wp\/v2\/media\/2660"}],"wp:attachment":[{"href":"https:\/\/loja.emmersonstudio.com.br\/home\/wp-json\/wp\/v2\/media?parent=3308"}],"wp:term":[{"taxonomy":"product_cat","embeddable":true,"href":"https:\/\/loja.emmersonstudio.com.br\/home\/wp-json\/wp\/v2\/product_cat?post=3308"},{"taxonomy":"product_tag","embeddable":true,"href":"https:\/\/loja.emmersonstudio.com.br\/home\/wp-json\/wp\/v2\/product_tag?post=3308"}],"curies":[{"name":"wp","href":"https:\/\/api.w.org\/{rel}","templated":true}]}}