{"id":3299,"date":"2025-01-17T12:26:37","date_gmt":"2025-01-17T12:26:37","guid":{"rendered":"https:\/\/loja.emmersonstudio.com.br\/home\/produto\/super-agencia-de-seo-cod-4455\/"},"modified":"2025-01-17T12:26:37","modified_gmt":"2025-01-17T12:26:37","slug":"super-agencia-de-seo-cod-4455","status":"publish","type":"product","link":"https:\/\/loja.emmersonstudio.com.br\/home\/produto\/super-agencia-de-seo-cod-4455\/","title":{"rendered":"Super Agencia de SEO &#8211; COD-4455"},"content":{"rendered":"<p>Script\u00a0 <a href=\"https:\/\/regionalpress.tk\/agencias\/mark-4799\/\" target=\"_blank\" rel=\"noopener\">WordPress responsivo<\/a> criado para agencia de seo, empresa de desenvolvimento de software, designer de aplicativos e outros sites de neg\u00f3cios relacionados \u00e0 tecnologia. Constru\u00eddo com o construtor de p\u00e1ginas Elementor para sites relacionados a <a href=\"https:\/\/regionalpress.tk\/agencias\/mark-4799\/\" target=\"_blank\" rel=\"noopener\">software<\/a>.\u00a0 layout altamente responsivo criado especialmente para empresa de software, desenvolvedor de software, designer de aplicativos.<\/p>\n<p><a href=\"https:\/\/centraldosscripts.com.br\/wordpress\/AGENCIAS\/COD-4455\/\" target=\"_blank\" rel=\"noopener\"><img decoding=\"async\" class=\"size-full wp-image-7237 aligncenter\" src=\"https:\/\/scriptstore.com.br\/wp-content\/uploads\/2022\/05\/btn-demo.png\" alt=\"\" width=\"196\" height=\"81\" \/><\/a><\/p>\n<p>O script ser entregue com todo conte\u00fado conforme esta no demo ,<\/p>\n<p><strong>A INSTALA\u00c7\u00c3O<\/strong><\/p>\n<p>A instala\u00e7\u00e3o de nossos scripts \u00e9 bem f\u00e1cil com instalador autom\u00e1tico com v\u00eddeo aula passo a passo que lhe ensinar\u00e1 como instalar de forma bem simples o seu script<\/p>\n<p><strong>SUPORTE<\/strong><\/p>\n<p>Sim durante todo processo de instala\u00e7\u00e3o caso encontre dificuldades lhe auxiliaremos via WhatsApp como instalar de forma bem simples e f\u00e1cil.<\/p>\n<p><strong>HOSPEDAGEM<\/strong><\/p>\n<p>Caso ainda n\u00e3o tenha contratado um servi\u00e7o de hospedagem n\u00f3s temos para lhe oferecer hospedagem profissional e com alta velocidade.<\/p>\n","protected":false},"excerpt":{"rendered":"<p>Script\u00a0 <a href=\"https:\/\/regionalpress.tk\/agencias\/mark-4799\/\" target=\"_blank\" rel=\"noopener\">WordPress responsivo<\/a> criado para AGENCIA DE SEO, empresa de desenvolvimento de software, designer de aplicativos e outros sites de neg\u00f3cios relacionados \u00e0 tecnologia. Constru\u00eddo com o construtor de p\u00e1ginas Elementor<\/p>\n<p><a href=\"https:\/\/centraldosscripts.com.br\/wordpress\/AGENCIAS\/COD-4455\/\" target=\"_blank\" rel=\"noopener\"><img decoding=\"async\" class=\"size-full wp-image-7237 aligncenter\" src=\"https:\/\/scriptstore.com.br\/wp-content\/uploads\/2022\/05\/btn-demo.png\" alt=\"\" width=\"196\" height=\"81\" \/><\/a><\/p>\n","protected":false},"featured_media":2640,"template":"","meta":{"om_disable_all_campaigns":false,"_monsterinsights_skip_tracking":false,"_monsterinsights_sitenote_active":false,"_monsterinsights_sitenote_note":"","_monsterinsights_sitenote_category":0,"_joinchat":[]},"product_cat":[147,136],"product_tag":[],"class_list":{"0":"post-3299","1":"product","2":"type-product","3":"status-publish","4":"has-post-thumbnail","6":"product_cat-agencias","7":"product_cat-todos-produtos","9":"first","10":"instock","11":"taxable","12":"shipping-taxable","13":"purchasable","14":"product-type-simple"},"aioseo_notices":[],"yoast_head":"<!-- This site is optimized with the Yoast SEO Premium plugin v23.7 (Yoast SEO v23.6) - https:\/\/yoast.com\/wordpress\/plugins\/seo\/ -->\n<title>Super Agencia de SEO - COD-4455 - Produtos Digitais<\/title>\n<meta name=\"robots\" content=\"index, follow, max-snippet:-1, max-image-preview:large, max-video-preview:-1\" \/>\n<link rel=\"canonical\" href=\"https:\/\/loja.emmersonstudio.com.br\/home\/produto\/super-agencia-de-seo-cod-4455\/\" \/>\n<meta property=\"og:locale\" content=\"pt_BR\" \/>\n<meta property=\"og:type\" content=\"article\" \/>\n<meta property=\"og:title\" content=\"Super Agencia de SEO - COD-4455\" \/>\n<meta property=\"og:description\" content=\"Script\u00a0 WordPress responsivo criado para AGENCIA DE SEO, empresa de desenvolvimento de software, designer de aplicativos e outros sites de neg\u00f3cios relacionados \u00e0 tecnologia. Constru\u00eddo com o construtor de p\u00e1ginas Elementor\" \/>\n<meta property=\"og:url\" content=\"https:\/\/loja.emmersonstudio.com.br\/home\/produto\/super-agencia-de-seo-cod-4455\/\" \/>\n<meta property=\"og:site_name\" content=\"Produtos Digitais\" \/>\n<meta name=\"twitter:card\" content=\"summary_large_image\" \/>\n<meta name=\"twitter:label1\" content=\"Est. tempo de leitura\" \/>\n\t<meta name=\"twitter:data1\" content=\"1 minuto\" \/>\n<script type=\"application\/ld+json\" class=\"yoast-schema-graph\">{\"@context\":\"https:\/\/schema.org\",\"@graph\":[{\"@type\":\"WebPage\",\"@id\":\"https:\/\/loja.emmersonstudio.com.br\/home\/produto\/super-agencia-de-seo-cod-4455\/\",\"url\":\"https:\/\/loja.emmersonstudio.com.br\/home\/produto\/super-agencia-de-seo-cod-4455\/\",\"name\":\"Super Agencia de SEO - COD-4455 - Produtos Digitais\",\"isPartOf\":{\"@id\":\"https:\/\/loja.emmersonstudio.com.br\/home\/#website\"},\"primaryImageOfPage\":{\"@id\":\"https:\/\/loja.emmersonstudio.com.br\/home\/produto\/super-agencia-de-seo-cod-4455\/#primaryimage\"},\"image\":{\"@id\":\"https:\/\/loja.emmersonstudio.com.br\/home\/produto\/super-agencia-de-seo-cod-4455\/#primaryimage\"},\"thumbnailUrl\":\"https:\/\/loja.emmersonstudio.com.br\/home\/wp-content\/uploads\/2024\/11\/seo-4455.jpg\",\"datePublished\":\"2025-01-17T12:26:37+00:00\",\"dateModified\":\"2025-01-17T12:26:37+00:00\",\"breadcrumb\":{\"@id\":\"https:\/\/loja.emmersonstudio.com.br\/home\/produto\/super-agencia-de-seo-cod-4455\/#breadcrumb\"},\"inLanguage\":\"pt-BR\",\"potentialAction\":[{\"@type\":\"ReadAction\",\"target\":[\"https:\/\/loja.emmersonstudio.com.br\/home\/produto\/super-agencia-de-seo-cod-4455\/\"]}]},{\"@type\":\"ImageObject\",\"inLanguage\":\"pt-BR\",\"@id\":\"https:\/\/loja.emmersonstudio.com.br\/home\/produto\/super-agencia-de-seo-cod-4455\/#primaryimage\",\"url\":\"https:\/\/loja.emmersonstudio.com.br\/home\/wp-content\/uploads\/2024\/11\/seo-4455.jpg\",\"contentUrl\":\"https:\/\/loja.emmersonstudio.com.br\/home\/wp-content\/uploads\/2024\/11\/seo-4455.jpg\",\"width\":800,\"height\":699},{\"@type\":\"BreadcrumbList\",\"@id\":\"https:\/\/loja.emmersonstudio.com.br\/home\/produto\/super-agencia-de-seo-cod-4455\/#breadcrumb\",\"itemListElement\":[{\"@type\":\"ListItem\",\"position\":1,\"name\":\"Home\",\"item\":\"https:\/\/loja.emmersonstudio.com.br\/home\/\"},{\"@type\":\"ListItem\",\"position\":2,\"name\":\"Loja\",\"item\":\"https:\/\/loja.emmersonstudio.com.br\/home\/loja\/\"},{\"@type\":\"ListItem\",\"position\":3,\"name\":\"Super Agencia de SEO &#8211; COD-4455\"}]},{\"@type\":\"WebSite\",\"@id\":\"https:\/\/loja.emmersonstudio.com.br\/home\/#website\",\"url\":\"https:\/\/loja.emmersonstudio.com.br\/home\/\",\"name\":\"LOJA DOS SCRIPTS\",\"description\":\"\",\"publisher\":{\"@id\":\"https:\/\/loja.emmersonstudio.com.br\/home\/#\/schema\/person\/e7a723a212fc0c6c60a0734892d60ac1\"},\"potentialAction\":[{\"@type\":\"SearchAction\",\"target\":{\"@type\":\"EntryPoint\",\"urlTemplate\":\"https:\/\/loja.emmersonstudio.com.br\/home\/?s={search_term_string}\"},\"query-input\":{\"@type\":\"PropertyValueSpecification\",\"valueRequired\":true,\"valueName\":\"search_term_string\"}}],\"inLanguage\":\"pt-BR\"},{\"@type\":[\"Person\",\"Organization\"],\"@id\":\"https:\/\/loja.emmersonstudio.com.br\/home\/#\/schema\/person\/e7a723a212fc0c6c60a0734892d60ac1\",\"name\":\"admin\",\"image\":{\"@type\":\"ImageObject\",\"inLanguage\":\"pt-BR\",\"@id\":\"https:\/\/loja.emmersonstudio.com.br\/home\/#\/schema\/person\/image\/\",\"url\":\"https:\/\/loja.emmersonstudio.com.br\/home\/wp-content\/uploads\/2023\/10\/Design-sem-nome-2.png\",\"contentUrl\":\"https:\/\/loja.emmersonstudio.com.br\/home\/wp-content\/uploads\/2023\/10\/Design-sem-nome-2.png\",\"width\":512,\"height\":250,\"caption\":\"admin\"},\"logo\":{\"@id\":\"https:\/\/loja.emmersonstudio.com.br\/home\/#\/schema\/person\/image\/\"},\"sameAs\":[\"https:\/\/loja.emmersonstudio.com.br\/home\"]}]}<\/script>\n<!-- \/ Yoast SEO Premium plugin. -->","yoast_head_json":{"title":"Super Agencia de SEO - COD-4455 - Produtos Digitais","robots":{"index":"index","follow":"follow","max-snippet":"max-snippet:-1","max-image-preview":"max-image-preview:large","max-video-preview":"max-video-preview:-1"},"canonical":"https:\/\/loja.emmersonstudio.com.br\/home\/produto\/super-agencia-de-seo-cod-4455\/","og_locale":"pt_BR","og_type":"article","og_title":"Super Agencia de SEO - COD-4455","og_description":"Script\u00a0 WordPress responsivo criado para AGENCIA DE SEO, empresa de desenvolvimento de software, designer de aplicativos e outros sites de neg\u00f3cios relacionados \u00e0 tecnologia. Constru\u00eddo com o construtor de p\u00e1ginas Elementor","og_url":"https:\/\/loja.emmersonstudio.com.br\/home\/produto\/super-agencia-de-seo-cod-4455\/","og_site_name":"Produtos Digitais","twitter_card":"summary_large_image","twitter_misc":{"Est. tempo de leitura":"1 minuto"},"schema":{"@context":"https:\/\/schema.org","@graph":[{"@type":"WebPage","@id":"https:\/\/loja.emmersonstudio.com.br\/home\/produto\/super-agencia-de-seo-cod-4455\/","url":"https:\/\/loja.emmersonstudio.com.br\/home\/produto\/super-agencia-de-seo-cod-4455\/","name":"Super Agencia de SEO - COD-4455 - Produtos Digitais","isPartOf":{"@id":"https:\/\/loja.emmersonstudio.com.br\/home\/#website"},"primaryImageOfPage":{"@id":"https:\/\/loja.emmersonstudio.com.br\/home\/produto\/super-agencia-de-seo-cod-4455\/#primaryimage"},"image":{"@id":"https:\/\/loja.emmersonstudio.com.br\/home\/produto\/super-agencia-de-seo-cod-4455\/#primaryimage"},"thumbnailUrl":"https:\/\/loja.emmersonstudio.com.br\/home\/wp-content\/uploads\/2024\/11\/seo-4455.jpg","datePublished":"2025-01-17T12:26:37+00:00","dateModified":"2025-01-17T12:26:37+00:00","breadcrumb":{"@id":"https:\/\/loja.emmersonstudio.com.br\/home\/produto\/super-agencia-de-seo-cod-4455\/#breadcrumb"},"inLanguage":"pt-BR","potentialAction":[{"@type":"ReadAction","target":["https:\/\/loja.emmersonstudio.com.br\/home\/produto\/super-agencia-de-seo-cod-4455\/"]}]},{"@type":"ImageObject","inLanguage":"pt-BR","@id":"https:\/\/loja.emmersonstudio.com.br\/home\/produto\/super-agencia-de-seo-cod-4455\/#primaryimage","url":"https:\/\/loja.emmersonstudio.com.br\/home\/wp-content\/uploads\/2024\/11\/seo-4455.jpg","contentUrl":"https:\/\/loja.emmersonstudio.com.br\/home\/wp-content\/uploads\/2024\/11\/seo-4455.jpg","width":800,"height":699},{"@type":"BreadcrumbList","@id":"https:\/\/loja.emmersonstudio.com.br\/home\/produto\/super-agencia-de-seo-cod-4455\/#breadcrumb","itemListElement":[{"@type":"ListItem","position":1,"name":"Home","item":"https:\/\/loja.emmersonstudio.com.br\/home\/"},{"@type":"ListItem","position":2,"name":"Loja","item":"https:\/\/loja.emmersonstudio.com.br\/home\/loja\/"},{"@type":"ListItem","position":3,"name":"Super Agencia de SEO &#8211; COD-4455"}]},{"@type":"WebSite","@id":"https:\/\/loja.emmersonstudio.com.br\/home\/#website","url":"https:\/\/loja.emmersonstudio.com.br\/home\/","name":"LOJA DOS SCRIPTS","description":"","publisher":{"@id":"https:\/\/loja.emmersonstudio.com.br\/home\/#\/schema\/person\/e7a723a212fc0c6c60a0734892d60ac1"},"potentialAction":[{"@type":"SearchAction","target":{"@type":"EntryPoint","urlTemplate":"https:\/\/loja.emmersonstudio.com.br\/home\/?s={search_term_string}"},"query-input":{"@type":"PropertyValueSpecification","valueRequired":true,"valueName":"search_term_string"}}],"inLanguage":"pt-BR"},{"@type":["Person","Organization"],"@id":"https:\/\/loja.emmersonstudio.com.br\/home\/#\/schema\/person\/e7a723a212fc0c6c60a0734892d60ac1","name":"admin","image":{"@type":"ImageObject","inLanguage":"pt-BR","@id":"https:\/\/loja.emmersonstudio.com.br\/home\/#\/schema\/person\/image\/","url":"https:\/\/loja.emmersonstudio.com.br\/home\/wp-content\/uploads\/2023\/10\/Design-sem-nome-2.png","contentUrl":"https:\/\/loja.emmersonstudio.com.br\/home\/wp-content\/uploads\/2023\/10\/Design-sem-nome-2.png","width":512,"height":250,"caption":"admin"},"logo":{"@id":"https:\/\/loja.emmersonstudio.com.br\/home\/#\/schema\/person\/image\/"},"sameAs":["https:\/\/loja.emmersonstudio.com.br\/home"]}]}},"_links":{"self":[{"href":"https:\/\/loja.emmersonstudio.com.br\/home\/wp-json\/wp\/v2\/product\/3299","targetHints":{"allow":["GET"]}}],"collection":[{"href":"https:\/\/loja.emmersonstudio.com.br\/home\/wp-json\/wp\/v2\/product"}],"about":[{"href":"https:\/\/loja.emmersonstudio.com.br\/home\/wp-json\/wp\/v2\/types\/product"}],"wp:featuredmedia":[{"embeddable":true,"href":"https:\/\/loja.emmersonstudio.com.br\/home\/wp-json\/wp\/v2\/media\/2640"}],"wp:attachment":[{"href":"https:\/\/loja.emmersonstudio.com.br\/home\/wp-json\/wp\/v2\/media?parent=3299"}],"wp:term":[{"taxonomy":"product_cat","embeddable":true,"href":"https:\/\/loja.emmersonstudio.com.br\/home\/wp-json\/wp\/v2\/product_cat?post=3299"},{"taxonomy":"product_tag","embeddable":true,"href":"https:\/\/loja.emmersonstudio.com.br\/home\/wp-json\/wp\/v2\/product_tag?post=3299"}],"curies":[{"name":"wp","href":"https:\/\/api.w.org\/{rel}","templated":true}]}}