{"id":3287,"date":"2025-01-17T12:26:28","date_gmt":"2025-01-17T12:26:28","guid":{"rendered":"https:\/\/loja.emmersonstudio.com.br\/home\/produto\/noticias-top-gospel-cod-5557\/"},"modified":"2025-01-17T12:26:29","modified_gmt":"2025-01-17T12:26:29","slug":"noticias-top-gospel-cod-5557","status":"publish","type":"product","link":"https:\/\/loja.emmersonstudio.com.br\/home\/produto\/noticias-top-gospel-cod-5557\/","title":{"rendered":"Noticias Top Gospel COD-5557"},"content":{"rendered":"<p style=\"text-align: center;\">Script Portal de Noticias Gospel<\/p>\n<p style=\"text-align: left;\">Script super completo com <strong>NOTICIAS AUTOM\u00c1TICAS GOSPEL <\/strong>um portal super completo com painel de administra\u00e7\u00e3o e v\u00eddeo aulas de instala\u00e7\u00e3o e v\u00eddeo aulas no painel admin do site.<\/p>\n<p>Agora voc\u00ea pode ter o seu pr\u00f3prio portal de noticias Gospel\u00a0 sem ter dor de cabe\u00e7a na hora de atualizar as noticias , pois o sistema \u00e9 autom\u00e1tico, ou seja as noticias atualizam sozinhas sem precisar de editar ou inserir noticia por noticias, mas tem tamb\u00e9m a op\u00e7\u00e3o para que voc\u00ea insira sua noticia manualmente, tudo bem simples e bem f\u00e1cil.<\/p>\n<p>E ainda lhe daremos suporte total durante a instala\u00e7\u00e3o de seu site, N\u00e3o perca mais tempo compre agora mesmo o seu script de portal de noticias Gospel e j\u00e1 instale,<\/p>\n<p>O script ser\u00e1 entregue da forma que se encontra no demo online, assim que terminar a instala\u00e7\u00e3o o portal ficar\u00e1 da forma que esta no demo com todo o conte\u00fado j\u00e1 inclu\u00eddo, e para editar basta apenas fazer as mudan\u00e7as que quer para deixar seu portal com a sua cara,<\/p>\n<p>Ao comprar este portal voc\u00ea declara que leu e concorda com nossos <a href=\"https:\/\/scriptstore.com.br\/termos-e-condicoes\/\"><strong>TERMOS E CONDI\u00c7\u00d5ES LEIA AQUI,<\/strong><\/a><\/p>\n<blockquote>\n<h4>ENTREGA:<\/h4>\n<p>*O Envio do Script \u00e9 feito de forma autom\u00e1tica, para efetuar a compra voc\u00ea precisa se cadastrar em nossa loja, seu produto ser\u00e1 entregue na sua conta ( \u00c1rea do Cliente )<\/p>\n<p>Envio em at\u00e9 5 min ap\u00f3s confirma\u00e7\u00e3o do pagamento pelo banco emissor.<\/p>\n<h4>REEMBOLSO E PERSONALIZA\u00c7\u00c3O:<\/h4>\n<p>&#8211; Por se Tratar de um produto digital n\u00e3o fazemos a devolu\u00e7\u00e3o do pagamento.<br \/>\n&#8211; Este valor n\u00e3o inclui altera\u00e7\u00f5es no Script ou Instala\u00e7\u00e3o.<\/p><\/blockquote>\n<p>&nbsp;<\/p>\n","protected":false},"excerpt":{"rendered":"<p>Script super completo com <strong>NOTICIAS AUTOM\u00c1TICAS GOSPEL <\/strong>um portal super completo com painel de administra\u00e7\u00e3o e v\u00eddeo aulas de instala\u00e7\u00e3o e v\u00eddeo aulas no painel admin do site.<\/p>\n<p><a href=\"https:\/\/centraldosscripts.com.br\/wordpress\/PORTAISNOTICIAS\/COD-5557\/\" target=\"_blank\" rel=\"noopener\"><img decoding=\"async\" class=\"size-full wp-image-7237 aligncenter\" src=\"https:\/\/scriptstore.com.br\/wp-content\/uploads\/2022\/05\/btn-demo.png\" alt=\"\" width=\"196\" height=\"81\" \/><\/a><\/p>\n","protected":false},"featured_media":2616,"template":"","meta":{"om_disable_all_campaigns":false,"_monsterinsights_skip_tracking":false,"_monsterinsights_sitenote_active":false,"_monsterinsights_sitenote_note":"","_monsterinsights_sitenote_category":0,"_joinchat":[]},"product_cat":[143,135,136],"product_tag":[],"class_list":{"0":"post-3287","1":"product","2":"type-product","3":"status-publish","4":"has-post-thumbnail","6":"product_cat-gospel","7":"product_cat-portais-de-noticias","8":"product_cat-todos-produtos","10":"first","11":"instock","12":"taxable","13":"shipping-taxable","14":"purchasable","15":"product-type-simple"},"aioseo_notices":[],"yoast_head":"<!-- This site is optimized with the Yoast SEO Premium plugin v23.7 (Yoast SEO v23.6) - https:\/\/yoast.com\/wordpress\/plugins\/seo\/ -->\n<title>Noticias Top Gospel COD-5557 - Produtos Digitais<\/title>\n<meta name=\"robots\" content=\"index, follow, max-snippet:-1, max-image-preview:large, max-video-preview:-1\" \/>\n<link rel=\"canonical\" href=\"https:\/\/loja.emmersonstudio.com.br\/home\/produto\/noticias-top-gospel-cod-5557\/\" \/>\n<meta property=\"og:locale\" content=\"pt_BR\" \/>\n<meta property=\"og:type\" content=\"article\" \/>\n<meta property=\"og:title\" content=\"Noticias Top Gospel COD-5557\" \/>\n<meta property=\"og:description\" content=\"Script super completo com NOTICIAS AUTOM\u00c1TICAS GOSPEL um portal super completo com painel de administra\u00e7\u00e3o e v\u00eddeo aulas de instala\u00e7\u00e3o e v\u00eddeo aulas no painel admin do site.\" \/>\n<meta property=\"og:url\" content=\"https:\/\/loja.emmersonstudio.com.br\/home\/produto\/noticias-top-gospel-cod-5557\/\" \/>\n<meta property=\"og:site_name\" content=\"Produtos Digitais\" \/>\n<meta property=\"article:modified_time\" content=\"2025-01-17T12:26:29+00:00\" \/>\n<meta name=\"twitter:card\" content=\"summary_large_image\" \/>\n<meta name=\"twitter:label1\" content=\"Est. tempo de leitura\" \/>\n\t<meta name=\"twitter:data1\" content=\"1 minuto\" \/>\n<script type=\"application\/ld+json\" class=\"yoast-schema-graph\">{\"@context\":\"https:\/\/schema.org\",\"@graph\":[{\"@type\":\"WebPage\",\"@id\":\"https:\/\/loja.emmersonstudio.com.br\/home\/produto\/noticias-top-gospel-cod-5557\/\",\"url\":\"https:\/\/loja.emmersonstudio.com.br\/home\/produto\/noticias-top-gospel-cod-5557\/\",\"name\":\"Noticias Top Gospel COD-5557 - Produtos Digitais\",\"isPartOf\":{\"@id\":\"https:\/\/loja.emmersonstudio.com.br\/home\/#website\"},\"primaryImageOfPage\":{\"@id\":\"https:\/\/loja.emmersonstudio.com.br\/home\/produto\/noticias-top-gospel-cod-5557\/#primaryimage\"},\"image\":{\"@id\":\"https:\/\/loja.emmersonstudio.com.br\/home\/produto\/noticias-top-gospel-cod-5557\/#primaryimage\"},\"thumbnailUrl\":\"https:\/\/loja.emmersonstudio.com.br\/home\/wp-content\/uploads\/2024\/11\/novo-gospel.jpg\",\"datePublished\":\"2025-01-17T12:26:28+00:00\",\"dateModified\":\"2025-01-17T12:26:29+00:00\",\"breadcrumb\":{\"@id\":\"https:\/\/loja.emmersonstudio.com.br\/home\/produto\/noticias-top-gospel-cod-5557\/#breadcrumb\"},\"inLanguage\":\"pt-BR\",\"potentialAction\":[{\"@type\":\"ReadAction\",\"target\":[\"https:\/\/loja.emmersonstudio.com.br\/home\/produto\/noticias-top-gospel-cod-5557\/\"]}]},{\"@type\":\"ImageObject\",\"inLanguage\":\"pt-BR\",\"@id\":\"https:\/\/loja.emmersonstudio.com.br\/home\/produto\/noticias-top-gospel-cod-5557\/#primaryimage\",\"url\":\"https:\/\/loja.emmersonstudio.com.br\/home\/wp-content\/uploads\/2024\/11\/novo-gospel.jpg\",\"contentUrl\":\"https:\/\/loja.emmersonstudio.com.br\/home\/wp-content\/uploads\/2024\/11\/novo-gospel.jpg\",\"width\":800,\"height\":699},{\"@type\":\"BreadcrumbList\",\"@id\":\"https:\/\/loja.emmersonstudio.com.br\/home\/produto\/noticias-top-gospel-cod-5557\/#breadcrumb\",\"itemListElement\":[{\"@type\":\"ListItem\",\"position\":1,\"name\":\"Home\",\"item\":\"https:\/\/loja.emmersonstudio.com.br\/home\/\"},{\"@type\":\"ListItem\",\"position\":2,\"name\":\"Loja\",\"item\":\"https:\/\/loja.emmersonstudio.com.br\/home\/loja\/\"},{\"@type\":\"ListItem\",\"position\":3,\"name\":\"Noticias Top Gospel COD-5557\"}]},{\"@type\":\"WebSite\",\"@id\":\"https:\/\/loja.emmersonstudio.com.br\/home\/#website\",\"url\":\"https:\/\/loja.emmersonstudio.com.br\/home\/\",\"name\":\"LOJA DOS SCRIPTS\",\"description\":\"\",\"publisher\":{\"@id\":\"https:\/\/loja.emmersonstudio.com.br\/home\/#\/schema\/person\/e7a723a212fc0c6c60a0734892d60ac1\"},\"potentialAction\":[{\"@type\":\"SearchAction\",\"target\":{\"@type\":\"EntryPoint\",\"urlTemplate\":\"https:\/\/loja.emmersonstudio.com.br\/home\/?s={search_term_string}\"},\"query-input\":{\"@type\":\"PropertyValueSpecification\",\"valueRequired\":true,\"valueName\":\"search_term_string\"}}],\"inLanguage\":\"pt-BR\"},{\"@type\":[\"Person\",\"Organization\"],\"@id\":\"https:\/\/loja.emmersonstudio.com.br\/home\/#\/schema\/person\/e7a723a212fc0c6c60a0734892d60ac1\",\"name\":\"admin\",\"image\":{\"@type\":\"ImageObject\",\"inLanguage\":\"pt-BR\",\"@id\":\"https:\/\/loja.emmersonstudio.com.br\/home\/#\/schema\/person\/image\/\",\"url\":\"https:\/\/loja.emmersonstudio.com.br\/home\/wp-content\/uploads\/2023\/10\/Design-sem-nome-2.png\",\"contentUrl\":\"https:\/\/loja.emmersonstudio.com.br\/home\/wp-content\/uploads\/2023\/10\/Design-sem-nome-2.png\",\"width\":512,\"height\":250,\"caption\":\"admin\"},\"logo\":{\"@id\":\"https:\/\/loja.emmersonstudio.com.br\/home\/#\/schema\/person\/image\/\"},\"sameAs\":[\"https:\/\/loja.emmersonstudio.com.br\/home\"]}]}<\/script>\n<!-- \/ Yoast SEO Premium plugin. -->","yoast_head_json":{"title":"Noticias Top Gospel COD-5557 - Produtos Digitais","robots":{"index":"index","follow":"follow","max-snippet":"max-snippet:-1","max-image-preview":"max-image-preview:large","max-video-preview":"max-video-preview:-1"},"canonical":"https:\/\/loja.emmersonstudio.com.br\/home\/produto\/noticias-top-gospel-cod-5557\/","og_locale":"pt_BR","og_type":"article","og_title":"Noticias Top Gospel COD-5557","og_description":"Script super completo com NOTICIAS AUTOM\u00c1TICAS GOSPEL um portal super completo com painel de administra\u00e7\u00e3o e v\u00eddeo aulas de instala\u00e7\u00e3o e v\u00eddeo aulas no painel admin do site.","og_url":"https:\/\/loja.emmersonstudio.com.br\/home\/produto\/noticias-top-gospel-cod-5557\/","og_site_name":"Produtos Digitais","article_modified_time":"2025-01-17T12:26:29+00:00","twitter_card":"summary_large_image","twitter_misc":{"Est. tempo de leitura":"1 minuto"},"schema":{"@context":"https:\/\/schema.org","@graph":[{"@type":"WebPage","@id":"https:\/\/loja.emmersonstudio.com.br\/home\/produto\/noticias-top-gospel-cod-5557\/","url":"https:\/\/loja.emmersonstudio.com.br\/home\/produto\/noticias-top-gospel-cod-5557\/","name":"Noticias Top Gospel COD-5557 - Produtos Digitais","isPartOf":{"@id":"https:\/\/loja.emmersonstudio.com.br\/home\/#website"},"primaryImageOfPage":{"@id":"https:\/\/loja.emmersonstudio.com.br\/home\/produto\/noticias-top-gospel-cod-5557\/#primaryimage"},"image":{"@id":"https:\/\/loja.emmersonstudio.com.br\/home\/produto\/noticias-top-gospel-cod-5557\/#primaryimage"},"thumbnailUrl":"https:\/\/loja.emmersonstudio.com.br\/home\/wp-content\/uploads\/2024\/11\/novo-gospel.jpg","datePublished":"2025-01-17T12:26:28+00:00","dateModified":"2025-01-17T12:26:29+00:00","breadcrumb":{"@id":"https:\/\/loja.emmersonstudio.com.br\/home\/produto\/noticias-top-gospel-cod-5557\/#breadcrumb"},"inLanguage":"pt-BR","potentialAction":[{"@type":"ReadAction","target":["https:\/\/loja.emmersonstudio.com.br\/home\/produto\/noticias-top-gospel-cod-5557\/"]}]},{"@type":"ImageObject","inLanguage":"pt-BR","@id":"https:\/\/loja.emmersonstudio.com.br\/home\/produto\/noticias-top-gospel-cod-5557\/#primaryimage","url":"https:\/\/loja.emmersonstudio.com.br\/home\/wp-content\/uploads\/2024\/11\/novo-gospel.jpg","contentUrl":"https:\/\/loja.emmersonstudio.com.br\/home\/wp-content\/uploads\/2024\/11\/novo-gospel.jpg","width":800,"height":699},{"@type":"BreadcrumbList","@id":"https:\/\/loja.emmersonstudio.com.br\/home\/produto\/noticias-top-gospel-cod-5557\/#breadcrumb","itemListElement":[{"@type":"ListItem","position":1,"name":"Home","item":"https:\/\/loja.emmersonstudio.com.br\/home\/"},{"@type":"ListItem","position":2,"name":"Loja","item":"https:\/\/loja.emmersonstudio.com.br\/home\/loja\/"},{"@type":"ListItem","position":3,"name":"Noticias Top Gospel COD-5557"}]},{"@type":"WebSite","@id":"https:\/\/loja.emmersonstudio.com.br\/home\/#website","url":"https:\/\/loja.emmersonstudio.com.br\/home\/","name":"LOJA DOS SCRIPTS","description":"","publisher":{"@id":"https:\/\/loja.emmersonstudio.com.br\/home\/#\/schema\/person\/e7a723a212fc0c6c60a0734892d60ac1"},"potentialAction":[{"@type":"SearchAction","target":{"@type":"EntryPoint","urlTemplate":"https:\/\/loja.emmersonstudio.com.br\/home\/?s={search_term_string}"},"query-input":{"@type":"PropertyValueSpecification","valueRequired":true,"valueName":"search_term_string"}}],"inLanguage":"pt-BR"},{"@type":["Person","Organization"],"@id":"https:\/\/loja.emmersonstudio.com.br\/home\/#\/schema\/person\/e7a723a212fc0c6c60a0734892d60ac1","name":"admin","image":{"@type":"ImageObject","inLanguage":"pt-BR","@id":"https:\/\/loja.emmersonstudio.com.br\/home\/#\/schema\/person\/image\/","url":"https:\/\/loja.emmersonstudio.com.br\/home\/wp-content\/uploads\/2023\/10\/Design-sem-nome-2.png","contentUrl":"https:\/\/loja.emmersonstudio.com.br\/home\/wp-content\/uploads\/2023\/10\/Design-sem-nome-2.png","width":512,"height":250,"caption":"admin"},"logo":{"@id":"https:\/\/loja.emmersonstudio.com.br\/home\/#\/schema\/person\/image\/"},"sameAs":["https:\/\/loja.emmersonstudio.com.br\/home"]}]}},"_links":{"self":[{"href":"https:\/\/loja.emmersonstudio.com.br\/home\/wp-json\/wp\/v2\/product\/3287","targetHints":{"allow":["GET"]}}],"collection":[{"href":"https:\/\/loja.emmersonstudio.com.br\/home\/wp-json\/wp\/v2\/product"}],"about":[{"href":"https:\/\/loja.emmersonstudio.com.br\/home\/wp-json\/wp\/v2\/types\/product"}],"wp:featuredmedia":[{"embeddable":true,"href":"https:\/\/loja.emmersonstudio.com.br\/home\/wp-json\/wp\/v2\/media\/2616"}],"wp:attachment":[{"href":"https:\/\/loja.emmersonstudio.com.br\/home\/wp-json\/wp\/v2\/media?parent=3287"}],"wp:term":[{"taxonomy":"product_cat","embeddable":true,"href":"https:\/\/loja.emmersonstudio.com.br\/home\/wp-json\/wp\/v2\/product_cat?post=3287"},{"taxonomy":"product_tag","embeddable":true,"href":"https:\/\/loja.emmersonstudio.com.br\/home\/wp-json\/wp\/v2\/product_tag?post=3287"}],"curies":[{"name":"wp","href":"https:\/\/api.w.org\/{rel}","templated":true}]}}