{"id":3262,"date":"2025-01-17T12:26:09","date_gmt":"2025-01-17T12:26:09","guid":{"rendered":"https:\/\/loja.emmersonstudio.com.br\/home\/produto\/portal-noticias-automaticas-news-trend-cod-8083\/"},"modified":"2025-01-17T12:26:09","modified_gmt":"2025-01-17T12:26:09","slug":"portal-noticias-automaticas-news-trend-cod-8083","status":"publish","type":"product","link":"https:\/\/loja.emmersonstudio.com.br\/home\/produto\/portal-noticias-automaticas-news-trend-cod-8083\/","title":{"rendered":"Portal Noticias Autom\u00e1ticas News Trend &#8211; COD-8083"},"content":{"rendered":"<p style=\"text-align: center;\">PORTAL NOTICIAS SUPER MODERNO<\/p>\n<p>Super lan\u00e7amento do portal de noticias super completo e bem moderno , com um mega espa\u00e7o para an\u00fancios tanto de imagens quanto de an\u00fancios ADS, com instalador autom\u00e1tico e suporte durante o processo de instala\u00e7\u00e3o, e ainda acompanha v\u00eddeo aula passo a passo de como instalar, seu script.<\/p>\n<p>PHP 7.4<\/p>\n<p>&nbsp;<\/p>\n<p>&nbsp;<\/p>\n<p>Garantia de Funcionamento Somente para Hospedagem Com:<br \/>\n\u2013 Servidor Linux com cPanel da (cpanel.net)<br \/>\n\u2013 PHP 7.4<br \/>\n\u2013 Apache<br \/>\n\u2013 phpMyAdmin<br \/>\n\u2013 MySQL \/ DBMaria<\/p>\n<p>ENTREGA:<\/p>\n<p>*O Envio do Script \u00e9 feito de forma autom\u00e1tica, para efetuar a compra voc\u00ea precisa se cadastrar em nossa loja, seu produto ser\u00e1 entregue na sua conta ( \u00c1rea do Cliente )<\/p>\n<p>Envio em at\u00e9 5 min ap\u00f3s confirma\u00e7\u00e3o do pagamento pelo banco emissor.<br \/>\nREEMBOLSO E PERSONALIZA\u00c7\u00c3O:<\/p>\n<p>&#8211; Por se Tratar de um produto digital n\u00e3o fazemos a devolu\u00e7\u00e3o do pagamento.<br \/>\n&#8211; Este valor n\u00e3o inclui altera\u00e7\u00f5es no Script ou Instala\u00e7\u00e3o.<\/p>\n","protected":false},"excerpt":{"rendered":"<p>Super lan\u00e7amento do portal de noticias super completo e bem moderno , com um mega espa\u00e7o para an\u00fancios tanto de imagens quanto de an\u00fancios ADS, com instalador autom\u00e1tico e suporte durante o processo de instala\u00e7\u00e3o, e ainda acompanha v\u00eddeo aula passo a passo de como instalar, seu script.<\/p>\n<p><a href=\"https:\/\/centraldosscripts.com.br\/wordpress\/PORTAISNOTICIAS\/COD-8083\/\" target=\"_blank\" rel=\"noopener\"><img decoding=\"async\" class=\"size-full wp-image-7237 aligncenter\" src=\"https:\/\/scriptstore.com.br\/wp-content\/uploads\/2022\/05\/btn-demo.png\" alt=\"\" width=\"196\" height=\"81\" \/><\/a><\/p>\n","protected":false},"featured_media":2562,"template":"","meta":{"om_disable_all_campaigns":false,"_monsterinsights_skip_tracking":false,"_monsterinsights_sitenote_active":false,"_monsterinsights_sitenote_note":"","_monsterinsights_sitenote_category":0,"_joinchat":[]},"product_cat":[135,136],"product_tag":[],"class_list":{"0":"post-3262","1":"product","2":"type-product","3":"status-publish","4":"has-post-thumbnail","6":"product_cat-portais-de-noticias","7":"product_cat-todos-produtos","9":"first","10":"instock","11":"taxable","12":"shipping-taxable","13":"purchasable","14":"product-type-simple"},"aioseo_notices":[],"yoast_head":"<!-- This site is optimized with the Yoast SEO Premium plugin v23.7 (Yoast SEO v23.6) - https:\/\/yoast.com\/wordpress\/plugins\/seo\/ -->\n<title>Portal Noticias Autom\u00e1ticas News Trend - COD-8083 - Produtos Digitais<\/title>\n<meta name=\"robots\" content=\"index, follow, max-snippet:-1, max-image-preview:large, max-video-preview:-1\" \/>\n<link rel=\"canonical\" href=\"https:\/\/loja.emmersonstudio.com.br\/home\/produto\/portal-noticias-automaticas-news-trend-cod-8083\/\" \/>\n<meta property=\"og:locale\" content=\"pt_BR\" \/>\n<meta property=\"og:type\" content=\"article\" \/>\n<meta property=\"og:title\" content=\"Portal Noticias Autom\u00e1ticas News Trend - COD-8083\" \/>\n<meta property=\"og:description\" content=\"Super lan\u00e7amento do portal de noticias super completo e bem moderno , com um mega espa\u00e7o para an\u00fancios tanto de imagens quanto de an\u00fancios ADS, com instalador autom\u00e1tico e suporte durante o processo de instala\u00e7\u00e3o, e ainda acompanha v\u00eddeo aula passo a passo de como instalar, seu script.\" \/>\n<meta property=\"og:url\" content=\"https:\/\/loja.emmersonstudio.com.br\/home\/produto\/portal-noticias-automaticas-news-trend-cod-8083\/\" \/>\n<meta property=\"og:site_name\" content=\"Produtos Digitais\" \/>\n<meta name=\"twitter:card\" content=\"summary_large_image\" \/>\n<meta name=\"twitter:label1\" content=\"Est. tempo de leitura\" \/>\n\t<meta name=\"twitter:data1\" content=\"1 minuto\" \/>\n<script type=\"application\/ld+json\" class=\"yoast-schema-graph\">{\"@context\":\"https:\/\/schema.org\",\"@graph\":[{\"@type\":\"WebPage\",\"@id\":\"https:\/\/loja.emmersonstudio.com.br\/home\/produto\/portal-noticias-automaticas-news-trend-cod-8083\/\",\"url\":\"https:\/\/loja.emmersonstudio.com.br\/home\/produto\/portal-noticias-automaticas-news-trend-cod-8083\/\",\"name\":\"Portal Noticias Autom\u00e1ticas News Trend - COD-8083 - Produtos Digitais\",\"isPartOf\":{\"@id\":\"https:\/\/loja.emmersonstudio.com.br\/home\/#website\"},\"primaryImageOfPage\":{\"@id\":\"https:\/\/loja.emmersonstudio.com.br\/home\/produto\/portal-noticias-automaticas-news-trend-cod-8083\/#primaryimage\"},\"image\":{\"@id\":\"https:\/\/loja.emmersonstudio.com.br\/home\/produto\/portal-noticias-automaticas-news-trend-cod-8083\/#primaryimage\"},\"thumbnailUrl\":\"https:\/\/loja.emmersonstudio.com.br\/home\/wp-content\/uploads\/2024\/11\/portal-8083.jpg\",\"datePublished\":\"2025-01-17T12:26:09+00:00\",\"dateModified\":\"2025-01-17T12:26:09+00:00\",\"breadcrumb\":{\"@id\":\"https:\/\/loja.emmersonstudio.com.br\/home\/produto\/portal-noticias-automaticas-news-trend-cod-8083\/#breadcrumb\"},\"inLanguage\":\"pt-BR\",\"potentialAction\":[{\"@type\":\"ReadAction\",\"target\":[\"https:\/\/loja.emmersonstudio.com.br\/home\/produto\/portal-noticias-automaticas-news-trend-cod-8083\/\"]}]},{\"@type\":\"ImageObject\",\"inLanguage\":\"pt-BR\",\"@id\":\"https:\/\/loja.emmersonstudio.com.br\/home\/produto\/portal-noticias-automaticas-news-trend-cod-8083\/#primaryimage\",\"url\":\"https:\/\/loja.emmersonstudio.com.br\/home\/wp-content\/uploads\/2024\/11\/portal-8083.jpg\",\"contentUrl\":\"https:\/\/loja.emmersonstudio.com.br\/home\/wp-content\/uploads\/2024\/11\/portal-8083.jpg\",\"width\":800,\"height\":699},{\"@type\":\"BreadcrumbList\",\"@id\":\"https:\/\/loja.emmersonstudio.com.br\/home\/produto\/portal-noticias-automaticas-news-trend-cod-8083\/#breadcrumb\",\"itemListElement\":[{\"@type\":\"ListItem\",\"position\":1,\"name\":\"Home\",\"item\":\"https:\/\/loja.emmersonstudio.com.br\/home\/\"},{\"@type\":\"ListItem\",\"position\":2,\"name\":\"Loja\",\"item\":\"https:\/\/loja.emmersonstudio.com.br\/home\/loja\/\"},{\"@type\":\"ListItem\",\"position\":3,\"name\":\"Portal Noticias Autom\u00e1ticas News Trend &#8211; COD-8083\"}]},{\"@type\":\"WebSite\",\"@id\":\"https:\/\/loja.emmersonstudio.com.br\/home\/#website\",\"url\":\"https:\/\/loja.emmersonstudio.com.br\/home\/\",\"name\":\"LOJA DOS SCRIPTS\",\"description\":\"\",\"publisher\":{\"@id\":\"https:\/\/loja.emmersonstudio.com.br\/home\/#\/schema\/person\/e7a723a212fc0c6c60a0734892d60ac1\"},\"potentialAction\":[{\"@type\":\"SearchAction\",\"target\":{\"@type\":\"EntryPoint\",\"urlTemplate\":\"https:\/\/loja.emmersonstudio.com.br\/home\/?s={search_term_string}\"},\"query-input\":{\"@type\":\"PropertyValueSpecification\",\"valueRequired\":true,\"valueName\":\"search_term_string\"}}],\"inLanguage\":\"pt-BR\"},{\"@type\":[\"Person\",\"Organization\"],\"@id\":\"https:\/\/loja.emmersonstudio.com.br\/home\/#\/schema\/person\/e7a723a212fc0c6c60a0734892d60ac1\",\"name\":\"admin\",\"image\":{\"@type\":\"ImageObject\",\"inLanguage\":\"pt-BR\",\"@id\":\"https:\/\/loja.emmersonstudio.com.br\/home\/#\/schema\/person\/image\/\",\"url\":\"https:\/\/loja.emmersonstudio.com.br\/home\/wp-content\/uploads\/2023\/10\/Design-sem-nome-2.png\",\"contentUrl\":\"https:\/\/loja.emmersonstudio.com.br\/home\/wp-content\/uploads\/2023\/10\/Design-sem-nome-2.png\",\"width\":512,\"height\":250,\"caption\":\"admin\"},\"logo\":{\"@id\":\"https:\/\/loja.emmersonstudio.com.br\/home\/#\/schema\/person\/image\/\"},\"sameAs\":[\"https:\/\/loja.emmersonstudio.com.br\/home\"]}]}<\/script>\n<!-- \/ Yoast SEO Premium plugin. -->","yoast_head_json":{"title":"Portal Noticias Autom\u00e1ticas News Trend - COD-8083 - Produtos Digitais","robots":{"index":"index","follow":"follow","max-snippet":"max-snippet:-1","max-image-preview":"max-image-preview:large","max-video-preview":"max-video-preview:-1"},"canonical":"https:\/\/loja.emmersonstudio.com.br\/home\/produto\/portal-noticias-automaticas-news-trend-cod-8083\/","og_locale":"pt_BR","og_type":"article","og_title":"Portal Noticias Autom\u00e1ticas News Trend - COD-8083","og_description":"Super lan\u00e7amento do portal de noticias super completo e bem moderno , com um mega espa\u00e7o para an\u00fancios tanto de imagens quanto de an\u00fancios ADS, com instalador autom\u00e1tico e suporte durante o processo de instala\u00e7\u00e3o, e ainda acompanha v\u00eddeo aula passo a passo de como instalar, seu script.","og_url":"https:\/\/loja.emmersonstudio.com.br\/home\/produto\/portal-noticias-automaticas-news-trend-cod-8083\/","og_site_name":"Produtos Digitais","twitter_card":"summary_large_image","twitter_misc":{"Est. tempo de leitura":"1 minuto"},"schema":{"@context":"https:\/\/schema.org","@graph":[{"@type":"WebPage","@id":"https:\/\/loja.emmersonstudio.com.br\/home\/produto\/portal-noticias-automaticas-news-trend-cod-8083\/","url":"https:\/\/loja.emmersonstudio.com.br\/home\/produto\/portal-noticias-automaticas-news-trend-cod-8083\/","name":"Portal Noticias Autom\u00e1ticas News Trend - COD-8083 - Produtos Digitais","isPartOf":{"@id":"https:\/\/loja.emmersonstudio.com.br\/home\/#website"},"primaryImageOfPage":{"@id":"https:\/\/loja.emmersonstudio.com.br\/home\/produto\/portal-noticias-automaticas-news-trend-cod-8083\/#primaryimage"},"image":{"@id":"https:\/\/loja.emmersonstudio.com.br\/home\/produto\/portal-noticias-automaticas-news-trend-cod-8083\/#primaryimage"},"thumbnailUrl":"https:\/\/loja.emmersonstudio.com.br\/home\/wp-content\/uploads\/2024\/11\/portal-8083.jpg","datePublished":"2025-01-17T12:26:09+00:00","dateModified":"2025-01-17T12:26:09+00:00","breadcrumb":{"@id":"https:\/\/loja.emmersonstudio.com.br\/home\/produto\/portal-noticias-automaticas-news-trend-cod-8083\/#breadcrumb"},"inLanguage":"pt-BR","potentialAction":[{"@type":"ReadAction","target":["https:\/\/loja.emmersonstudio.com.br\/home\/produto\/portal-noticias-automaticas-news-trend-cod-8083\/"]}]},{"@type":"ImageObject","inLanguage":"pt-BR","@id":"https:\/\/loja.emmersonstudio.com.br\/home\/produto\/portal-noticias-automaticas-news-trend-cod-8083\/#primaryimage","url":"https:\/\/loja.emmersonstudio.com.br\/home\/wp-content\/uploads\/2024\/11\/portal-8083.jpg","contentUrl":"https:\/\/loja.emmersonstudio.com.br\/home\/wp-content\/uploads\/2024\/11\/portal-8083.jpg","width":800,"height":699},{"@type":"BreadcrumbList","@id":"https:\/\/loja.emmersonstudio.com.br\/home\/produto\/portal-noticias-automaticas-news-trend-cod-8083\/#breadcrumb","itemListElement":[{"@type":"ListItem","position":1,"name":"Home","item":"https:\/\/loja.emmersonstudio.com.br\/home\/"},{"@type":"ListItem","position":2,"name":"Loja","item":"https:\/\/loja.emmersonstudio.com.br\/home\/loja\/"},{"@type":"ListItem","position":3,"name":"Portal Noticias Autom\u00e1ticas News Trend &#8211; COD-8083"}]},{"@type":"WebSite","@id":"https:\/\/loja.emmersonstudio.com.br\/home\/#website","url":"https:\/\/loja.emmersonstudio.com.br\/home\/","name":"LOJA DOS SCRIPTS","description":"","publisher":{"@id":"https:\/\/loja.emmersonstudio.com.br\/home\/#\/schema\/person\/e7a723a212fc0c6c60a0734892d60ac1"},"potentialAction":[{"@type":"SearchAction","target":{"@type":"EntryPoint","urlTemplate":"https:\/\/loja.emmersonstudio.com.br\/home\/?s={search_term_string}"},"query-input":{"@type":"PropertyValueSpecification","valueRequired":true,"valueName":"search_term_string"}}],"inLanguage":"pt-BR"},{"@type":["Person","Organization"],"@id":"https:\/\/loja.emmersonstudio.com.br\/home\/#\/schema\/person\/e7a723a212fc0c6c60a0734892d60ac1","name":"admin","image":{"@type":"ImageObject","inLanguage":"pt-BR","@id":"https:\/\/loja.emmersonstudio.com.br\/home\/#\/schema\/person\/image\/","url":"https:\/\/loja.emmersonstudio.com.br\/home\/wp-content\/uploads\/2023\/10\/Design-sem-nome-2.png","contentUrl":"https:\/\/loja.emmersonstudio.com.br\/home\/wp-content\/uploads\/2023\/10\/Design-sem-nome-2.png","width":512,"height":250,"caption":"admin"},"logo":{"@id":"https:\/\/loja.emmersonstudio.com.br\/home\/#\/schema\/person\/image\/"},"sameAs":["https:\/\/loja.emmersonstudio.com.br\/home"]}]}},"_links":{"self":[{"href":"https:\/\/loja.emmersonstudio.com.br\/home\/wp-json\/wp\/v2\/product\/3262","targetHints":{"allow":["GET"]}}],"collection":[{"href":"https:\/\/loja.emmersonstudio.com.br\/home\/wp-json\/wp\/v2\/product"}],"about":[{"href":"https:\/\/loja.emmersonstudio.com.br\/home\/wp-json\/wp\/v2\/types\/product"}],"wp:featuredmedia":[{"embeddable":true,"href":"https:\/\/loja.emmersonstudio.com.br\/home\/wp-json\/wp\/v2\/media\/2562"}],"wp:attachment":[{"href":"https:\/\/loja.emmersonstudio.com.br\/home\/wp-json\/wp\/v2\/media?parent=3262"}],"wp:term":[{"taxonomy":"product_cat","embeddable":true,"href":"https:\/\/loja.emmersonstudio.com.br\/home\/wp-json\/wp\/v2\/product_cat?post=3262"},{"taxonomy":"product_tag","embeddable":true,"href":"https:\/\/loja.emmersonstudio.com.br\/home\/wp-json\/wp\/v2\/product_tag?post=3262"}],"curies":[{"name":"wp","href":"https:\/\/api.w.org\/{rel}","templated":true}]}}